{"id":720127,"date":"2025-08-27T18:32:12","date_gmt":"2025-08-27T15:32:12","guid":{"rendered":"https:\/\/roveyayinevi.com.tr\/index.php\/urun\/yuan-huanin-kulubesi\/"},"modified":"2026-04-16T02:28:00","modified_gmt":"2026-04-15T23:28:00","slug":"yuan-huanin-kulubesi","status":"publish","type":"product","link":"https:\/\/roveyayinevi.com.tr\/index.php\/urun\/yuan-huanin-kulubesi\/","title":{"rendered":"Yuan Huan&#8217;\u0131n Kul\u00fcbesi"},"content":{"rendered":"<p>D\u00fcnya en b\u00fcy\u00fck hik\u00e2yedir ve yaz\u0131lmaya devam etmektedir!Ezber bozan kalemiyle \u00e7ocuk ve gen\u00e7lik edebiyat\u0131m\u0131za pek \u00e7ok yenilik\u00e7i eser kazand\u0131ran Miyase Sertbarut\u2019un, okumaya mesafeli duran \u00e7ocuklardan esinlenerek yazd\u0131\u011f\u0131 Yuan Huan\u2019\u0131n Kul\u00fcbesi, be\u015f mucizevi hik\u00e2yeyi dikkat \u00e7ekici bir \u00fcst kurguyla birle\u015ftiren, merak uyand\u0131r\u0131c\u0131 bir roman.Ba\u015fta kitaplar\u0131n renkli d\u00fcnyas\u0131na \u0131s\u0131namayanlar olmak \u00fczere, 9 ya\u015f\u0131n\u0131 a\u015fm\u0131\u015f her ya\u015ftan okurunu g\u00f6z\u00fc pek bir hik\u00e2ye avc\u0131s\u0131na d\u00f6n\u00fc\u015ft\u00fcrmeyi vadeden bu heyecan dolu ser\u00fcven; yerel ile evrenseli, geleneksel ile dijitali bir araya getirerek, zaman\u0131 ve mek\u00e2n\u0131 geni\u015fleten, enfes bir anlat\u0131m sunuyor.\u201cHerkesin bir hik\u00e2yesi vard\u0131r,\u201d d\u00fc\u015f\u00fcncesi izle\u011finde, \u00e7ocuklar\u0131 ele\u015ftirel okumaya y\u00f6nlendiren Yuan Huan\u2019\u0131n Kul\u00fcbesi; hik\u00e2yelerin \u00f6l\u00fcms\u00fczl\u00fc\u011f\u00fcne vurgu yaparak, aslolan\u0131n onlar\u0131 aktarma y\u00f6ntemlerini \u00e7e\u015fitlendirmek ve gelece\u011fe ta\u015f\u0131mak oldu\u011funu savunuyor.\u0130lhami, oyun olsun diye girdi\u011fi bir telefon kul\u00fcbesinin ahizesinden tuhaf hik\u00e2yeler dinlemeye ba\u015flar. Ge\u00e7mi\u015f ile bug\u00fcn aras\u0131nda s\u0131k\u0131\u015f\u0131p kalan i\u015f\u00e7i \u00e7ocuklar\u0131n, parmakl\u0131klar ard\u0131nda b\u00fcy\u00fcyen \u00e7ocuklar\u0131n, hatta okula gitmek istedikleri halde gidemeyen \u00e7ocuklar\u0131n gizemli hayatlar\u0131na tan\u0131kl\u0131k eden kahraman\u0131m\u0131z\u0131n akl\u0131na parlak bir fikir gelir. Dinledi\u011fi hik\u00e2yeleri T\u00fcrk\u00e7e \u00f6devi i\u00e7in kullanacakt\u0131r. Kitap okumay\u0131 sevmeyen \u0130lhami i\u00e7in i\u015fler yoluna girmi\u015f gibidir. Ancak unuttu\u011fu \u00f6nemli bir ayr\u0131nt\u0131 vard\u0131r. Ya okudu\u011fu kitab\u0131 okula getirmesini isteseler? Peki, ad\u0131n\u0131 Yuan Huan olarak uydurdu\u011fu \u00c7inli bir yazar ger\u00e7ekte var m\u0131d\u0131r? Bant kayd\u0131 sand\u0131\u011f\u0131 sesin ard\u0131nda yatan s\u0131r nedir? \u0130lhami\u2019nin zihni son hik\u00e2yeye kadar karmakar\u0131\u015f\u0131kt\u0131r. Yoksa, anlatt\u0131\u011f\u0131 yalanlara art\u0131k kendi de mi inanmaktad\u0131r?..\u0130\u00e7indeki gizli hik\u00e2yeciyi, \u00c7inli yazar Yuan Huan\u2019a atfetti\u011fi ters k\u00f6\u015fe hik\u00e2yeler ile a\u00e7\u0131\u011fa \u00e7\u0131karan Miyase Sertbarut, \u0130lhami\u2019yi ve dolayl\u0131 olarak b\u00fct\u00fcn okurlar\u0131n\u0131 esrarengiz bir edebiyat evrenine konuk ederek, benzersiz bir kitap deneyimi ya\u015fat\u0131yor.\u00c7ok katmanl\u0131 metnini daha da derinle\u015ftirmek ad\u0131na aralara gizem tohumlar\u0131 serpi\u015ftirmekten kendini al\u0131koyamayan yazar, Yuan Huan&#8217;\u0131n Kul\u00fcbesi&#8217;nde yan\u0131t\u0131n\u0131 arad\u0131\u011f\u0131 cevaps\u0131z sorular\u0131yla okurunun kitapla olan etkile\u015fimini artt\u0131r\u0131yor ve geni\u015f geni\u015f d\u00fc\u015f\u00fcnd\u00fcr\u00fcyor.<\/p>\n","protected":false},"excerpt":{"rendered":"<p>D\u00fcnya en b\u00fcy\u00fck hik\u00e2yedir ve yaz\u0131lmaya devam etmektedir!Ezber bozan kalemiyle \u00e7ocuk ve gen\u00e7lik edebiyat\u0131m\u0131za pek \u00e7ok yenilik\u00e7i eser kazand\u0131ran Miyase Sertbarut\u2019un, okumaya mesafeli duran \u00e7ocuklardan esinlenerek<span class=\"excerpt-hellip\"> [\u2026]<\/span><\/p>\n","protected":false},"featured_media":0,"template":"","meta":{"_monsterinsights_skip_tracking":false,"_monsterinsights_sitenote_active":false,"_monsterinsights_sitenote_note":"","_monsterinsights_sitenote_category":0},"product_brand":[],"product_cat":[12274,12284],"product_tag":[],"class_list":{"0":"post-720127","1":"product","2":"type-product","3":"status-publish","5":"product_cat-cocuk-ve-genclik-kitaplari","6":"product_cat-hikayeler","7":"pa_cilt-ciltsiz","8":"pa_tur-kitap","9":"pa_yayinevi-tudem-yayinlari","10":"pa_yazar-miyase-sertbarut","12":"first","13":"instock","14":"sale","15":"shipping-taxable","16":"purchasable","17":"product-type-simple"},"_links":{"self":[{"href":"https:\/\/roveyayinevi.com.tr\/index.php\/wp-json\/wp\/v2\/product\/720127","targetHints":{"allow":["GET"]}}],"collection":[{"href":"https:\/\/roveyayinevi.com.tr\/index.php\/wp-json\/wp\/v2\/product"}],"about":[{"href":"https:\/\/roveyayinevi.com.tr\/index.php\/wp-json\/wp\/v2\/types\/product"}],"wp:attachment":[{"href":"https:\/\/roveyayinevi.com.tr\/index.php\/wp-json\/wp\/v2\/media?parent=720127"}],"wp:term":[{"taxonomy":"product_brand","embeddable":true,"href":"https:\/\/roveyayinevi.com.tr\/index.php\/wp-json\/wp\/v2\/product_brand?post=720127"},{"taxonomy":"product_cat","embeddable":true,"href":"https:\/\/roveyayinevi.com.tr\/index.php\/wp-json\/wp\/v2\/product_cat?post=720127"},{"taxonomy":"product_tag","embeddable":true,"href":"https:\/\/roveyayinevi.com.tr\/index.php\/wp-json\/wp\/v2\/product_tag?post=720127"}],"curies":[{"name":"wp","href":"https:\/\/api.w.org\/{rel}","templated":true}]}}