{"id":720126,"date":"2025-08-27T18:32:11","date_gmt":"2025-08-27T15:32:11","guid":{"rendered":"https:\/\/roveyayinevi.com.tr\/index.php\/urun\/yaklasik-olarak-dogru\/"},"modified":"2026-04-16T02:28:00","modified_gmt":"2026-04-15T23:28:00","slug":"yaklasik-olarak-dogru","status":"publish","type":"product","link":"https:\/\/roveyayinevi.com.tr\/index.php\/urun\/yaklasik-olarak-dogru\/","title":{"rendered":"Yakla\u015f\u0131k Olarak Do\u011fru"},"content":{"rendered":"<p>Yakla\u015f\u0131k Olarak Do\u011fru yaln\u0131zca paradan ve rakamlardan s\u00f6z eden bir i\u015f kitab\u0131 de\u011fil. Ba\u015far\u0131l\u0131 bir i\u015fletmeyi, birtak\u0131m temel de\u011ferlere sahip olup bunlar\u0131 kullanarak, devaml\u0131 daha ileri gitmeye odaklan\u0131rken motive edici bir kurum yap\u0131s\u0131 olu\u015fturarak ve rakamlar\u0131 herkesin anlayabilece\u011fi kadar basit tutarak nas\u0131l in\u015fa edebilece\u011finizi anlatan bir kitap. Ne t\u00fcr bir i\u015fletmeye sahip olursan\u0131z olun, i\u015finiz ne olursa olsun, Yakla\u015f\u0131k Olarak Do\u011fru yard\u0131m\u0131n\u0131za ko\u015fmak i\u00e7in burada.Bu kitap \u201cyakla\u015f\u0131k olarak\u201d de\u011fil, \u201ckesin olarak do\u011fru\u201ddur. Carl-Henric Svanberg, Bp ve AB Volvo\u2019nun Ba\u015fkan\u0131, Ericsson ve Assa Abloy\u2019un eski CEO\u2019su.Basit \u00e7\u00f6z\u00fcmler genellikle en iyi \u00e7\u00f6z\u00fcmlerdir. Zor olan, yaln\u0131zca bu ger\u00e7e\u011fin fark\u0131na varmak de\u011fil bunu daha da ileri ta\u015f\u0131y\u0131p hem g\u00fcnl\u00fck hayatta hem de \u00f6nemli kararlar vermeniz gerekti\u011finde temel de\u011ferlerinizden do\u011fan basit \u00e7\u00f6z\u00fcmleri se\u00e7ecek cesarete sahip olmakt\u0131r. Bunun i\u00e7in kullan\u0131m\u0131 kolay y\u00f6netim ara\u00e7lar\u0131 ve herkesin anlay\u0131p sorumlulu\u011funu alabilece\u011fi finansal raporlamalar  gerekmektedir.B\u00f6yle bir durum s\u00f6z konusu oldu\u011funda \u00e7ok g\u00fc\u00e7l\u00fc bir \u015fey ortaya \u00e7\u0131kar; Securitas da bunun \u00f6rneklerinden biridir. Yakla\u015f\u0131k Olarak Do\u011fru bunun nas\u0131l yap\u0131labilece\u011fini olduk\u00e7a somut bir \u015fekilde g\u00f6steriyor. Thomas Berglund, Pan Avrupa men\u015feili sa\u011fl\u0131k \u015firketi Capio\u2019nun CEO\u2019su, Securitas eski CEO\u2019su (1993-2007).G\u00fczel bir fikrin modas\u0131n\u0131n asla ge\u00e7meyece\u011fi s\u00f6ylenir. Ger\u00e7ekten g\u00fczel bir fikrinse y\u0131llar i\u00e7inde daha da g\u00fczel bir hal ald\u0131\u011f\u0131n\u0131 s\u00f6yleyebilirim. Bu kitap, bunun iyi bir \u00f6rne\u011fidir. Alf G\u00f6ransson, Securitas eski CEO\u2019su (2007-2018), Kuzey Avrupa\u2019n\u0131n \u00f6nde gelen in\u015faat firmalar\u0131ndan NCC\u2019nin eski CEO\u2019su.Bu kitab\u0131, hen\u00fcz i\u015fletme y\u00fcksek lisans\u0131m\u0131 bitirip kafam\u0131 \u00e7e\u015fitli karma\u015f\u0131k y\u00f6netim teorileriyle doldurmam\u0131\u015fken yirmi ya\u015f\u0131nda okumu\u015f olmal\u0131yd\u0131m. Size kariyeriniz boyunca defalarca ba\u015fvurabilece\u011finiz birtak\u0131m \u00f6nemli kurallar\u0131 sunmas\u0131n\u0131n yan\u0131 s\u0131ra, de\u011ferler ve rakamlar aras\u0131ndaki ba\u011f\u0131 anla\u015f\u0131l\u0131r bir dille aktard\u0131\u011f\u0131n\u0131 g\u00f6rd\u00fc\u011f\u00fcm ilk kitap. Lars Mattsson, Solberg Ba\u015fdan\u0131\u015fman\u0131 ve Halkla \u0130li\u015fkiler Direkt\u00f6r\u00fc, eski bir i\u015f hayat\u0131 muhabiri.<\/p>\n","protected":false},"excerpt":{"rendered":"<p>Yakla\u015f\u0131k Olarak Do\u011fru yaln\u0131zca paradan ve rakamlardan s\u00f6z eden bir i\u015f kitab\u0131 de\u011fil. Ba\u015far\u0131l\u0131 bir i\u015fletmeyi, birtak\u0131m temel de\u011ferlere sahip olup bunlar\u0131 kullanarak, devaml\u0131 daha ileri<span class=\"excerpt-hellip\"> [\u2026]<\/span><\/p>\n","protected":false},"featured_media":0,"template":"","meta":{"_monsterinsights_skip_tracking":false,"_monsterinsights_sitenote_active":false,"_monsterinsights_sitenote_note":"","_monsterinsights_sitenote_category":0},"product_brand":[],"product_cat":[13043,17647],"product_tag":[],"class_list":{"0":"post-720126","1":"product","2":"type-product","3":"status-publish","5":"product_cat-ekonomi","6":"product_cat-is-dunyasi","7":"pa_cilt-ciltsiz","8":"pa_tur-kitap","9":"pa_yayinevi-bilgi-yayinevi","10":"pa_yazar-hakan-winberg","12":"first","13":"instock","14":"sale","15":"shipping-taxable","16":"purchasable","17":"product-type-simple"},"_links":{"self":[{"href":"https:\/\/roveyayinevi.com.tr\/index.php\/wp-json\/wp\/v2\/product\/720126","targetHints":{"allow":["GET"]}}],"collection":[{"href":"https:\/\/roveyayinevi.com.tr\/index.php\/wp-json\/wp\/v2\/product"}],"about":[{"href":"https:\/\/roveyayinevi.com.tr\/index.php\/wp-json\/wp\/v2\/types\/product"}],"wp:attachment":[{"href":"https:\/\/roveyayinevi.com.tr\/index.php\/wp-json\/wp\/v2\/media?parent=720126"}],"wp:term":[{"taxonomy":"product_brand","embeddable":true,"href":"https:\/\/roveyayinevi.com.tr\/index.php\/wp-json\/wp\/v2\/product_brand?post=720126"},{"taxonomy":"product_cat","embeddable":true,"href":"https:\/\/roveyayinevi.com.tr\/index.php\/wp-json\/wp\/v2\/product_cat?post=720126"},{"taxonomy":"product_tag","embeddable":true,"href":"https:\/\/roveyayinevi.com.tr\/index.php\/wp-json\/wp\/v2\/product_tag?post=720126"}],"curies":[{"name":"wp","href":"https:\/\/api.w.org\/{rel}","templated":true}]}}