{"id":720125,"date":"2025-08-27T18:32:10","date_gmt":"2025-08-27T15:32:10","guid":{"rendered":"https:\/\/roveyayinevi.com.tr\/index.php\/urun\/isyeri-mitleri\/"},"modified":"2026-04-16T02:28:00","modified_gmt":"2026-04-15T23:28:00","slug":"isyeri-mitleri","status":"publish","type":"product","link":"https:\/\/roveyayinevi.com.tr\/index.php\/urun\/isyeri-mitleri\/","title":{"rendered":"\u0130\u015fyeri Mitleri"},"content":{"rendered":"<p>Masa tenisi masas\u0131 sat\u0131n almak personelinizi daha mutlu k\u0131lacakt\u0131r. G\u00fcnde sekiz saat, haftada be\u015f g\u00fcn \u00e7al\u0131\u015fmak, en y\u00fcksek verimle sonu\u00e7lanacakt\u0131r. Daha y\u00fcksek maa\u015flar \u00f6demek her zaman daha y\u00fcksek motivasyona neden olacakt\u0131r.Peki bunlar ger\u00e7ekten olacak m\u0131?\u0130\u015fyerinde bol miktarda mitler, kli\u015feler ve g\u00fcncel kurallar vard\u0131r. Bu, kariyerinizden, ekibinizden ve organizasyonunuzdan en iyi \u015fekilde nas\u0131l yararlanaca\u011f\u0131n\u0131z\u0131 ger\u00e7ekten bilmenin imk\u00e2ns\u0131z olmas\u0131n\u0131 sa\u011flayabilir. \u0130\u015fyeri Mitleri\u2019nde, Ian MacRae ve Adrian Furnham, modern bir ortamda daha iyi bir y\u00f6netici olman\u0131z i\u00e7in gereken bilgileri aktar\u0131rken, i\u015f hayat\u0131m\u0131zla ilgili en yayg\u0131n efsanelere e\u011flenceli ve kan\u0131ta dayal\u0131 bir bak\u0131\u015f a\u00e7\u0131s\u0131 sunmaktad\u0131r. Kitapta d\u00fcnyan\u0131n d\u00f6rt bir yan\u0131ndaki organizasyonlardan etkileyici \u00f6rnek olay incelemeleri ve mitler (ve bunlar\u0131n \u00fcstesinden nas\u0131l gelece\u011finiz) yer almaktad\u0131r. \u0130\u015fyeri Mitleri, i\u015f ve psikoloji alan\u0131nda en g\u00fcncel akademik ara\u015ft\u0131rmalardan faydalanarak, pratik bilgilerle, daha iyi ayd\u0131nlanm\u0131\u015f bir y\u00f6netici olma yolunda en \u00f6nemli rehberinizi olu\u015fturmaktad\u0131r.<\/p>\n","protected":false},"excerpt":{"rendered":"<p>Masa tenisi masas\u0131 sat\u0131n almak personelinizi daha mutlu k\u0131lacakt\u0131r. G\u00fcnde sekiz saat, haftada be\u015f g\u00fcn \u00e7al\u0131\u015fmak, en y\u00fcksek verimle sonu\u00e7lanacakt\u0131r. Daha y\u00fcksek maa\u015flar \u00f6demek her zaman<span class=\"excerpt-hellip\"> [\u2026]<\/span><\/p>\n","protected":false},"featured_media":0,"template":"","meta":{"_monsterinsights_skip_tracking":false,"_monsterinsights_sitenote_active":false,"_monsterinsights_sitenote_note":"","_monsterinsights_sitenote_category":0},"product_brand":[],"product_cat":[13043,17647],"product_tag":[],"class_list":{"0":"post-720125","1":"product","2":"type-product","3":"status-publish","5":"product_cat-ekonomi","6":"product_cat-is-dunyasi","7":"pa_cilt-ciltsiz","8":"pa_tur-kitap","9":"pa_yayinevi-bilgi-yayinevi","10":"pa_yazar-ian-macrae-adrian-furnham","12":"first","13":"instock","14":"sale","15":"shipping-taxable","16":"purchasable","17":"product-type-simple"},"_links":{"self":[{"href":"https:\/\/roveyayinevi.com.tr\/index.php\/wp-json\/wp\/v2\/product\/720125","targetHints":{"allow":["GET"]}}],"collection":[{"href":"https:\/\/roveyayinevi.com.tr\/index.php\/wp-json\/wp\/v2\/product"}],"about":[{"href":"https:\/\/roveyayinevi.com.tr\/index.php\/wp-json\/wp\/v2\/types\/product"}],"wp:attachment":[{"href":"https:\/\/roveyayinevi.com.tr\/index.php\/wp-json\/wp\/v2\/media?parent=720125"}],"wp:term":[{"taxonomy":"product_brand","embeddable":true,"href":"https:\/\/roveyayinevi.com.tr\/index.php\/wp-json\/wp\/v2\/product_brand?post=720125"},{"taxonomy":"product_cat","embeddable":true,"href":"https:\/\/roveyayinevi.com.tr\/index.php\/wp-json\/wp\/v2\/product_cat?post=720125"},{"taxonomy":"product_tag","embeddable":true,"href":"https:\/\/roveyayinevi.com.tr\/index.php\/wp-json\/wp\/v2\/product_tag?post=720125"}],"curies":[{"name":"wp","href":"https:\/\/api.w.org\/{rel}","templated":true}]}}