{"id":720123,"date":"2025-08-27T18:32:09","date_gmt":"2025-08-27T15:32:09","guid":{"rendered":"https:\/\/roveyayinevi.com.tr\/index.php\/urun\/cocuklarimizla-itismeyelim-iletiselim\/"},"modified":"2026-04-16T02:28:00","modified_gmt":"2026-04-15T23:28:00","slug":"cocuklarimizla-itismeyelim-iletiselim","status":"publish","type":"product","link":"https:\/\/roveyayinevi.com.tr\/index.php\/urun\/cocuklarimizla-itismeyelim-iletiselim\/","title":{"rendered":"\u00c7ocuklar\u0131m\u0131zla \u0130ti\u015fmeyelim \u0130leti\u015felim"},"content":{"rendered":"<p>HaticeK\u00fcbraTongar&#8217;danMutluAilelere! Kavgas\u0131zG\u00fcr\u00fclt\u00fcs\u00fczBir Aile Ortam\u0131\u0130\u00e7in Do\u011fru\u0130leti\u015fimTeknikleri &#8211; 1 Bebekler do\u011far, b\u00fcy\u00fcr ve konu\u015fmaya ba\u015flar!   \u2018Di\u015fimi f\u0131r\u00e7alam\u0131cammm\u2019 der! \u2018\u00d6devimiyapm\u0131caamm!\u2019 der!   \u2018Yaln\u0131zba\u015f\u0131mauyum\u0131cammm!\u2019 der.   \u2018O yeme\u011fiyemicemmm!\u2019 der.   \u2018Okulagitmicemmm!\u2019 der.   \u2018Beni hi\u00e7anlam\u0131yorsunuz!\u2019 der.   Peki\u00e7ocuklar\u0131n bu c\u00fcmlelerine kar\u015f\u0131l\u0131k ana babalar neler s\u00f6yler? Ba\u011f\u0131rmayan Anneler  kitab\u0131n\u0131n yazar\u0131 Hatice K\u00fcbra Tongar, 0-18 ya\u015faras\u0131  Ba\u011f\u0131rmayan Anneler  kitab\u0131n\u0131n yazar\u0131 Hatice K\u00fcbra Tongar, 0-18 ya\u015faras\u0131 \u00e7ocuklar\u0131n s\u0131kl\u0131kla kurdu\u011fu kriz c\u00fcmlelerine do\u011fru ileti\u015fim teknikleriyle \u00e7\u00f6z\u00fcm \u00f6nerileri sunuyor. Aile i\u00e7i krizler yerini huzur ve s\u00fck\u00fbnete b\u0131rak\u0131yor. <\/p>\n","protected":false},"excerpt":{"rendered":"<p>HaticeK\u00fcbraTongar&#8217;danMutluAilelere! Kavgas\u0131zG\u00fcr\u00fclt\u00fcs\u00fczBir Aile Ortam\u0131\u0130\u00e7in Do\u011fru\u0130leti\u015fimTeknikleri &#8211; 1 Bebekler do\u011far, b\u00fcy\u00fcr ve konu\u015fmaya ba\u015flar! \u2018Di\u015fimi f\u0131r\u00e7alam\u0131cammm\u2019 der! \u2018\u00d6devimiyapm\u0131caamm!\u2019 der! \u2018Yaln\u0131zba\u015f\u0131mauyum\u0131cammm!\u2019 der. \u2018O yeme\u011fiyemicemmm!\u2019 der. \u2018Okulagitmicemmm!\u2019 der. \u2018Beni<span class=\"excerpt-hellip\"> [\u2026]<\/span><\/p>\n","protected":false},"featured_media":0,"template":"","meta":{"_monsterinsights_skip_tracking":false,"_monsterinsights_sitenote_active":false,"_monsterinsights_sitenote_note":"","_monsterinsights_sitenote_category":0},"product_brand":[],"product_cat":[12679,12357],"product_tag":[],"class_list":{"0":"post-720123","1":"product","2":"type-product","3":"status-publish","5":"product_cat-cocuk-psikolojisi","6":"product_cat-psikoloji","7":"pa_cilt-ciltsiz","8":"pa_tur-kitap","9":"pa_yayinevi-hayykitap","10":"pa_yazar-hatice-kubra-tongar","12":"first","13":"instock","14":"sale","15":"shipping-taxable","16":"purchasable","17":"product-type-simple"},"_links":{"self":[{"href":"https:\/\/roveyayinevi.com.tr\/index.php\/wp-json\/wp\/v2\/product\/720123","targetHints":{"allow":["GET"]}}],"collection":[{"href":"https:\/\/roveyayinevi.com.tr\/index.php\/wp-json\/wp\/v2\/product"}],"about":[{"href":"https:\/\/roveyayinevi.com.tr\/index.php\/wp-json\/wp\/v2\/types\/product"}],"wp:attachment":[{"href":"https:\/\/roveyayinevi.com.tr\/index.php\/wp-json\/wp\/v2\/media?parent=720123"}],"wp:term":[{"taxonomy":"product_brand","embeddable":true,"href":"https:\/\/roveyayinevi.com.tr\/index.php\/wp-json\/wp\/v2\/product_brand?post=720123"},{"taxonomy":"product_cat","embeddable":true,"href":"https:\/\/roveyayinevi.com.tr\/index.php\/wp-json\/wp\/v2\/product_cat?post=720123"},{"taxonomy":"product_tag","embeddable":true,"href":"https:\/\/roveyayinevi.com.tr\/index.php\/wp-json\/wp\/v2\/product_tag?post=720123"}],"curies":[{"name":"wp","href":"https:\/\/api.w.org\/{rel}","templated":true}]}}