{"id":720121,"date":"2025-08-27T18:32:08","date_gmt":"2025-08-27T15:32:08","guid":{"rendered":"https:\/\/roveyayinevi.com.tr\/index.php\/urun\/crux-guncelle\/"},"modified":"2026-04-16T02:28:00","modified_gmt":"2026-04-15T23:28:00","slug":"crux-guncelle","status":"publish","type":"product","link":"https:\/\/roveyayinevi.com.tr\/index.php\/urun\/crux-guncelle\/","title":{"rendered":"Crux &#8211; G\u00fcncelle"},"content":{"rendered":"<p>Nexus 5\u2019in t\u00fcm d\u00fcnyaya da\u011f\u0131lmas\u0131n\u0131n \u00fczerinden alt\u0131 ay ge\u00e7mi\u015ftir. D\u00fcnya art\u0131k farkl\u0131 ve daha tehlikeli bir yerdir. Birle\u015fik Devletler\u2019de \u0130nsan \u00d6tesi Kurtulu\u015f Cephesi adl\u0131 \u00f6rg\u00fctele ge\u00e7irdi\u011fi insanlar\u0131, Nexus\u2019ukullanarak Ba\u015fkan\u2019a ve destek\u00e7ilerine suikastlar d\u00fczenlemek i\u00e7in birer saatli bombaya d\u00f6n\u00fc\u015ft\u00fcrmektedir. Ayn\u0131 zamanda gizli bir Nexus ba\u011f\u0131ml\u0131s\u0131 olan bir bilim insan\u0131, bilmek istedi\u011finden \u00e7ok daha fazlas\u0131n\u0131 \u00f6\u011frenir. Suikast\u00e7\u0131lar\u0131n ard\u0131ndaki g\u00fcc\u00fc ke\u015ffeder ve kendini i\u00e7inden \u00e7\u0131k\u0131lmaz bir labirentte bulur. Beyninde Nexus ile do\u011fan bir grup \u00e7ocu\u011fun aras\u0131nda ya\u015fayan SamanthaCataranes, Taylan\u2019da huzurlu ve mutludur. Ancak yeni ailesi da\u011f\u0131lma tehlikesiyle kar\u015f\u0131 kar\u015f\u0131ya kal\u0131nca, Sam sevdiklerini korumak amac\u0131yla her \u015feyi g\u00f6ze al\u0131r. Vietnam\u2019daki Kade ve Feng ise, CIA taraf\u0131ndan Kade\u2019in ba\u015f\u0131na konan \u00f6d\u00fcl\u00fc kazanmak \u00fczere pe\u015flerine d\u00fc\u015fen avc\u0131lardan ka\u00e7mak i\u00e7in yola koyulur. Kade, insan ve insan \u00f6tesi aras\u0131nda k\u00fcresel bir sava\u015f ba\u015flatmadan \u00f6nce Nexus\u2019u k\u00f6t\u00fc niyetle kullanan ter\u00f6ristleri durdurmas\u0131 gerekti\u011finin fark\u0131ndad\u0131r. Ancak bunu ba\u015farabilmek i\u00e7in pe\u015fine d\u00fc\u015fenlerden daima bir ad\u0131m \u00f6nde olmal\u0131d\u0131r. \u015eangay\u2019daysa LingShu ismindeki insan \u00f6tesi bir \u00e7ocuk, annesini \u00c7inli otoritelerin elinden kurtarabilmek i\u00e7in b\u00fcy\u00fck bir felakete neden olmaya haz\u0131rd\u0131r. \u0130nsan ve insan \u00f6tesi aras\u0131nda ya\u015fanacak sava\u015f\u0131n fitili ate\u015flenmi\u015ftir. D\u00fcnya art\u0131k kesinlikle eskisi gibi olmayacakt\u0131r!<\/p>\n","protected":false},"excerpt":{"rendered":"<p>Nexus 5\u2019in t\u00fcm d\u00fcnyaya da\u011f\u0131lmas\u0131n\u0131n \u00fczerinden alt\u0131 ay ge\u00e7mi\u015ftir. D\u00fcnya art\u0131k farkl\u0131 ve daha tehlikeli bir yerdir. Birle\u015fik Devletler\u2019de \u0130nsan \u00d6tesi Kurtulu\u015f Cephesi adl\u0131 \u00f6rg\u00fctele ge\u00e7irdi\u011fi<span class=\"excerpt-hellip\"> [\u2026]<\/span><\/p>\n","protected":false},"featured_media":0,"template":"","meta":{"_monsterinsights_skip_tracking":false,"_monsterinsights_sitenote_active":false,"_monsterinsights_sitenote_note":"","_monsterinsights_sitenote_category":0},"product_brand":[],"product_cat":[12291,15445],"product_tag":[],"class_list":{"0":"post-720121","1":"product","2":"type-product","3":"status-publish","5":"product_cat-edebiyat","6":"product_cat-polisiye","7":"pa_cilt-ciltsiz","8":"pa_tur-kitap","9":"pa_yayinevi-panama-yayincilik","10":"pa_yazar-ramez-naam","12":"first","13":"instock","14":"sale","15":"shipping-taxable","16":"purchasable","17":"product-type-simple"},"_links":{"self":[{"href":"https:\/\/roveyayinevi.com.tr\/index.php\/wp-json\/wp\/v2\/product\/720121","targetHints":{"allow":["GET"]}}],"collection":[{"href":"https:\/\/roveyayinevi.com.tr\/index.php\/wp-json\/wp\/v2\/product"}],"about":[{"href":"https:\/\/roveyayinevi.com.tr\/index.php\/wp-json\/wp\/v2\/types\/product"}],"wp:attachment":[{"href":"https:\/\/roveyayinevi.com.tr\/index.php\/wp-json\/wp\/v2\/media?parent=720121"}],"wp:term":[{"taxonomy":"product_brand","embeddable":true,"href":"https:\/\/roveyayinevi.com.tr\/index.php\/wp-json\/wp\/v2\/product_brand?post=720121"},{"taxonomy":"product_cat","embeddable":true,"href":"https:\/\/roveyayinevi.com.tr\/index.php\/wp-json\/wp\/v2\/product_cat?post=720121"},{"taxonomy":"product_tag","embeddable":true,"href":"https:\/\/roveyayinevi.com.tr\/index.php\/wp-json\/wp\/v2\/product_tag?post=720121"}],"curies":[{"name":"wp","href":"https:\/\/api.w.org\/{rel}","templated":true}]}}