{"id":720117,"date":"2025-08-27T18:32:05","date_gmt":"2025-08-27T15:32:05","guid":{"rendered":"https:\/\/roveyayinevi.com.tr\/index.php\/urun\/kesfediyorum-yagmur-ormanlari\/"},"modified":"2026-04-16T02:28:00","modified_gmt":"2026-04-15T23:28:00","slug":"kesfediyorum-yagmur-ormanlari","status":"publish","type":"product","link":"https:\/\/roveyayinevi.com.tr\/index.php\/urun\/kesfediyorum-yagmur-ormanlari\/","title":{"rendered":"Ke\u015ffediyorum &#8211; Ya\u011fmur Ormanlar\u0131"},"content":{"rendered":"<p>Ayr\u0131nt\u0131l\u0131, rengarenk resimlerle ve basit, e\u011flenceli ve bilgilendirici metinlerle dolu kitapta gen\u00e7 okurlar, ya\u011fmur ormanlar\u0131n\u0131n hayvanlar\u0131yla, bitkileriyle ve kabileleriyle tan\u0131\u015f\u0131yor.Her ba\u015fl\u0131kta \u201cBunlar\u0131 bulabilir misin?\u201d etkinlikleri&#8230; Orman\u0131n y\u00fckseklerinde ya\u015fayan ku\u015flar\u0131 ve derinlerinde avlanan b\u00f6cekleri, memelileri, s\u00fcr\u00fcngenleri ve \u00e7ok daha fazlas\u0131n\u0131 ke\u015ffetmeye haz\u0131r m\u0131s\u0131n?<\/p>\n","protected":false},"excerpt":{"rendered":"<p>Ayr\u0131nt\u0131l\u0131, rengarenk resimlerle ve basit, e\u011flenceli ve bilgilendirici metinlerle dolu kitapta gen\u00e7 okurlar, ya\u011fmur ormanlar\u0131n\u0131n hayvanlar\u0131yla, bitkileriyle ve kabileleriyle tan\u0131\u015f\u0131yor.Her ba\u015fl\u0131kta \u201cBunlar\u0131 bulabilir misin?\u201d etkinlikleri&#8230; Orman\u0131n<span class=\"excerpt-hellip\"> [\u2026]<\/span><\/p>\n","protected":false},"featured_media":0,"template":"","meta":{"_monsterinsights_skip_tracking":false,"_monsterinsights_sitenote_active":false,"_monsterinsights_sitenote_note":"","_monsterinsights_sitenote_category":0},"product_brand":[],"product_cat":[12492,12274],"product_tag":[],"class_list":{"0":"post-720117","1":"product","2":"type-product","3":"status-publish","5":"product_cat-bilmece-bulmaca","6":"product_cat-cocuk-ve-genclik-kitaplari","7":"pa_cilt-ciltsiz","8":"pa_tur-kitap","9":"pa_yayinevi-hep-kitap","10":"pa_yazar-nick-pierce","12":"first","13":"instock","14":"sale","15":"shipping-taxable","16":"purchasable","17":"product-type-simple"},"_links":{"self":[{"href":"https:\/\/roveyayinevi.com.tr\/index.php\/wp-json\/wp\/v2\/product\/720117","targetHints":{"allow":["GET"]}}],"collection":[{"href":"https:\/\/roveyayinevi.com.tr\/index.php\/wp-json\/wp\/v2\/product"}],"about":[{"href":"https:\/\/roveyayinevi.com.tr\/index.php\/wp-json\/wp\/v2\/types\/product"}],"wp:attachment":[{"href":"https:\/\/roveyayinevi.com.tr\/index.php\/wp-json\/wp\/v2\/media?parent=720117"}],"wp:term":[{"taxonomy":"product_brand","embeddable":true,"href":"https:\/\/roveyayinevi.com.tr\/index.php\/wp-json\/wp\/v2\/product_brand?post=720117"},{"taxonomy":"product_cat","embeddable":true,"href":"https:\/\/roveyayinevi.com.tr\/index.php\/wp-json\/wp\/v2\/product_cat?post=720117"},{"taxonomy":"product_tag","embeddable":true,"href":"https:\/\/roveyayinevi.com.tr\/index.php\/wp-json\/wp\/v2\/product_tag?post=720117"}],"curies":[{"name":"wp","href":"https:\/\/api.w.org\/{rel}","templated":true}]}}