{"id":720113,"date":"2025-08-27T18:32:02","date_gmt":"2025-08-27T15:32:02","guid":{"rendered":"https:\/\/roveyayinevi.com.tr\/index.php\/urun\/biyopolitika-ve-queer-ciltli\/"},"modified":"2026-04-16T02:28:00","modified_gmt":"2026-04-15T23:28:00","slug":"biyopolitika-ve-queer-ciltli","status":"publish","type":"product","link":"https:\/\/roveyayinevi.com.tr\/index.php\/urun\/biyopolitika-ve-queer-ciltli\/","title":{"rendered":"Biyopolitika ve Queer (Ciltli)"},"content":{"rendered":"<p>1980\u2019lere tarihlenen \u201cAIDS krizi\u201d, tedavisi o s\u0131ralar hen\u00fcz imk\u00e2n d\u00e2hilinde olmayan bu k\u00f6t\u00fcc\u00fcl hastal\u0131\u011f\u0131n yol a\u00e7t\u0131\u011f\u0131 y\u0131k\u0131c\u0131 bir trajediye kar\u015f\u0131l\u0131k gelmiyor yaln\u0131zca. Cinsellik, biyomedikal rejim, ahl\u00e2k, uluslararas\u0131 biyopolitika, \u00f6znellik \u00fcretimi, ekonomi-politik gibi bir dizi yap\u0131sal belirlenime a\u00e7\u0131l\u0131yor. \u0130ktidar ili\u015fkileri ve sermaye ak\u0131mlar\u0131 eliyle, ger\u00e7ekli\u011fin kolektif \u00fcretimine musallat oluyor. Say\u0131s\u0131z k\u00f6pr\u00fcler h\u00e2linde ba\u011flant\u0131lan\u0131yor, ili\u015fiyor, \u00e7atallan\u0131yor, kopuyor ve bir araya gelip da\u011f\u0131l\u0131yor. B\u00fct\u00fcn bu ili\u015fkisel ve viral hareketlili\u011fin merkezinde ise, belki de \u201cba\u011f\u0131\u015f\u0131kl\u0131k\u201d [imm\u00fcnite] fenomeni yat\u0131yor. S\u00f6z konusu fenomen \u00fczerinden \u0131\u015f\u0131k tutulan HIV\/AIDS\u2019in tarihsel yolaklar\u0131, hegemonik oldu\u011fu kadar, \u00f6zg\u00fcrle\u015ftirici ve kesi\u015fimsel ufuklarla da birle\u015fiyor. B\u00f6ylelikle \u201cg\u00fcncelli\u011fin ontolojisi\u201d \u00fczerinden \u00e7a\u011fda\u015fl\u0131\u011f\u0131n yeni bir muhasebesine olanak tan\u0131yor. \u00d6zen B. Demir, HIV\/AIDS sorunsal\u0131n\u0131, ka\u00e7\u0131n\u0131lmaz olarak akrabal\u0131\u011fa a\u00e7\u0131ld\u0131\u011f\u0131 bir dizi \u00e7a\u011fr\u0131\u015f\u0131mla birlikte ele al\u0131rken, konuya ili\u015fkin Bat\u0131 d\u00fcnyas\u0131nda bunca zamanda birikmi\u015f dolgun literat\u00fcr\u00fc de ele\u015ftirel bir dikkatle yokluyor. T\u00fcrk\u00e7e teorik yaz\u0131nda \u015fimdiye dek es ge\u00e7ilmi\u015f, hakk\u0131 hemen hi\u00e7 verilmemi\u015f olan bu konuya ili\u015fkin doyurucu bir entelekt\u00fcel seyahate \u00e7\u0131karken, klinik saha ile de temas\u0131n\u0131 yitirmiyor. \u201cKriz\u201din biyosiyasal izd\u00fc\u015f\u00fcmlerine e\u011filerek, queer anlam ve d\u00fc\u015f\u00fcn evrenine uzanan bir senteze varmaya \u00e7al\u0131\u015f\u0131yor. Say\u0131s\u0131z ismin edeb\u00ee-felsef\u00ee ziyaretg\u00e2h\u0131na u\u011frarken, \u00f6zg\u00fcrl\u00fck\u00e7\u00fc radikal siyaset menzilinde yolunu kaybetmeden ilerlemeye gayret ediyor. O arada bilimsel ve t\u0131bb\u00ee teorideki fay hatlar\u0131n\u0131 somutla\u015ft\u0131rarak, alana ili\u015fkin epistemolojik ve politik rezervlerini de eksik etmiyor. B\u00f6ylece, yazar\u0131n\u0131n \u201cbiyopolitika ufkunda queer \u015fafa\u011f\u0131\u201d olarak i\u015faretleyece\u011fi bir tarihsel moment g\u00f6r\u00fcn\u00fcrl\u00fck kazanm\u0131\u015f oluyor. Bununla, HIV\/AIDS\u2019e ba\u011fl\u0131 nedenlerle ya\u015fam\u0131n\u0131 yitirmi\u015f olanlar ile yak\u0131nlar\u0131na, dahas\u0131 aktivist ve kolektif belle\u011fe sel\u00e2m duran bir reverans da temin ediliyor.\u2018AIDS Krizi: Biyopolitika Ufkunda Queer \u015eafa\u011f\u0131\u2019.<\/p>\n","protected":false},"excerpt":{"rendered":"<p>1980\u2019lere tarihlenen \u201cAIDS krizi\u201d, tedavisi o s\u0131ralar hen\u00fcz imk\u00e2n d\u00e2hilinde olmayan bu k\u00f6t\u00fcc\u00fcl hastal\u0131\u011f\u0131n yol a\u00e7t\u0131\u011f\u0131 y\u0131k\u0131c\u0131 bir trajediye kar\u015f\u0131l\u0131k gelmiyor yaln\u0131zca. Cinsellik, biyomedikal rejim, ahl\u00e2k,<span class=\"excerpt-hellip\"> [\u2026]<\/span><\/p>\n","protected":false},"featured_media":0,"template":"","meta":{"_monsterinsights_skip_tracking":false,"_monsterinsights_sitenote_active":false,"_monsterinsights_sitenote_note":"","_monsterinsights_sitenote_category":0},"product_brand":[],"product_cat":[35288,13365],"product_tag":[],"class_list":{"0":"post-720113","1":"product","2":"type-product","3":"status-publish","5":"product_cat-cinsellik-saglik","6":"product_cat-saglik","7":"pa_cilt-ciltsiz","8":"pa_tur-kitap","9":"pa_yayinevi-nika-yayinevi","10":"pa_yazar-ozen-b-demir-adem-yildirim","12":"first","13":"instock","14":"sale","15":"shipping-taxable","16":"purchasable","17":"product-type-simple"},"_links":{"self":[{"href":"https:\/\/roveyayinevi.com.tr\/index.php\/wp-json\/wp\/v2\/product\/720113","targetHints":{"allow":["GET"]}}],"collection":[{"href":"https:\/\/roveyayinevi.com.tr\/index.php\/wp-json\/wp\/v2\/product"}],"about":[{"href":"https:\/\/roveyayinevi.com.tr\/index.php\/wp-json\/wp\/v2\/types\/product"}],"wp:attachment":[{"href":"https:\/\/roveyayinevi.com.tr\/index.php\/wp-json\/wp\/v2\/media?parent=720113"}],"wp:term":[{"taxonomy":"product_brand","embeddable":true,"href":"https:\/\/roveyayinevi.com.tr\/index.php\/wp-json\/wp\/v2\/product_brand?post=720113"},{"taxonomy":"product_cat","embeddable":true,"href":"https:\/\/roveyayinevi.com.tr\/index.php\/wp-json\/wp\/v2\/product_cat?post=720113"},{"taxonomy":"product_tag","embeddable":true,"href":"https:\/\/roveyayinevi.com.tr\/index.php\/wp-json\/wp\/v2\/product_tag?post=720113"}],"curies":[{"name":"wp","href":"https:\/\/api.w.org\/{rel}","templated":true}]}}