{"id":720112,"date":"2025-08-27T18:32:01","date_gmt":"2025-08-27T15:32:01","guid":{"rendered":"https:\/\/roveyayinevi.com.tr\/index.php\/urun\/basarinin-bilinen-sirlari\/"},"modified":"2026-04-16T02:28:00","modified_gmt":"2026-04-15T23:28:00","slug":"basarinin-bilinen-sirlari","status":"publish","type":"product","link":"https:\/\/roveyayinevi.com.tr\/index.php\/urun\/basarinin-bilinen-sirlari\/","title":{"rendered":"Ba\u015far\u0131n\u0131n Bilinen S\u0131rlar\u0131"},"content":{"rendered":"<p>Kendisine yat\u0131r\u0131m yapmayan ki\u015fi i\u015f hayat\u0131nda ba\u015far\u0131l\u0131 olaca\u011f\u0131n\u0131 d\u00fc\u015f\u00fcn\u00fcyorsa hayal kuruyor demektir.\u0130\u015f ya\u015fam\u0131n\u0131n basamaklar\u0131n\u0131 t\u0131rmanmaya haz\u0131rlananlar ya da basamaklar\u0131n ba\u015f\u0131nda olanlar; \u015fimdiye kadar bildi\u011finiz her \u015feyi unutmaya haz\u0131r m\u0131s\u0131n\u0131z? \u00c7\u00fcnk\u00fc size ba\u015fucunuzdan ay\u0131ramayaca\u011f\u0131n\u0131z bir kitap haz\u0131rlad\u0131k.Laboratuvar olarak g\u00f6rd\u00fc\u011f\u00fc Coca Cola\u2019daki y\u00f6neticilik ser\u00fcvenini Su\u2019dan Cola\u2019ya adl\u0131 kitab\u0131nda anlatan Faik Byrns, bu sefer rotas\u0131n\u0131 gen\u00e7lere \u00e7evirdi. Su satarak ba\u015flad\u0131\u011f\u0131 \u00e7al\u0131\u015fma hayat\u0131n\u0131 \u00fcst y\u00f6netim basamaklar\u0131na ta\u015f\u0131yan Byrns, Ba\u015far\u0131n\u0131n Bilinen S\u0131rlar\u0131\u2019nda \u00e7al\u0131\u015fma hayat\u0131 boyunca yapt\u0131\u011f\u0131 t\u00fcm hatalar\u0131, uygulamalar\u0131 ve deneyimlerini bir araya toplad\u0131.Byrns\u2019e g\u00f6re ba\u015far\u0131l\u0131 bir i\u015f ya\u015fam\u0131 i\u00e7in \u00f6ncelikli olarak yapman\u0131z gereken \u015fey asl\u0131nda \u00e7ok basit; kendinize yat\u0131r\u0131m yapmak\u2026 Sonras\u0131 m\u0131? Sayfalar\u0131n aras\u0131nda\u2026<\/p>\n","protected":false},"excerpt":{"rendered":"<p>Kendisine yat\u0131r\u0131m yapmayan ki\u015fi i\u015f hayat\u0131nda ba\u015far\u0131l\u0131 olaca\u011f\u0131n\u0131 d\u00fc\u015f\u00fcn\u00fcyorsa hayal kuruyor demektir.\u0130\u015f ya\u015fam\u0131n\u0131n basamaklar\u0131n\u0131 t\u0131rmanmaya haz\u0131rlananlar ya da basamaklar\u0131n ba\u015f\u0131nda olanlar; \u015fimdiye kadar bildi\u011finiz her \u015feyi<span class=\"excerpt-hellip\"> [\u2026]<\/span><\/p>\n","protected":false},"featured_media":0,"template":"","meta":{"_monsterinsights_skip_tracking":false,"_monsterinsights_sitenote_active":false,"_monsterinsights_sitenote_note":"","_monsterinsights_sitenote_category":0},"product_brand":[],"product_cat":[13043,19008],"product_tag":[],"class_list":{"0":"post-720112","1":"product","2":"type-product","3":"status-publish","5":"product_cat-ekonomi","6":"product_cat-yonetim","7":"pa_cilt-ciltsiz","8":"pa_tur-kitap","9":"pa_yayinevi-elma-yayinevi","10":"pa_yazar-faik-byrns","12":"first","13":"instock","14":"sale","15":"shipping-taxable","16":"purchasable","17":"product-type-simple"},"_links":{"self":[{"href":"https:\/\/roveyayinevi.com.tr\/index.php\/wp-json\/wp\/v2\/product\/720112","targetHints":{"allow":["GET"]}}],"collection":[{"href":"https:\/\/roveyayinevi.com.tr\/index.php\/wp-json\/wp\/v2\/product"}],"about":[{"href":"https:\/\/roveyayinevi.com.tr\/index.php\/wp-json\/wp\/v2\/types\/product"}],"wp:attachment":[{"href":"https:\/\/roveyayinevi.com.tr\/index.php\/wp-json\/wp\/v2\/media?parent=720112"}],"wp:term":[{"taxonomy":"product_brand","embeddable":true,"href":"https:\/\/roveyayinevi.com.tr\/index.php\/wp-json\/wp\/v2\/product_brand?post=720112"},{"taxonomy":"product_cat","embeddable":true,"href":"https:\/\/roveyayinevi.com.tr\/index.php\/wp-json\/wp\/v2\/product_cat?post=720112"},{"taxonomy":"product_tag","embeddable":true,"href":"https:\/\/roveyayinevi.com.tr\/index.php\/wp-json\/wp\/v2\/product_tag?post=720112"}],"curies":[{"name":"wp","href":"https:\/\/api.w.org\/{rel}","templated":true}]}}