{"id":720110,"date":"2025-08-27T18:31:59","date_gmt":"2025-08-27T15:31:59","guid":{"rendered":"https:\/\/roveyayinevi.com.tr\/index.php\/urun\/denizdeki-kiz\/"},"modified":"2026-04-08T02:35:12","modified_gmt":"2026-04-07T23:35:12","slug":"denizdeki-kiz","status":"publish","type":"product","link":"https:\/\/roveyayinevi.com.tr\/index.php\/urun\/denizdeki-kiz\/","title":{"rendered":"Denizdeki K\u0131z"},"content":{"rendered":"<p>&#8220;Yazar birka\u00e7 farkl\u0131 hik\u00e2ye \u00f6rg\u00fcs\u00fcn\u00fc ustaca birle\u015ftiriyor. Clio ile babas\u0131 aras\u0131ndaki gerilimden Clio ile Aidan aras\u0131ndaki kafa kar\u0131\u015f\u0131kl\u0131g\u0306\u0131na, hepsi ayn\u0131 heyecanla e\u015fzamanl\u0131 ger\u00e7ekle\u015fiyor. Ana karakter canl\u0131 ve zekice kurgulanm\u0131\u015f. Johnson hayalindeki deniz tatilini okurlar\u0131n g\u00f6z\u00fcnde canlanacak \u015fekilde betimlemi\u015f ve ufak detaylara \u00f6nem vererek her bir karakterin geli\u015fimini eksiksiz kaleme alm\u0131\u015f.\u201dPublishers WeeklyBazen kaybolman\u0131z gerekir.K\u0131z: Clio Ford on yedi ya\u015f\u0131ndayd\u0131. Sanat ara\u00e7 gere\u00e7leri satan d\u00fckk\u00e2nda \u00e7al\u0131\u015fan \u00e7ocuktan ho\u015flan\u0131yordu ve yaz tatilini onunla ge\u00e7irmek istiyordu. Akdeniz\u2019in ortas\u0131nda bir yatta t\u0131k\u0131l\u0131 kalmay\u0131 de\u011fil. G\u00f6rev: Babas\u0131n\u0131n sa\u00e7mal\u0131klar\u0131n\u0131 atlatmal\u0131 ve insanl\u0131\u011f\u0131n ortaya \u00e7\u0131kmam\u0131\u015f s\u0131rlar\u0131n\u0131 bar\u0131nd\u0131ran hazineyi bulmal\u0131yd\u0131.M\u00fcrettebat: Babas\u0131n\u0131n en yak\u0131n ve tuhaf arkada\u015f\u0131 Martin, bir o kadar tuhaf ara\u015ft\u0131rma orta\u011f\u0131 Julia, Julia\u2019n\u0131n tanr\u0131\u00e7alar kadar g\u00fczel k\u0131z\u0131 Elsa ve\u2026 bir de Aidan. Julia\u2019n\u0131n inan\u0131lmaz yak\u0131\u015f\u0131kl\u0131 ve \u00e7okbilmi\u015f asistan\u0131. Aidan\u2019\u0131n o gizemli ve ye\u015fil g\u00f6zlerinin ard\u0131nda ne gibi d\u00fc\u015f\u00fcnceler d\u00f6n\u00fcyordu acaba?Clio hi\u00e7 bilmedi\u011fi sulara yelken a\u00e7arken, tarihi de\u011fi\u015ftirebilecek s\u0131rlar\u0131 ortaya \u00e7\u0131karacakt\u0131. Fakat en beklemedi\u011fi ke\u015ffi, denizden daha derin ve karma\u015f\u0131kt\u0131\u2026<\/p>\n","protected":false},"excerpt":{"rendered":"<p>&#8220;Yazar birka\u00e7 farkl\u0131 hik\u00e2ye \u00f6rg\u00fcs\u00fcn\u00fc ustaca birle\u015ftiriyor. Clio ile babas\u0131 aras\u0131ndaki gerilimden Clio ile Aidan aras\u0131ndaki kafa kar\u0131\u015f\u0131kl\u0131g\u0306\u0131na, hepsi ayn\u0131 heyecanla e\u015fzamanl\u0131 ger\u00e7ekle\u015fiyor. Ana karakter canl\u0131<span class=\"excerpt-hellip\"> [\u2026]<\/span><\/p>\n","protected":false},"featured_media":0,"template":"","meta":{"_monsterinsights_skip_tracking":false,"_monsterinsights_sitenote_active":false,"_monsterinsights_sitenote_note":"","_monsterinsights_sitenote_category":0},"product_brand":[],"product_cat":[12291,12711],"product_tag":[],"class_list":{"0":"post-720110","1":"product","2":"type-product","3":"status-publish","5":"product_cat-edebiyat","6":"product_cat-roman-oyku","7":"pa_cilt-ciltsiz","8":"pa_tur-kitap","9":"pa_yayinevi-epsilon-yayinlari","10":"pa_yazar-maureen-johnson","12":"first","13":"instock","14":"sale","15":"shipping-taxable","16":"purchasable","17":"product-type-simple"},"_links":{"self":[{"href":"https:\/\/roveyayinevi.com.tr\/index.php\/wp-json\/wp\/v2\/product\/720110","targetHints":{"allow":["GET"]}}],"collection":[{"href":"https:\/\/roveyayinevi.com.tr\/index.php\/wp-json\/wp\/v2\/product"}],"about":[{"href":"https:\/\/roveyayinevi.com.tr\/index.php\/wp-json\/wp\/v2\/types\/product"}],"wp:attachment":[{"href":"https:\/\/roveyayinevi.com.tr\/index.php\/wp-json\/wp\/v2\/media?parent=720110"}],"wp:term":[{"taxonomy":"product_brand","embeddable":true,"href":"https:\/\/roveyayinevi.com.tr\/index.php\/wp-json\/wp\/v2\/product_brand?post=720110"},{"taxonomy":"product_cat","embeddable":true,"href":"https:\/\/roveyayinevi.com.tr\/index.php\/wp-json\/wp\/v2\/product_cat?post=720110"},{"taxonomy":"product_tag","embeddable":true,"href":"https:\/\/roveyayinevi.com.tr\/index.php\/wp-json\/wp\/v2\/product_tag?post=720110"}],"curies":[{"name":"wp","href":"https:\/\/api.w.org\/{rel}","templated":true}]}}