{"id":720108,"date":"2025-08-27T18:31:58","date_gmt":"2025-08-27T15:31:58","guid":{"rendered":"https:\/\/roveyayinevi.com.tr\/index.php\/urun\/dunyanin-gozu-zaman-carki-1\/"},"modified":"2026-04-13T02:34:47","modified_gmt":"2026-04-12T23:34:47","slug":"dunyanin-gozu-zaman-carki-1","status":"publish","type":"product","link":"https:\/\/roveyayinevi.com.tr\/index.php\/urun\/dunyanin-gozu-zaman-carki-1\/","title":{"rendered":"D\u00fcnyan\u0131n G\u00f6z\u00fc &#8211; Zaman \u00c7ark\u0131 1"},"content":{"rendered":"<p>\u201cZaman \u00c7ark\u0131 d\u00f6ner, \u00c7a\u011flar gelir ve ge\u00e7er, efsanele\u015fen an\u0131lar b\u0131rak\u0131r. Efsaneler solarak mit olur ve onlar\u0131 do\u011furan \u00c7a\u011f yeniden geldi\u011finde mitler bile unutulur. Bir \u00c7a\u011f\u2019da, kimilerine g\u00f6re \u00dc\u00e7\u00fcnc\u00fc \u00c7a\u011f\u2019da, hen\u00fcz gelmemi\u015f, \u00e7oktan ge\u00e7ip gitmi\u015f bir \u00c7a\u011f\u2019da, Puslu Da\u011flar\u2019da bir r\u00fczg\u00e2r y\u00fckseldi. R\u00fczg\u00e2r ba\u015flang\u0131\u00e7 de\u011fildi. Zaman \u00c7ark\u0131 d\u00f6nerken ne ba\u015flang\u0131\u00e7lar ne de biti\u015fler vard\u0131r. Ama bu bir ba\u015flang\u0131\u00e7t\u0131.\u201d\u0130ki Nehir halk\u0131, K\u0131\u015fgecesi festivali s\u0131ras\u0131nda yar\u0131 insan yar\u0131 hayvan Trolloclar taraf\u0131ndan sald\u0131r\u0131ya u\u011frad\u0131\u011f\u0131nda, can havliyle k\u00f6yden ka\u00e7an be\u015f gen\u00e7 kendilerini yepyeni bir d\u00fcnyada, daha \u00f6nce hayal etmedikleri tehlikelerle ba\u015f ba\u015fa bulacaklard\u0131.Ejderha, bir kez daha zaman\u0131n r\u00fczg\u00e2rlar\u0131nda havalanacak.<\/p>\n","protected":false},"excerpt":{"rendered":"<p>\u201cZaman \u00c7ark\u0131 d\u00f6ner, \u00c7a\u011flar gelir ve ge\u00e7er, efsanele\u015fen an\u0131lar b\u0131rak\u0131r. Efsaneler solarak mit olur ve onlar\u0131 do\u011furan \u00c7a\u011f yeniden geldi\u011finde mitler bile unutulur. Bir \u00c7a\u011f\u2019da, kimilerine<span class=\"excerpt-hellip\"> [\u2026]<\/span><\/p>\n","protected":false},"featured_media":0,"template":"","meta":{"_monsterinsights_skip_tracking":false,"_monsterinsights_sitenote_active":false,"_monsterinsights_sitenote_note":"","_monsterinsights_sitenote_category":0},"product_brand":[],"product_cat":[12291,12711],"product_tag":[],"class_list":{"0":"post-720108","1":"product","2":"type-product","3":"status-publish","5":"product_cat-edebiyat","6":"product_cat-roman-oyku","7":"pa_cilt-ciltsiz","8":"pa_tur-kitap","9":"pa_yayinevi-ithaki-yayinlari","10":"pa_yazar-robert-jordan","12":"first","13":"instock","14":"sale","15":"shipping-taxable","16":"purchasable","17":"product-type-simple"},"_links":{"self":[{"href":"https:\/\/roveyayinevi.com.tr\/index.php\/wp-json\/wp\/v2\/product\/720108","targetHints":{"allow":["GET"]}}],"collection":[{"href":"https:\/\/roveyayinevi.com.tr\/index.php\/wp-json\/wp\/v2\/product"}],"about":[{"href":"https:\/\/roveyayinevi.com.tr\/index.php\/wp-json\/wp\/v2\/types\/product"}],"wp:attachment":[{"href":"https:\/\/roveyayinevi.com.tr\/index.php\/wp-json\/wp\/v2\/media?parent=720108"}],"wp:term":[{"taxonomy":"product_brand","embeddable":true,"href":"https:\/\/roveyayinevi.com.tr\/index.php\/wp-json\/wp\/v2\/product_brand?post=720108"},{"taxonomy":"product_cat","embeddable":true,"href":"https:\/\/roveyayinevi.com.tr\/index.php\/wp-json\/wp\/v2\/product_cat?post=720108"},{"taxonomy":"product_tag","embeddable":true,"href":"https:\/\/roveyayinevi.com.tr\/index.php\/wp-json\/wp\/v2\/product_tag?post=720108"}],"curies":[{"name":"wp","href":"https:\/\/api.w.org\/{rel}","templated":true}]}}