{"id":720107,"date":"2025-08-27T18:31:57","date_gmt":"2025-08-27T15:31:57","guid":{"rendered":"https:\/\/roveyayinevi.com.tr\/index.php\/urun\/korku-vadisi-ciltli\/"},"modified":"2026-04-16T02:28:00","modified_gmt":"2026-04-15T23:28:00","slug":"korku-vadisi-ciltli","status":"publish","type":"product","link":"https:\/\/roveyayinevi.com.tr\/index.php\/urun\/korku-vadisi-ciltli\/","title":{"rendered":"Korku Vadisi (Ciltli)"},"content":{"rendered":"<p>S\u0131radanl\u0131k kendini her \u015feyden \u00fcst\u00fcn g\u00f6r\u00fcr ama yetenek hemen deh\u00e2y\u0131 tan\u0131r.   \u015eifreli bir mesajla kendilerini bir bulmacan\u0131n i\u00e7inde bulan Sherlock Holmes ve Doktor Watson, Scotland Yard\u2019\u0131n \u00e7\u00f6z\u00fcms\u00fcz kald\u0131\u011f\u0131 dava i\u00e7in son umuttur. Evinde katledilen John Douglas\u2019\u0131 kimin \u00f6ld\u00fcrmek isteyebilece\u011fi konusunda \u00e7e\u015fitli spek\u00fclasyonlar \u00fcretilirken Holmes, ezeli d\u00fc\u015fman\u0131 Moriarty\u2019nin yaratt\u0131\u011f\u0131 s\u0131r perdesinin ard\u0131ndaki ger\u00e7e\u011fi, kimsenin fark etmedi\u011fi ipu\u00e7lar\u0131 \u00fczerinden ke\u015ffedecektir.   Sherlock Holmes serisinin son ve en \u00fcrpertici roman\u0131 olan Korku Vadisi\u2019nde, \u0130ngiltere\u2019nin esrarengiz malik\u00e2nelerinden Amerika\u2019n\u0131n maden ocaklar\u0131ndaki su\u00e7 \u00f6rg\u00fctlerine s\u00fcr\u00fcklenece\u011finiz soluk solu\u011fa bir maceraya haz\u0131r olun. <\/p>\n","protected":false},"excerpt":{"rendered":"<p>S\u0131radanl\u0131k kendini her \u015feyden \u00fcst\u00fcn g\u00f6r\u00fcr ama yetenek hemen deh\u00e2y\u0131 tan\u0131r. \u015eifreli bir mesajla kendilerini bir bulmacan\u0131n i\u00e7inde bulan Sherlock Holmes ve Doktor Watson, Scotland Yard\u2019\u0131n<span class=\"excerpt-hellip\"> [\u2026]<\/span><\/p>\n","protected":false},"featured_media":0,"template":"","meta":{"_monsterinsights_skip_tracking":false,"_monsterinsights_sitenote_active":false,"_monsterinsights_sitenote_note":"","_monsterinsights_sitenote_category":0},"product_brand":[],"product_cat":[12291,12711],"product_tag":[],"class_list":{"0":"post-720107","1":"product","2":"type-product","3":"status-publish","5":"product_cat-edebiyat","6":"product_cat-roman-oyku","7":"pa_cilt-ciltli","8":"pa_tur-kitap","9":"pa_yayinevi-yabanci-yayinevi","10":"pa_yazar-arthur-conan-doyle","12":"first","13":"instock","14":"sale","15":"shipping-taxable","16":"purchasable","17":"product-type-simple"},"_links":{"self":[{"href":"https:\/\/roveyayinevi.com.tr\/index.php\/wp-json\/wp\/v2\/product\/720107","targetHints":{"allow":["GET"]}}],"collection":[{"href":"https:\/\/roveyayinevi.com.tr\/index.php\/wp-json\/wp\/v2\/product"}],"about":[{"href":"https:\/\/roveyayinevi.com.tr\/index.php\/wp-json\/wp\/v2\/types\/product"}],"wp:attachment":[{"href":"https:\/\/roveyayinevi.com.tr\/index.php\/wp-json\/wp\/v2\/media?parent=720107"}],"wp:term":[{"taxonomy":"product_brand","embeddable":true,"href":"https:\/\/roveyayinevi.com.tr\/index.php\/wp-json\/wp\/v2\/product_brand?post=720107"},{"taxonomy":"product_cat","embeddable":true,"href":"https:\/\/roveyayinevi.com.tr\/index.php\/wp-json\/wp\/v2\/product_cat?post=720107"},{"taxonomy":"product_tag","embeddable":true,"href":"https:\/\/roveyayinevi.com.tr\/index.php\/wp-json\/wp\/v2\/product_tag?post=720107"}],"curies":[{"name":"wp","href":"https:\/\/api.w.org\/{rel}","templated":true}]}}