{"id":720101,"date":"2025-08-27T18:31:52","date_gmt":"2025-08-27T15:31:52","guid":{"rendered":"https:\/\/roveyayinevi.com.tr\/index.php\/urun\/peki-nasil-2-kitap\/"},"modified":"2026-04-16T02:28:00","modified_gmt":"2026-04-15T23:28:00","slug":"peki-nasil-2-kitap","status":"publish","type":"product","link":"https:\/\/roveyayinevi.com.tr\/index.php\/urun\/peki-nasil-2-kitap\/","title":{"rendered":"Peki Nas\u0131l? &#8211; 2. Kitap"},"content":{"rendered":"<p>\u00c7ok gezen mi bilir, \u00e7ok okuyan m\u0131?En \u00f6zel g\u00fcn\u00fcm\u00fczden kalan bir foto\u011frafa heyecanla bakarken g\u00f6zlerimizin renginin k\u0131rm\u0131z\u0131 oldu\u011funu fark etmemiz, yan\u0131m\u0131zdan ge\u00e7en araban\u0131n tekerleklerinin geriye do\u011fru d\u00f6nd\u00fcklerini g\u00f6r\u00fcp g\u00f6zlerimizi ovu\u015fturmam\u0131z, makarnay\u0131 pi\u015firmeden \u00f6nce d\u00f6kt\u00fc\u011f\u00fcm\u00fcz ya\u011f\u0131n \u201cbiz ayr\u0131 d\u00fcnyalar\u0131n insan\u0131y\u0131z\u201d edas\u0131yla suya kar\u0131\u015fmamas\u0131, banyoda du\u015f ba\u015fl\u0131\u011f\u0131n\u0131 elimize al\u0131p \u015fark\u0131 s\u00f6ylemeye ba\u015flay\u0131nca kargalar\u0131 bile u\u00e7uran sesimizin Sezen Aksu\u2019yla d\u00fcet yapacak kadar m\u00fcthi\u015f oldu\u011funu fark etmemiz&#8230;B\u00fct\u00fcn bu ya\u015fad\u0131klar\u0131m\u0131z bir hal\u00fcsinasyon olamayaca\u011f\u0131na g\u00f6re sorman\u0131n vakti gelmi\u015ftir. Peki nas\u0131l? Hepimizin merak etti\u011fi, anne ve babam\u0131za sordu\u011fumuzda \u201cNe \u00e7ok soru sordun\u201d diyerek bir t\u00fcrl\u00fc cevaplar\u0131n\u0131 \u00f6\u011frenemedi\u011fimiz sorular\u0131, bu kez d\u00fcnyan\u0131n d\u00f6rt bir yan\u0131ndaki \u00e7ocuklar sordu; yeti\u015fkinler de cevaplad\u0131. Art\u0131k rahatl\u0131kla diyebiliriz ki; \u00e7ok gezen de\u011fil, \u00e7ok okuyan bilir&#8230;Kathy WollardNewsday\u2019in olduk\u00e7a ilgi g\u00f6ren \u201cHow Come?\u201d adl\u0131 k\u00f6\u015fesinin yazar\u0131d\u0131r. New York \u00dcniversitesi\u2019nde fizik ve gazetecilik e\u011fitimi alm\u0131\u015f; ki\u015fisel geli\u015fim, okul e\u011fitimi, pop\u00fcler bilim ve aile dergilerine y\u00f6nelik bilim ve sa\u011fl\u0131k \u00fczerine yaz\u0131lar yazm\u0131\u015ft\u0131r. Daha \u00f6nce New York\u2019ta ya\u015fam\u0131\u015f olan yazar, \u015fimdi kendisi gibi yazar olan kocas\u0131 Evan Morris ile Ohio\u2019da ya\u015famaktad\u0131r.<\/p>\n","protected":false},"excerpt":{"rendered":"<p>\u00c7ok gezen mi bilir, \u00e7ok okuyan m\u0131?En \u00f6zel g\u00fcn\u00fcm\u00fczden kalan bir foto\u011frafa heyecanla bakarken g\u00f6zlerimizin renginin k\u0131rm\u0131z\u0131 oldu\u011funu fark etmemiz, yan\u0131m\u0131zdan ge\u00e7en araban\u0131n tekerleklerinin geriye do\u011fru<span class=\"excerpt-hellip\"> [\u2026]<\/span><\/p>\n","protected":false},"featured_media":0,"template":"","meta":{"_monsterinsights_skip_tracking":false,"_monsterinsights_sitenote_active":false,"_monsterinsights_sitenote_note":"","_monsterinsights_sitenote_category":0},"product_brand":[],"product_cat":[12274,24599],"product_tag":[],"class_list":{"0":"post-720101","1":"product","2":"type-product","3":"status-publish","5":"product_cat-cocuk-ve-genclik-kitaplari","6":"product_cat-zeka-gelisimi","7":"pa_cilt-ciltsiz","8":"pa_tur-kitap","9":"pa_yayinevi-dinozor-cocuk","10":"pa_yazar-kathy-wollard","12":"first","13":"instock","14":"sale","15":"shipping-taxable","16":"purchasable","17":"product-type-simple"},"_links":{"self":[{"href":"https:\/\/roveyayinevi.com.tr\/index.php\/wp-json\/wp\/v2\/product\/720101","targetHints":{"allow":["GET"]}}],"collection":[{"href":"https:\/\/roveyayinevi.com.tr\/index.php\/wp-json\/wp\/v2\/product"}],"about":[{"href":"https:\/\/roveyayinevi.com.tr\/index.php\/wp-json\/wp\/v2\/types\/product"}],"wp:attachment":[{"href":"https:\/\/roveyayinevi.com.tr\/index.php\/wp-json\/wp\/v2\/media?parent=720101"}],"wp:term":[{"taxonomy":"product_brand","embeddable":true,"href":"https:\/\/roveyayinevi.com.tr\/index.php\/wp-json\/wp\/v2\/product_brand?post=720101"},{"taxonomy":"product_cat","embeddable":true,"href":"https:\/\/roveyayinevi.com.tr\/index.php\/wp-json\/wp\/v2\/product_cat?post=720101"},{"taxonomy":"product_tag","embeddable":true,"href":"https:\/\/roveyayinevi.com.tr\/index.php\/wp-json\/wp\/v2\/product_tag?post=720101"}],"curies":[{"name":"wp","href":"https:\/\/api.w.org\/{rel}","templated":true}]}}