{"id":720100,"date":"2025-08-27T18:31:52","date_gmt":"2025-08-27T15:31:52","guid":{"rendered":"https:\/\/roveyayinevi.com.tr\/index.php\/urun\/kibrit-copu-mezarligi\/"},"modified":"2026-04-16T02:28:00","modified_gmt":"2026-04-15T23:28:00","slug":"kibrit-copu-mezarligi","status":"publish","type":"product","link":"https:\/\/roveyayinevi.com.tr\/index.php\/urun\/kibrit-copu-mezarligi\/","title":{"rendered":"Kibrit \u00c7\u00f6p\u00fc Mezarl\u0131\u011f\u0131"},"content":{"rendered":"<p>Kitaplar\u0131 700 bin satan B\u00fc\u015fra Y\u0131lmaz\u2019\u0131n fenomen hik\u00e2yesi \u00d6l\u00fcme F\u0131s\u0131ldayan Adam devam ediyor!&#8221;\u00d6l\u00fcme f\u0131s\u0131ldayan adam \u00f6ld\u00fcyse, kibrit \u00e7\u00f6p\u00fc mezarl\u0131\u011f\u0131 neden bo\u015f?&#8221;\u00d6ld\u00fc\u011f\u00fc s\u00f6ylenen sevgilisinin cesedini bulamad\u0131\u011f\u0131 i\u00e7in onun h\u00e2l\u00e2 ya\u015fad\u0131\u011f\u0131na inanan Yosun, ger\u00e7ekleri \u00f6\u011frenebilmek i\u00e7in ge\u00e7mi\u015fi e\u015felerken Bay K\u2019den yard\u0131m ister. Ancak bu yolculukta \u00f6\u011frenebildi\u011fi tek \u015fey, ge\u00e7mi\u015fte duydu\u011fu her \u015feyin yalan, bildi\u011fi t\u00fcm yalanlar\u0131n da eksik oldu\u011fudur.\u0130nsanlar, \u00f6lenlerin ard\u0131ndan, \u201cOnu kaybettik,\u201d diyor. Peki kaybedilen \u015feyin bulunma ihtimali her zaman yok mudur?Beni bul.Benim ya\u015famak istememe sebebim, bu d\u00fcnyada de\u011fil, kafam\u0131n i\u00e7inde ya\u015f\u0131yor olu\u015fum\u2026 D\u00fcnya ac\u0131maz, kabulediyorum\u2026 Ama siz bir de kafam\u0131n i\u00e7ini g\u00f6r\u00fcn.<\/p>\n","protected":false},"excerpt":{"rendered":"<p>Kitaplar\u0131 700 bin satan B\u00fc\u015fra Y\u0131lmaz\u2019\u0131n fenomen hik\u00e2yesi \u00d6l\u00fcme F\u0131s\u0131ldayan Adam devam ediyor!&#8221;\u00d6l\u00fcme f\u0131s\u0131ldayan adam \u00f6ld\u00fcyse, kibrit \u00e7\u00f6p\u00fc mezarl\u0131\u011f\u0131 neden bo\u015f?&#8221;\u00d6ld\u00fc\u011f\u00fc s\u00f6ylenen sevgilisinin cesedini bulamad\u0131\u011f\u0131 i\u00e7in<span class=\"excerpt-hellip\"> [\u2026]<\/span><\/p>\n","protected":false},"featured_media":0,"template":"","meta":{"_monsterinsights_skip_tracking":false,"_monsterinsights_sitenote_active":false,"_monsterinsights_sitenote_note":"","_monsterinsights_sitenote_category":0},"product_brand":[],"product_cat":[12291,12711],"product_tag":[],"class_list":{"0":"post-720100","1":"product","2":"type-product","3":"status-publish","5":"product_cat-edebiyat","6":"product_cat-roman-oyku","7":"pa_cilt-ciltsiz","8":"pa_tur-kitap","9":"pa_yayinevi-epsilon-yayinlari","10":"pa_yazar-busra-yilmaz","12":"first","13":"instock","14":"sale","15":"shipping-taxable","16":"purchasable","17":"product-type-simple"},"_links":{"self":[{"href":"https:\/\/roveyayinevi.com.tr\/index.php\/wp-json\/wp\/v2\/product\/720100","targetHints":{"allow":["GET"]}}],"collection":[{"href":"https:\/\/roveyayinevi.com.tr\/index.php\/wp-json\/wp\/v2\/product"}],"about":[{"href":"https:\/\/roveyayinevi.com.tr\/index.php\/wp-json\/wp\/v2\/types\/product"}],"wp:attachment":[{"href":"https:\/\/roveyayinevi.com.tr\/index.php\/wp-json\/wp\/v2\/media?parent=720100"}],"wp:term":[{"taxonomy":"product_brand","embeddable":true,"href":"https:\/\/roveyayinevi.com.tr\/index.php\/wp-json\/wp\/v2\/product_brand?post=720100"},{"taxonomy":"product_cat","embeddable":true,"href":"https:\/\/roveyayinevi.com.tr\/index.php\/wp-json\/wp\/v2\/product_cat?post=720100"},{"taxonomy":"product_tag","embeddable":true,"href":"https:\/\/roveyayinevi.com.tr\/index.php\/wp-json\/wp\/v2\/product_tag?post=720100"}],"curies":[{"name":"wp","href":"https:\/\/api.w.org\/{rel}","templated":true}]}}