{"id":720099,"date":"2025-08-27T18:31:51","date_gmt":"2025-08-27T15:31:51","guid":{"rendered":"https:\/\/roveyayinevi.com.tr\/index.php\/urun\/current-issues-and-research-in-organizational-behavior\/"},"modified":"2026-04-16T02:28:00","modified_gmt":"2026-04-15T23:28:00","slug":"current-issues-and-research-in-organizational-behavior","status":"publish","type":"product","link":"https:\/\/roveyayinevi.com.tr\/index.php\/urun\/current-issues-and-research-in-organizational-behavior\/","title":{"rendered":"Current Issues And Research In Organizational Behavior"},"content":{"rendered":"<p>\u0130\u00e7indekilerChapter OneLocal And Global Commitments As Mediators \u0130n The Relationship Between Perceived Organizational Politics, Psychological Contract Breach And Counterproductive Work BehaviorsChapter TwoThe Importance Of Character \u0130n The Workplace Dominic McloughlinChapter ThreeA Literature Study On The Concept Of Work Values \u00d6zlem BalabanChapter FourA Case Study Of Employee Perceptions Of Csr \u0130n The Australian Construction Industry Bree Barker, Louise Ingersoll And Greg TealChapter F\u0131veA Review On The Consequences Of Workaholism: Does It Really Lead To Employee Wellbeing? Emrah \u00d6zsoyChapter S\u0131xExamining Pol\u0131tical Behaviors Of Academic Staff: A Qualitative Study Emre Oru\u00e7Chapter SevenEffect Of Perceived Paternalistic Leadership On Employees\u2019 Job Satisfaction Osman UsluChapter E\u0131ghtA Field Investigation On The Determination Of Work Stress And Burnout Levels Of Doctors Cihan Selek \u00d6z And Cavit \u00c7olako\u011fluChapter N\u0131neOrganizational Silence Erdo\u011fan Kayg\u0131n And Ethem Top\u00e7uo\u011fluChapter TenTeamwork Analysis Using Tuckman\u2019s Model \u0130n Technology Startup Afet K\u0131yak And F.Gamze BozkurtChapter ElevenA Study On The Evaluation Of Change Management Related To Employees From Employees Perspective Elvan Okutan<\/p>\n","protected":false},"excerpt":{"rendered":"<p>\u0130\u00e7indekilerChapter OneLocal And Global Commitments As Mediators \u0130n The Relationship Between Perceived Organizational Politics, Psychological Contract Breach And Counterproductive Work BehaviorsChapter TwoThe Importance Of Character \u0130n<span class=\"excerpt-hellip\"> [\u2026]<\/span><\/p>\n","protected":false},"featured_media":0,"template":"","meta":{"_monsterinsights_skip_tracking":false,"_monsterinsights_sitenote_active":false,"_monsterinsights_sitenote_note":"","_monsterinsights_sitenote_category":0},"product_brand":[],"product_cat":[13043,14381],"product_tag":[],"class_list":{"0":"post-720099","1":"product","2":"type-product","3":"status-publish","5":"product_cat-ekonomi","6":"product_cat-isletme-muhasebe-maliye","7":"pa_cilt-ciltsiz","8":"pa_tur-kitap","9":"pa_yayinevi-gazi-kitabevi","10":"pa_yazar-kolektif","12":"first","13":"instock","14":"sale","15":"shipping-taxable","16":"purchasable","17":"product-type-simple"},"_links":{"self":[{"href":"https:\/\/roveyayinevi.com.tr\/index.php\/wp-json\/wp\/v2\/product\/720099","targetHints":{"allow":["GET"]}}],"collection":[{"href":"https:\/\/roveyayinevi.com.tr\/index.php\/wp-json\/wp\/v2\/product"}],"about":[{"href":"https:\/\/roveyayinevi.com.tr\/index.php\/wp-json\/wp\/v2\/types\/product"}],"wp:attachment":[{"href":"https:\/\/roveyayinevi.com.tr\/index.php\/wp-json\/wp\/v2\/media?parent=720099"}],"wp:term":[{"taxonomy":"product_brand","embeddable":true,"href":"https:\/\/roveyayinevi.com.tr\/index.php\/wp-json\/wp\/v2\/product_brand?post=720099"},{"taxonomy":"product_cat","embeddable":true,"href":"https:\/\/roveyayinevi.com.tr\/index.php\/wp-json\/wp\/v2\/product_cat?post=720099"},{"taxonomy":"product_tag","embeddable":true,"href":"https:\/\/roveyayinevi.com.tr\/index.php\/wp-json\/wp\/v2\/product_tag?post=720099"}],"curies":[{"name":"wp","href":"https:\/\/api.w.org\/{rel}","templated":true}]}}