{"id":720097,"date":"2025-08-27T18:31:50","date_gmt":"2025-08-27T15:31:50","guid":{"rendered":"https:\/\/roveyayinevi.com.tr\/index.php\/urun\/cop-dna\/"},"modified":"2026-04-16T02:28:00","modified_gmt":"2026-04-15T23:28:00","slug":"cop-dna","status":"publish","type":"product","link":"https:\/\/roveyayinevi.com.tr\/index.php\/urun\/cop-dna\/","title":{"rendered":"\u00c7\u00f6p DNA"},"content":{"rendered":"<p>Yak\u0131n zamana dek DNA\u2019n\u0131n y\u00fczde 98\u2019lik k\u0131sm\u0131n\u0131n protein kodlamad\u0131\u011f\u0131 i\u00e7in hi\u00e7bir i\u015fe yaramad\u0131\u011f\u0131 du\u0308\u015fu\u0308nu\u0308lu\u0308yordu ve bu nedenle molek\u00fcl\u00fcn bu k\u0131s\u0131mlar\u0131na \u201c\u00e7\u00f6p DNA\u201d ad\u0131 verilmi\u015fti. Fakat son ara\u015ft\u0131rmalar bu k\u0131s\u0131mlar\u0131n hi\u00e7 de \u201c\u00e7\u00f6p\u201d olmad\u0131\u011f\u0131n\u0131, ender rastlanan genetik hastal\u0131klar, Down Sendromu, viral enfeksiyonlar ve ya\u015flanma gibi bir\u00e7ok s\u00fcre\u00e7ten sorumlu olduklar\u0131n\u0131 ortaya koydu. Bilim insanlar\u0131n\u0131n bu tart\u0131\u015fmal\u0131 alana ili\u015fkin giderek artan bilgileri k\u00f6rl\u00fc\u011fe \u00e7are bulunmas\u0131n\u0131n yan\u0131 s\u0131ra DNA parmak izi denen y\u00f6ntemle baz\u0131 masum insanlar\u0131n idamdan kurtar\u0131lmas\u0131n\u0131 ve obezite dahil t\u0131bbi m\u00fcdahale gerektiren say\u0131s\u0131z durumun tedavisinde b\u00fcy\u00fck at\u0131l\u0131mlar yap\u0131lmas\u0131n\u0131 sa\u011flad\u0131.\u0130nsan\u0131n karma\u015f\u0131kl\u0131\u011f\u0131na, hatta ya\u015fam\u0131n k\u00f6kenlerine \u0131\u015f\u0131k tutan bu kitab\u0131 bilim okurlar\u0131n\u0131n ilgiyle okuyacaklar\u0131ndan eminiz&#8230;\u201c\u015eimdi eskiye nazaran daha gizemli g\u00f6r\u00fcnen insan genomuna dair en modern bilgileri i\u00e7eren, sizi soluksuz b\u0131rakacak bir k\u0131lavuz kitap.\u201dNew Scientist<\/p>\n","protected":false},"excerpt":{"rendered":"<p>Yak\u0131n zamana dek DNA\u2019n\u0131n y\u00fczde 98\u2019lik k\u0131sm\u0131n\u0131n protein kodlamad\u0131\u011f\u0131 i\u00e7in hi\u00e7bir i\u015fe yaramad\u0131\u011f\u0131 du\u0308\u015fu\u0308nu\u0308lu\u0308yordu ve bu nedenle molek\u00fcl\u00fcn bu k\u0131s\u0131mlar\u0131na \u201c\u00e7\u00f6p DNA\u201d ad\u0131 verilmi\u015fti. Fakat son<span class=\"excerpt-hellip\"> [\u2026]<\/span><\/p>\n","protected":false},"featured_media":0,"template":"","meta":{"_monsterinsights_skip_tracking":false,"_monsterinsights_sitenote_active":false,"_monsterinsights_sitenote_note":"","_monsterinsights_sitenote_category":0},"product_brand":[],"product_cat":[13005,13006],"product_tag":[],"class_list":{"0":"post-720097","1":"product","2":"type-product","3":"status-publish","5":"product_cat-bilim-muhendislik","6":"product_cat-populer-bilim","7":"pa_cilt-ciltsiz","8":"pa_tur-kitap","9":"pa_yayinevi-say-yayinlari","10":"pa_yazar-nessa-carey","12":"first","13":"instock","14":"sale","15":"shipping-taxable","16":"purchasable","17":"product-type-simple"},"_links":{"self":[{"href":"https:\/\/roveyayinevi.com.tr\/index.php\/wp-json\/wp\/v2\/product\/720097","targetHints":{"allow":["GET"]}}],"collection":[{"href":"https:\/\/roveyayinevi.com.tr\/index.php\/wp-json\/wp\/v2\/product"}],"about":[{"href":"https:\/\/roveyayinevi.com.tr\/index.php\/wp-json\/wp\/v2\/types\/product"}],"wp:attachment":[{"href":"https:\/\/roveyayinevi.com.tr\/index.php\/wp-json\/wp\/v2\/media?parent=720097"}],"wp:term":[{"taxonomy":"product_brand","embeddable":true,"href":"https:\/\/roveyayinevi.com.tr\/index.php\/wp-json\/wp\/v2\/product_brand?post=720097"},{"taxonomy":"product_cat","embeddable":true,"href":"https:\/\/roveyayinevi.com.tr\/index.php\/wp-json\/wp\/v2\/product_cat?post=720097"},{"taxonomy":"product_tag","embeddable":true,"href":"https:\/\/roveyayinevi.com.tr\/index.php\/wp-json\/wp\/v2\/product_tag?post=720097"}],"curies":[{"name":"wp","href":"https:\/\/api.w.org\/{rel}","templated":true}]}}