{"id":720094,"date":"2025-08-27T18:31:48","date_gmt":"2025-08-27T15:31:48","guid":{"rendered":"https:\/\/roveyayinevi.com.tr\/index.php\/urun\/dil-bilgisi-ogretimi\/"},"modified":"2026-04-16T02:28:00","modified_gmt":"2026-04-15T23:28:00","slug":"dil-bilgisi-ogretimi","status":"publish","type":"product","link":"https:\/\/roveyayinevi.com.tr\/index.php\/urun\/dil-bilgisi-ogretimi\/","title":{"rendered":"Dil Bilgisi \u00d6\u011fretimi"},"content":{"rendered":"<p>Bu kitap yaz\u0131l\u0131rken dil bilgisi \u00f6\u011fretiminin daha \u00e7ok uygulamaya d\u00f6n\u00fck olan k\u0131sm\u0131 dikkate al\u0131nm\u0131\u015ft\u0131r. Dilbilimsel derinliklere girilmeden haz\u0131rlanan &#8220;Dil Bilgisi \u00d6\u011fretimi&#8221; adl\u0131 bu kitapta ama\u00e7lanan \u015fey, dil bilgisi hakk\u0131nda alana yeni ve kolektif bir bilimsel \u00e7al\u0131\u015fma sunmakt\u0131r. Elbette alanda benzer \u00e7al\u0131\u015fmalar bulunmaktad\u0131r. Dil bilgisi \u00f6\u011fretimine y\u00f6nelik yap\u0131lan her bir \u00e7al\u0131\u015fma de\u011ferli ve gereklidir. \u00c7\u00fcnk\u00fc ara\u015ft\u0131r\u0131lan \u015fey bir dile ait bilgiler ise ne kadar \u00e7ok ara\u015ft\u0131r\u0131l\u0131rsa ara\u015ft\u0131r\u0131ls\u0131n bu yeterli olmayacakt\u0131r. Dilin canl\u0131 bir varl\u0131k olmas\u0131n\u0131n da gere\u011fidir bu. Bu y\u00fczden dil bilgisi ile ilgili bu \u00e7al\u0131\u015fmam\u0131z\u0131n di\u011fer de\u011ferli \u00e7al\u0131\u015fmalar gibi alan yaz\u0131na katk\u0131 sunacak bilimsel bir \u00e7al\u0131\u015fma ve dili kullanan herkesin yararlanaca\u011f\u0131 bir kitap olacakt\u0131r.<\/p>\n","protected":false},"excerpt":{"rendered":"<p>Bu kitap yaz\u0131l\u0131rken dil bilgisi \u00f6\u011fretiminin daha \u00e7ok uygulamaya d\u00f6n\u00fck olan k\u0131sm\u0131 dikkate al\u0131nm\u0131\u015ft\u0131r. Dilbilimsel derinliklere girilmeden haz\u0131rlanan &#8220;Dil Bilgisi \u00d6\u011fretimi&#8221; adl\u0131 bu kitapta ama\u00e7lanan \u015fey,<span class=\"excerpt-hellip\"> [\u2026]<\/span><\/p>\n","protected":false},"featured_media":0,"template":"","meta":{"_monsterinsights_skip_tracking":false,"_monsterinsights_sitenote_active":false,"_monsterinsights_sitenote_note":"","_monsterinsights_sitenote_category":0},"product_brand":[],"product_cat":[14597,12566],"product_tag":[],"class_list":{"0":"post-720094","1":"product","2":"type-product","3":"status-publish","5":"product_cat-dil-ogrenimi","6":"product_cat-egitim","7":"pa_cilt-ciltsiz","8":"pa_tur-kitap","9":"pa_yayinevi-ani-yayincilik","10":"pa_yazar-cahit-epcacan-erhan-akin","12":"first","13":"instock","14":"sale","15":"shipping-taxable","16":"purchasable","17":"product-type-simple"},"_links":{"self":[{"href":"https:\/\/roveyayinevi.com.tr\/index.php\/wp-json\/wp\/v2\/product\/720094","targetHints":{"allow":["GET"]}}],"collection":[{"href":"https:\/\/roveyayinevi.com.tr\/index.php\/wp-json\/wp\/v2\/product"}],"about":[{"href":"https:\/\/roveyayinevi.com.tr\/index.php\/wp-json\/wp\/v2\/types\/product"}],"wp:attachment":[{"href":"https:\/\/roveyayinevi.com.tr\/index.php\/wp-json\/wp\/v2\/media?parent=720094"}],"wp:term":[{"taxonomy":"product_brand","embeddable":true,"href":"https:\/\/roveyayinevi.com.tr\/index.php\/wp-json\/wp\/v2\/product_brand?post=720094"},{"taxonomy":"product_cat","embeddable":true,"href":"https:\/\/roveyayinevi.com.tr\/index.php\/wp-json\/wp\/v2\/product_cat?post=720094"},{"taxonomy":"product_tag","embeddable":true,"href":"https:\/\/roveyayinevi.com.tr\/index.php\/wp-json\/wp\/v2\/product_tag?post=720094"}],"curies":[{"name":"wp","href":"https:\/\/api.w.org\/{rel}","templated":true}]}}