{"id":720092,"date":"2025-08-27T18:31:47","date_gmt":"2025-08-27T15:31:47","guid":{"rendered":"https:\/\/roveyayinevi.com.tr\/index.php\/urun\/romantik-iliskide-istismara-maruz-kalma\/"},"modified":"2026-04-16T02:28:00","modified_gmt":"2026-04-15T23:28:00","slug":"romantik-iliskide-istismara-maruz-kalma","status":"publish","type":"product","link":"https:\/\/roveyayinevi.com.tr\/index.php\/urun\/romantik-iliskide-istismara-maruz-kalma\/","title":{"rendered":"Romantik \u0130li\u015fkide \u0130stismara Maruz Kalma"},"content":{"rendered":"<p>Romantik ili\u015fkide maruz kal\u0131nan istismar davran\u0131\u015flar\u0131n\u0131n neler oldu\u011funu bilmek, bu davran\u0131\u015flarla ba\u015fa \u00e7\u0131kmada do\u011fru ad\u0131mlar atabilmeyi sa\u011flayacak bir \u00f6n ko\u015fuldur. Bu ama\u00e7la haz\u0131rlanm\u0131\u015f olan bu kitab\u0131n ilk b\u00f6l\u00fcm\u00fcnde romantik ili\u015fkide istismar, bu istismarlarda etken olan fakt\u00f6rler ve istismarla ba\u015fa \u00e7\u0131kmada kendine yard\u0131m etme konular\u0131na yer verilmi\u015ftir. \u0130kinci b\u00f6l\u00fcmde, romantik ili\u015fkide maruz kal\u0131nan istismar\u0131 belirleme amac\u0131yla geli\u015ftirilmi\u015f olan \u201cRomantik \u0130li\u015fkide \u0130stismara Maruz Kalma \u00d6l\u00e7e\u011fi R\u0130\u0130MK\u00d6\u201d ve bu \u00f6l\u00e7e\u011fin uygulanma, puanlanma ve yorumlanma y\u00f6nergesi yer almaktad\u0131r. Kitab\u0131n son b\u00f6l\u00fcm\u00fc ise \u00f6l\u00e7e\u011fin istatistiksel \u00f6zellikleri ile ilgilenen okuyucular i\u00e7in, \u00f6l\u00e7ek geli\u015ftirme s\u00fcrecine ili\u015fkin i\u015flem basamaklar\u0131n\u0131, bu s\u00fcre\u00e7te elde edilen verilerin analizlerini, \u00f6l\u00e7e\u011fin ge\u00e7erlik ve g\u00fcvenirlik \u00e7al\u0131\u015fmalar\u0131n\u0131 i\u00e7ermektedir.<\/p>\n","protected":false},"excerpt":{"rendered":"<p>Romantik ili\u015fkide maruz kal\u0131nan istismar davran\u0131\u015flar\u0131n\u0131n neler oldu\u011funu bilmek, bu davran\u0131\u015flarla ba\u015fa \u00e7\u0131kmada do\u011fru ad\u0131mlar atabilmeyi sa\u011flayacak bir \u00f6n ko\u015fuldur. Bu ama\u00e7la haz\u0131rlanm\u0131\u015f olan bu kitab\u0131n<span class=\"excerpt-hellip\"> [\u2026]<\/span><\/p>\n","protected":false},"featured_media":0,"template":"","meta":{"_monsterinsights_skip_tracking":false,"_monsterinsights_sitenote_active":false,"_monsterinsights_sitenote_note":"","_monsterinsights_sitenote_category":0},"product_brand":[],"product_cat":[12358,12357],"product_tag":[],"class_list":{"0":"post-720092","1":"product","2":"type-product","3":"status-publish","5":"product_cat-genel-psikoloji","6":"product_cat-psikoloji","7":"pa_cilt-ciltsiz","8":"pa_tur-kitap","9":"pa_yayinevi-ani-yayincilik","10":"pa_yazar-gurcan-topcu-secim","12":"first","13":"instock","14":"sale","15":"shipping-taxable","16":"purchasable","17":"product-type-simple"},"_links":{"self":[{"href":"https:\/\/roveyayinevi.com.tr\/index.php\/wp-json\/wp\/v2\/product\/720092","targetHints":{"allow":["GET"]}}],"collection":[{"href":"https:\/\/roveyayinevi.com.tr\/index.php\/wp-json\/wp\/v2\/product"}],"about":[{"href":"https:\/\/roveyayinevi.com.tr\/index.php\/wp-json\/wp\/v2\/types\/product"}],"wp:attachment":[{"href":"https:\/\/roveyayinevi.com.tr\/index.php\/wp-json\/wp\/v2\/media?parent=720092"}],"wp:term":[{"taxonomy":"product_brand","embeddable":true,"href":"https:\/\/roveyayinevi.com.tr\/index.php\/wp-json\/wp\/v2\/product_brand?post=720092"},{"taxonomy":"product_cat","embeddable":true,"href":"https:\/\/roveyayinevi.com.tr\/index.php\/wp-json\/wp\/v2\/product_cat?post=720092"},{"taxonomy":"product_tag","embeddable":true,"href":"https:\/\/roveyayinevi.com.tr\/index.php\/wp-json\/wp\/v2\/product_tag?post=720092"}],"curies":[{"name":"wp","href":"https:\/\/api.w.org\/{rel}","templated":true}]}}