{"id":720089,"date":"2025-08-27T18:31:45","date_gmt":"2025-08-27T15:31:45","guid":{"rendered":"https:\/\/roveyayinevi.com.tr\/index.php\/urun\/nesteren\/"},"modified":"2026-03-12T02:36:59","modified_gmt":"2026-03-11T23:36:59","slug":"nesteren","status":"publish","type":"product","link":"https:\/\/roveyayinevi.com.tr\/index.php\/urun\/nesteren\/","title":{"rendered":"Nesteren"},"content":{"rendered":"<p>Ho\u015f geldin dertlim,derdim,k\u0131ymetlim,g\u00f6nl\u00fcmdeki \u00e7i\u00e7ek dervi\u015fteki de\u011ferimyaban \u00fclkelerden ka\u00e7\u0131p geldi\u011fimiltica g\u00f6zl\u00fcm,\u015fehrimdeki s\u00f6z\u00fcmho\u015f geldin diyar diyar bulutum\u0131rmak,dere ,g\u00f6ldeki \u0131sl\u0131\u011f\u0131mdumans\u0131z yang\u0131n durmu\u015fken her yan\u0131mho\u015f geldin d\u00fcn\u00fcm bug\u00fcn\u00fcm bahar\u0131m.<\/p>\n","protected":false},"excerpt":{"rendered":"<p>Ho\u015f geldin dertlim,derdim,k\u0131ymetlim,g\u00f6nl\u00fcmdeki \u00e7i\u00e7ek dervi\u015fteki de\u011ferimyaban \u00fclkelerden ka\u00e7\u0131p geldi\u011fimiltica g\u00f6zl\u00fcm,\u015fehrimdeki s\u00f6z\u00fcmho\u015f geldin diyar diyar bulutum\u0131rmak,dere ,g\u00f6ldeki \u0131sl\u0131\u011f\u0131mdumans\u0131z yang\u0131n durmu\u015fken her yan\u0131mho\u015f geldin d\u00fcn\u00fcm bug\u00fcn\u00fcm bahar\u0131m.<\/p>\n","protected":false},"featured_media":0,"template":"","meta":{"_monsterinsights_skip_tracking":false,"_monsterinsights_sitenote_active":false,"_monsterinsights_sitenote_note":"","_monsterinsights_sitenote_category":0},"product_brand":[],"product_cat":[12291,12509],"product_tag":[],"class_list":{"0":"post-720089","1":"product","2":"type-product","3":"status-publish","5":"product_cat-edebiyat","6":"product_cat-siir","7":"pa_cilt-ciltsiz","8":"pa_tur-kitap","9":"pa_yayinevi-kirmizi-cati-yayinlari","10":"pa_yazar-fatih-tezce","12":"first","13":"instock","14":"sale","15":"shipping-taxable","16":"purchasable","17":"product-type-simple"},"_links":{"self":[{"href":"https:\/\/roveyayinevi.com.tr\/index.php\/wp-json\/wp\/v2\/product\/720089","targetHints":{"allow":["GET"]}}],"collection":[{"href":"https:\/\/roveyayinevi.com.tr\/index.php\/wp-json\/wp\/v2\/product"}],"about":[{"href":"https:\/\/roveyayinevi.com.tr\/index.php\/wp-json\/wp\/v2\/types\/product"}],"wp:attachment":[{"href":"https:\/\/roveyayinevi.com.tr\/index.php\/wp-json\/wp\/v2\/media?parent=720089"}],"wp:term":[{"taxonomy":"product_brand","embeddable":true,"href":"https:\/\/roveyayinevi.com.tr\/index.php\/wp-json\/wp\/v2\/product_brand?post=720089"},{"taxonomy":"product_cat","embeddable":true,"href":"https:\/\/roveyayinevi.com.tr\/index.php\/wp-json\/wp\/v2\/product_cat?post=720089"},{"taxonomy":"product_tag","embeddable":true,"href":"https:\/\/roveyayinevi.com.tr\/index.php\/wp-json\/wp\/v2\/product_tag?post=720089"}],"curies":[{"name":"wp","href":"https:\/\/api.w.org\/{rel}","templated":true}]}}