{"id":720087,"date":"2025-08-27T18:31:43","date_gmt":"2025-08-27T15:31:43","guid":{"rendered":"https:\/\/roveyayinevi.com.tr\/index.php\/urun\/dondurmanin-gizli-tarifi\/"},"modified":"2026-04-16T02:27:59","modified_gmt":"2026-04-15T23:27:59","slug":"dondurmanin-gizli-tarifi","status":"publish","type":"product","link":"https:\/\/roveyayinevi.com.tr\/index.php\/urun\/dondurmanin-gizli-tarifi\/","title":{"rendered":"Dondurman\u0131n Gizli Tarifi"},"content":{"rendered":"<p>Ada, b\u00fct\u00fcn k\u0131\u015f yiyece\u011fi dondurmalar\u0131n hayalini kurmu\u015ftu. Ald\u0131\u011f\u0131 her lokmayla serinliyor, kendini daha mutlu hissediyordu. Ada&#8217;y\u0131 hemen bir merak sard\u0131; &#8220;Dondurma yedi\u011fimizde neden mutlu oluruz?&#8221; <\/p>\n","protected":false},"excerpt":{"rendered":"<p>Ada, b\u00fct\u00fcn k\u0131\u015f yiyece\u011fi dondurmalar\u0131n hayalini kurmu\u015ftu. Ald\u0131\u011f\u0131 her lokmayla serinliyor, kendini daha mutlu hissediyordu. Ada&#8217;y\u0131 hemen bir merak sard\u0131; &#8220;Dondurma yedi\u011fimizde neden mutlu oluruz?&#8221;<\/p>\n","protected":false},"featured_media":0,"template":"","meta":{"_monsterinsights_skip_tracking":false,"_monsterinsights_sitenote_active":false,"_monsterinsights_sitenote_note":"","_monsterinsights_sitenote_category":0},"product_brand":[],"product_cat":[12274,12284],"product_tag":[],"class_list":{"0":"post-720087","1":"product","2":"type-product","3":"status-publish","5":"product_cat-cocuk-ve-genclik-kitaplari","6":"product_cat-hikayeler","7":"pa_cilt-ciltsiz","8":"pa_tur-kitap","9":"pa_yayinevi-abm-yayinevi","10":"pa_yazar-yasemin-sakar","12":"first","13":"instock","14":"sale","15":"shipping-taxable","16":"purchasable","17":"product-type-simple"},"_links":{"self":[{"href":"https:\/\/roveyayinevi.com.tr\/index.php\/wp-json\/wp\/v2\/product\/720087","targetHints":{"allow":["GET"]}}],"collection":[{"href":"https:\/\/roveyayinevi.com.tr\/index.php\/wp-json\/wp\/v2\/product"}],"about":[{"href":"https:\/\/roveyayinevi.com.tr\/index.php\/wp-json\/wp\/v2\/types\/product"}],"wp:attachment":[{"href":"https:\/\/roveyayinevi.com.tr\/index.php\/wp-json\/wp\/v2\/media?parent=720087"}],"wp:term":[{"taxonomy":"product_brand","embeddable":true,"href":"https:\/\/roveyayinevi.com.tr\/index.php\/wp-json\/wp\/v2\/product_brand?post=720087"},{"taxonomy":"product_cat","embeddable":true,"href":"https:\/\/roveyayinevi.com.tr\/index.php\/wp-json\/wp\/v2\/product_cat?post=720087"},{"taxonomy":"product_tag","embeddable":true,"href":"https:\/\/roveyayinevi.com.tr\/index.php\/wp-json\/wp\/v2\/product_tag?post=720087"}],"curies":[{"name":"wp","href":"https:\/\/api.w.org\/{rel}","templated":true}]}}