{"id":720086,"date":"2025-08-27T18:31:42","date_gmt":"2025-08-27T15:31:42","guid":{"rendered":"https:\/\/roveyayinevi.com.tr\/index.php\/urun\/bidigago-bir-dunya-cocuk\/"},"modified":"2026-04-16T02:27:59","modified_gmt":"2026-04-15T23:27:59","slug":"bidigago-bir-dunya-cocuk","status":"publish","type":"product","link":"https:\/\/roveyayinevi.com.tr\/index.php\/urun\/bidigago-bir-dunya-cocuk\/","title":{"rendered":"Bidigago Bir D\u00fcnya \u00c7ocuk"},"content":{"rendered":"<p>Hem e\u011flendirir hem \u00f6\u011fretir, Hem d\u00fc\u015f\u00fcnd\u00fcr\u00fcr hem sorgulat\u0131r. Bil bakal\u0131m bu nedir? Belki de kitab\u0131n i\u00e7indedir. Bidigago Bir D\u00fcnya \u00c7ocuk kitab\u0131nda oyunu, oyunla anlamay\u0131, oyunla g\u00f6rmeyi bulacaks\u0131n\u0131z. Bu kitap ile daha farkl\u0131 d\u00fc\u015f\u00fcnmeye ba\u015flad\u0131\u011f\u0131n\u0131z\u0131 g\u00f6receksiniz. <\/p>\n","protected":false},"excerpt":{"rendered":"<p>Hem e\u011flendirir hem \u00f6\u011fretir, Hem d\u00fc\u015f\u00fcnd\u00fcr\u00fcr hem sorgulat\u0131r. Bil bakal\u0131m bu nedir? Belki de kitab\u0131n i\u00e7indedir. Bidigago Bir D\u00fcnya \u00c7ocuk kitab\u0131nda oyunu, oyunla anlamay\u0131, oyunla g\u00f6rmeyi<span class=\"excerpt-hellip\"> [\u2026]<\/span><\/p>\n","protected":false},"featured_media":0,"template":"","meta":{"_monsterinsights_skip_tracking":false,"_monsterinsights_sitenote_active":false,"_monsterinsights_sitenote_note":"","_monsterinsights_sitenote_category":0},"product_brand":[],"product_cat":[12274,12284],"product_tag":[],"class_list":{"0":"post-720086","1":"product","2":"type-product","3":"status-publish","5":"product_cat-cocuk-ve-genclik-kitaplari","6":"product_cat-hikayeler","7":"pa_cilt-ciltsiz","8":"pa_tur-kitap","9":"pa_yayinevi-abm-yayinevi","10":"pa_yazar-eda-albayrak","12":"first","13":"instock","14":"sale","15":"shipping-taxable","16":"purchasable","17":"product-type-simple"},"_links":{"self":[{"href":"https:\/\/roveyayinevi.com.tr\/index.php\/wp-json\/wp\/v2\/product\/720086","targetHints":{"allow":["GET"]}}],"collection":[{"href":"https:\/\/roveyayinevi.com.tr\/index.php\/wp-json\/wp\/v2\/product"}],"about":[{"href":"https:\/\/roveyayinevi.com.tr\/index.php\/wp-json\/wp\/v2\/types\/product"}],"wp:attachment":[{"href":"https:\/\/roveyayinevi.com.tr\/index.php\/wp-json\/wp\/v2\/media?parent=720086"}],"wp:term":[{"taxonomy":"product_brand","embeddable":true,"href":"https:\/\/roveyayinevi.com.tr\/index.php\/wp-json\/wp\/v2\/product_brand?post=720086"},{"taxonomy":"product_cat","embeddable":true,"href":"https:\/\/roveyayinevi.com.tr\/index.php\/wp-json\/wp\/v2\/product_cat?post=720086"},{"taxonomy":"product_tag","embeddable":true,"href":"https:\/\/roveyayinevi.com.tr\/index.php\/wp-json\/wp\/v2\/product_tag?post=720086"}],"curies":[{"name":"wp","href":"https:\/\/api.w.org\/{rel}","templated":true}]}}