{"id":720084,"date":"2025-08-27T18:31:41","date_gmt":"2025-08-27T15:31:41","guid":{"rendered":"https:\/\/roveyayinevi.com.tr\/index.php\/urun\/cocuk-psikolojisi-3\/"},"modified":"2026-01-26T02:45:39","modified_gmt":"2026-01-25T23:45:39","slug":"cocuk-psikolojisi-3","status":"publish","type":"product","link":"https:\/\/roveyayinevi.com.tr\/index.php\/urun\/cocuk-psikolojisi-3\/","title":{"rendered":"\u00c7ocuk Psikolojisi"},"content":{"rendered":"<p>Erken D\u00f6nem Ya\u015fant\u0131lar\u0131 Anne-Baba \u00c7ocuk Etkile\u015fimiAile ile \u0130lgili \u00d6zel Durumlar \u00c7ocuklara Kazand\u0131r\u0131lmas\u0131 Gereken Beceriler \u00c7ocuk ve Okul\u00c7ocuklarda G\u00f6r\u00fclen Uyum ve Davran\u0131\u015f Sorunlar\u0131 Psikolojik sorunlar\u0131n neredeyse t\u00fcm\u00fcn\u00fcn temelinde erken d\u00f6nem ya\u015fant\u0131lar\u0131 yer al\u0131r. Bu konuda dan\u0131\u015fmanl\u0131k almaya gelen ki\u015filer, sorunlar\u0131n\u0131n i\u00e7inde ayn\u0131 zamanda \u00e7ocukluklar\u0131n\u0131 da getirmi\u015f olurlar. Bu y\u00fczden, \u00e7ocuklar\u0131n sa\u011fl\u0131kl\u0131 bir ergenlik ve yeti\u015fkinlik d\u00f6nemi ge\u00e7irmesi i\u00e7in anne-babalar\u0131n \u00e7ocuk psikolojisi konusunda bilin\u00e7lenmesi \u00e7ok \u00f6nemlidir. Psikolog S\u00dcLEYMAN HECEB\u0130L bu kitapta, hem \u00e7ocuk e\u011fitimi hem de psikojik dan\u0131\u015fmanl\u0131k konusundaki deneyimlerinden yararlanarak, anne-babalara \u00e7ocu\u011fun erken d\u00f6nem ya\u015fant\u0131lar\u0131 konusunda en \u00e7ok ihtiya\u00e7 duyabilecekleri ve ula\u015fmakta zorlanabilecekleri bilgileri sunuyor. \u201cDostum ve meslekta\u015f\u0131m S\u00fcleyman Hecebil, y\u0131llarca masa ba\u015f\u0131nda ve uygulama alan\u0131nda damla damla biriktirdiklerini, yeni ve co\u015fkulu bir sel halinde ana babalara sunuyor. Kitapta benim i\u00e7in de yeni olan \u015feyler var.\u201dProf. Dr. \u00dcST\u00dcN D\u00d6KMEN<\/p>\n","protected":false},"excerpt":{"rendered":"<p>Erken D\u00f6nem Ya\u015fant\u0131lar\u0131 Anne-Baba \u00c7ocuk Etkile\u015fimiAile ile \u0130lgili \u00d6zel Durumlar \u00c7ocuklara Kazand\u0131r\u0131lmas\u0131 Gereken Beceriler \u00c7ocuk ve Okul\u00c7ocuklarda G\u00f6r\u00fclen Uyum ve Davran\u0131\u015f Sorunlar\u0131 Psikolojik sorunlar\u0131n neredeyse t\u00fcm\u00fcn\u00fcn<span class=\"excerpt-hellip\"> [\u2026]<\/span><\/p>\n","protected":false},"featured_media":0,"template":"","meta":{"_monsterinsights_skip_tracking":false,"_monsterinsights_sitenote_active":false,"_monsterinsights_sitenote_note":"","_monsterinsights_sitenote_category":0},"product_brand":[],"product_cat":[12679,12357],"product_tag":[],"class_list":{"0":"post-720084","1":"product","2":"type-product","3":"status-publish","5":"product_cat-cocuk-psikolojisi","6":"product_cat-psikoloji","7":"pa_cilt-ciltsiz","8":"pa_tur-kitap","9":"pa_yayinevi-remzi-kitabevi","10":"pa_yazar-suleyman-hecebil","12":"first","13":"instock","14":"sale","15":"shipping-taxable","16":"purchasable","17":"product-type-simple"},"_links":{"self":[{"href":"https:\/\/roveyayinevi.com.tr\/index.php\/wp-json\/wp\/v2\/product\/720084","targetHints":{"allow":["GET"]}}],"collection":[{"href":"https:\/\/roveyayinevi.com.tr\/index.php\/wp-json\/wp\/v2\/product"}],"about":[{"href":"https:\/\/roveyayinevi.com.tr\/index.php\/wp-json\/wp\/v2\/types\/product"}],"wp:attachment":[{"href":"https:\/\/roveyayinevi.com.tr\/index.php\/wp-json\/wp\/v2\/media?parent=720084"}],"wp:term":[{"taxonomy":"product_brand","embeddable":true,"href":"https:\/\/roveyayinevi.com.tr\/index.php\/wp-json\/wp\/v2\/product_brand?post=720084"},{"taxonomy":"product_cat","embeddable":true,"href":"https:\/\/roveyayinevi.com.tr\/index.php\/wp-json\/wp\/v2\/product_cat?post=720084"},{"taxonomy":"product_tag","embeddable":true,"href":"https:\/\/roveyayinevi.com.tr\/index.php\/wp-json\/wp\/v2\/product_tag?post=720084"}],"curies":[{"name":"wp","href":"https:\/\/api.w.org\/{rel}","templated":true}]}}