{"id":720083,"date":"2025-08-27T18:31:40","date_gmt":"2025-08-27T15:31:40","guid":{"rendered":"https:\/\/roveyayinevi.com.tr\/index.php\/urun\/kafkasya\/"},"modified":"2026-04-16T02:27:59","modified_gmt":"2026-04-15T23:27:59","slug":"kafkasya","status":"publish","type":"product","link":"https:\/\/roveyayinevi.com.tr\/index.php\/urun\/kafkasya\/","title":{"rendered":"Kafkasya"},"content":{"rendered":"<p>Elinizdeki bu kitap Kafkasya\u2019y\u0131 enine boyuna inceleyen b\u00fcy\u00fcleyici bir \u00e7al\u0131\u015fma. Avrupa, Asya ve Ortado\u011fu\u2019nun s\u0131n\u0131rlar\u0131nda yer alan bu karma\u015f\u0131k b\u00f6lgenin tarih \u00f6ncesinden bug\u00fcn\u00fcne \u0131\u015f\u0131k tutan, Kafkasya\u2019n\u0131n tarihini bir b\u00fct\u00fcn halinde sunan kitap, modern tarih\u00e7ili\u011fin emsalsiz \u00f6rneklerinden biri. Kafkasya binlerce y\u0131l boyunca birbirleriyle kesi\u015fen g\u00f6\u00e7, istila, ticaret ve k\u00fclt\u00fcr yollar\u0131n\u0131n bir merkezi; Avrupa ile Asya aras\u0131nda tekrar tekrar kar\u015f\u0131la\u015f\u0131lan, istilalara a\u00e7\u0131k bir k\u00f6pr\u00fc olmu\u015ftur. Hem \u0130ngilizce ve Rus\u00e7a kaynaklara hem de Fars\u00e7a ve Arap\u00e7a \u00e7evirilere dayanan bu yetkin \u00e7al\u0131\u015fma, b\u00f6lgenin Ermeniler, Azeriler, \u00c7e\u00e7enler, Da\u011f\u0131stanl\u0131lar, \u00c7erkezler ve G\u00fcrc\u00fcler de dahil olmak \u00fczere yerli topluluklar\u0131 ve onlar\u0131n, b\u00f6lge ya\u015fam\u0131nda bug\u00fcn h\u00e2l\u00e2 rol oynayan b\u00f6lge d\u0131\u015f\u0131ndan topluluklarla ili\u015fkileri \u00fczerinde yo\u011funla\u015fmakta. Kitap bunun yan\u0131 s\u0131ra, Kafkas \u00fclkerinde Rus emperyalizminin rol\u00fcne ve yerli topluluklar\u0131n\u0131n b\u00fcy\u00fck bir k\u0131sm\u0131n\u0131n nazik dengelere dayanan ba\u011f\u0131ms\u0131zl\u0131k giri\u015fimleri u\u011fruna umutsuz m\u00fccadelelerine ele\u015ftirel bir bak\u0131\u015f a\u00e7\u0131s\u0131 da sa\u011flamaktad\u0131r. <\/p>\n","protected":false},"excerpt":{"rendered":"<p>Elinizdeki bu kitap Kafkasya\u2019y\u0131 enine boyuna inceleyen b\u00fcy\u00fcleyici bir \u00e7al\u0131\u015fma. Avrupa, Asya ve Ortado\u011fu\u2019nun s\u0131n\u0131rlar\u0131nda yer alan bu karma\u015f\u0131k b\u00f6lgenin tarih \u00f6ncesinden bug\u00fcn\u00fcne \u0131\u015f\u0131k tutan, Kafkasya\u2019n\u0131n<span class=\"excerpt-hellip\"> [\u2026]<\/span><\/p>\n","protected":false},"featured_media":0,"template":"","meta":{"_monsterinsights_skip_tracking":false,"_monsterinsights_sitenote_active":false,"_monsterinsights_sitenote_note":"","_monsterinsights_sitenote_category":0},"product_brand":[],"product_cat":[12370,12304],"product_tag":[],"class_list":{"0":"post-720083","1":"product","2":"type-product","3":"status-publish","5":"product_cat-arastirma-inceleme","6":"product_cat-tarih","7":"pa_cilt-ciltsiz","8":"pa_tur-kitap","9":"pa_yayinevi-ayrinti-yayinlari","10":"pa_yazar-james-forsyth","12":"first","13":"instock","14":"sale","15":"shipping-taxable","16":"purchasable","17":"product-type-simple"},"_links":{"self":[{"href":"https:\/\/roveyayinevi.com.tr\/index.php\/wp-json\/wp\/v2\/product\/720083","targetHints":{"allow":["GET"]}}],"collection":[{"href":"https:\/\/roveyayinevi.com.tr\/index.php\/wp-json\/wp\/v2\/product"}],"about":[{"href":"https:\/\/roveyayinevi.com.tr\/index.php\/wp-json\/wp\/v2\/types\/product"}],"wp:attachment":[{"href":"https:\/\/roveyayinevi.com.tr\/index.php\/wp-json\/wp\/v2\/media?parent=720083"}],"wp:term":[{"taxonomy":"product_brand","embeddable":true,"href":"https:\/\/roveyayinevi.com.tr\/index.php\/wp-json\/wp\/v2\/product_brand?post=720083"},{"taxonomy":"product_cat","embeddable":true,"href":"https:\/\/roveyayinevi.com.tr\/index.php\/wp-json\/wp\/v2\/product_cat?post=720083"},{"taxonomy":"product_tag","embeddable":true,"href":"https:\/\/roveyayinevi.com.tr\/index.php\/wp-json\/wp\/v2\/product_tag?post=720083"}],"curies":[{"name":"wp","href":"https:\/\/api.w.org\/{rel}","templated":true}]}}