{"id":720080,"date":"2025-08-27T18:31:39","date_gmt":"2025-08-27T15:31:39","guid":{"rendered":"https:\/\/roveyayinevi.com.tr\/index.php\/urun\/duran-her-sey-hareket-ediyor\/"},"modified":"2026-04-16T02:27:59","modified_gmt":"2026-04-15T23:27:59","slug":"duran-her-sey-hareket-ediyor","status":"publish","type":"product","link":"https:\/\/roveyayinevi.com.tr\/index.php\/urun\/duran-her-sey-hareket-ediyor\/","title":{"rendered":"Duran Her \u015eey Hareket Ediyor"},"content":{"rendered":"<p>Aykut K\u00f6ksal\u2019\u0131n genel yay\u0131n y\u00f6netmenli\u011finde kurulan Arketon Yay\u0131nlar\u0131\u2019n\u0131n ilk kitab\u0131 yay\u0131mland\u0131. Atilla Y\u00fccel\u2019in \u0130stanbul yaz\u0131lar\u0131ndan olu\u015fan kitap \u201cDuran Her \u015eey Hareket Ediyor\u201d ad\u0131n\u0131 ta\u015f\u0131yor. 2018\u2019de yitirdi\u011fimiz Atilla Y\u00fccel, akademisyen ve entelekt\u00fcel kimli\u011fiyle mimarl\u0131k d\u00fcnyas\u0131n\u0131n \u00f6nde gelen ki\u015fileri aras\u0131nda yer al\u0131yordu. \u0130stanbul \u00fczerine yazd\u0131\u011f\u0131 metinlerden olu\u015fan kitap, kentin modernle\u015fme \u00f6yk\u00fcs\u00fcnden mimarl\u0131\u011f\u0131na, siluet sorunundan 19. y\u00fczy\u0131l s\u0131ra evlerine, Taksim Meydan\u0131\u2019ndan Galata ve Pera\u2019ya uzanan geni\u015f bir \u00e7er\u00e7eve \u00e7iziyor.   Atilla Y\u00fccel, kitaba yazd\u0131\u011f\u0131 \u00f6ns\u00f6zde \u015f\u00f6yle diyor: \u201c\u0130stanbul Yaz\u0131lar\u0131, \u00fczerinde binlerce, on binlerce yaz\u0131n\u0131n, yap\u0131t\u0131n, d\u00fc\u015f\u00fcn in\u015fa edildi\u011fi bir ger\u00e7ekli\u011fin, \u0130stanbul\u2019un kent mek\u00e2n\u0131 ve mimarl\u0131k ile ilgili g\u00f6r\u00fcn\u00fcmleri \u00fczerine \u00fcretilmi\u015f baz\u0131 sat\u0131rlar\u0131n bir derlemesi. \u0130stanbul bir kent, ayn\u0131 zamanda bir kavram, ayn\u0131 zamanda, y\u00fczy\u0131llar boyunca olu\u015fmu\u015f bir tarihsel birikime dayanan bir k\u00fclt\u00fcr\u00fcn, bir aidiyetin ad\u0131, bir k\u00fclliyat\u0131n nesnesi, belki bir mitos. Bug\u00fcn\u00fcn karma\u015f\u0131k megapol ger\u00e7ekli\u011fi, farkl\u0131 d\u00f6nemlerdeki daha sade bir kozmopolit varolu\u015fun k\u00fcresel dinamikler sonucunda her g\u00fcn yeniden bi\u00e7im kazanmakta olan bir ba\u015fka katman\u0131. \u0130stanbul k\u00fclliyat\u0131 edebiyattan d\u00fc\u015f\u00fcnceye ve bilime bu katmanla\u015fman\u0131n farkl\u0131 d\u00f6nemlerini, farkl\u0131 izlerini, farkl\u0131 izlenimlerini i\u00e7eriyor.   \u0130stanbul Yaz\u0131lar\u0131  bu zengin ve farkl\u0131l\u0131klar i\u00e7eren k\u00fclliyat i\u00e7inde bir k\u00fc\u00e7\u00fck halka oldu\u011fu kadar yazar a\u00e7\u0131s\u0131ndan ayn\u0131 zamanda kendi d\u00fc\u015f\u00fcnce ve yaz\u0131n ya\u015fam\u0131n\u0131n bir halkas\u0131, ba\u015fka mek\u00e2nlarla, ba\u015fka deneyimlerle, ba\u015fka d\u00fc\u015f\u00fcncelerle ve ba\u015fka metinlerle ili\u015fkileri var. \u00c7\u00fcnk\u00fc her metin nesnesini dile getirirken kendi \u00f6yk\u00fcs\u00fcn\u00fc ve kendi ger\u00e7ekli\u011fini de i\u00e7inde bar\u0131nd\u0131r\u0131r ve \u00f6rt\u00fcl\u00fc bi\u00e7imde de olsa if\u015fa eder.\u201d <\/p>\n","protected":false},"excerpt":{"rendered":"<p>Aykut K\u00f6ksal\u2019\u0131n genel yay\u0131n y\u00f6netmenli\u011finde kurulan Arketon Yay\u0131nlar\u0131\u2019n\u0131n ilk kitab\u0131 yay\u0131mland\u0131. Atilla Y\u00fccel\u2019in \u0130stanbul yaz\u0131lar\u0131ndan olu\u015fan kitap \u201cDuran Her \u015eey Hareket Ediyor\u201d ad\u0131n\u0131 ta\u015f\u0131yor. 2018\u2019de yitirdi\u011fimiz<span class=\"excerpt-hellip\"> [\u2026]<\/span><\/p>\n","protected":false},"featured_media":0,"template":"","meta":{"_monsterinsights_skip_tracking":false,"_monsterinsights_sitenote_active":false,"_monsterinsights_sitenote_note":"","_monsterinsights_sitenote_category":0},"product_brand":[],"product_cat":[13512,12408],"product_tag":[],"class_list":{"0":"post-720080","1":"product","2":"type-product","3":"status-publish","5":"product_cat-mimarlik","6":"product_cat-sanat","7":"pa_cilt-ciltsiz","8":"pa_tur-kitap","9":"pa_yayinevi-arketon-yayincilik","10":"pa_yazar-atilla-yucel","12":"first","13":"instock","14":"sale","15":"shipping-taxable","16":"purchasable","17":"product-type-simple"},"_links":{"self":[{"href":"https:\/\/roveyayinevi.com.tr\/index.php\/wp-json\/wp\/v2\/product\/720080","targetHints":{"allow":["GET"]}}],"collection":[{"href":"https:\/\/roveyayinevi.com.tr\/index.php\/wp-json\/wp\/v2\/product"}],"about":[{"href":"https:\/\/roveyayinevi.com.tr\/index.php\/wp-json\/wp\/v2\/types\/product"}],"wp:attachment":[{"href":"https:\/\/roveyayinevi.com.tr\/index.php\/wp-json\/wp\/v2\/media?parent=720080"}],"wp:term":[{"taxonomy":"product_brand","embeddable":true,"href":"https:\/\/roveyayinevi.com.tr\/index.php\/wp-json\/wp\/v2\/product_brand?post=720080"},{"taxonomy":"product_cat","embeddable":true,"href":"https:\/\/roveyayinevi.com.tr\/index.php\/wp-json\/wp\/v2\/product_cat?post=720080"},{"taxonomy":"product_tag","embeddable":true,"href":"https:\/\/roveyayinevi.com.tr\/index.php\/wp-json\/wp\/v2\/product_tag?post=720080"}],"curies":[{"name":"wp","href":"https:\/\/api.w.org\/{rel}","templated":true}]}}