{"id":720074,"date":"2025-08-27T18:31:34","date_gmt":"2025-08-27T15:31:34","guid":{"rendered":"https:\/\/roveyayinevi.com.tr\/index.php\/urun\/edebiyatin-cadilari\/"},"modified":"2026-04-13T02:34:47","modified_gmt":"2026-04-12T23:34:47","slug":"edebiyatin-cadilari","status":"publish","type":"product","link":"https:\/\/roveyayinevi.com.tr\/index.php\/urun\/edebiyatin-cadilari\/","title":{"rendered":"Edebiyat\u0131n Cad\u0131lar\u0131"},"content":{"rendered":"<p>Kad\u0131n yazarlar\u0131n bir araya geldi\u011fi b\u00fcy\u00fc \u015f\u00f6leni&#8230; Virginia Woolf,  Toni Morrison, Emily Dickinson, Mary Shelley ve di\u011ferleri&#8230; D\u00fcnyan\u0131n ba\u015far\u0131l\u0131 kad\u0131n yazarlar\u0131 b\u00fcy\u00fcyle bulu\u015fuyor. Taisia Kitaiskaia\u2019n\u0131n g\u00fc\u00e7l\u00fc kelimeleri, Katy Horan\u2019\u0131n ola\u011fan\u00fcst\u00fc ill\u00fcstrasyonlar\u0131yla birle\u015fiyor ve kad\u0131n yazarlar en sihirli yanlar\u0131yla birer b\u00fcy\u00fcc\u00fcye d\u00f6n\u00fc\u015f\u00fcyor. \u00dcstelik bu yazarlar\u0131n b\u00fcy\u00fc yapmak i\u00e7in ihtiya\u00e7 duydu\u011fu \u015feyler sadece bir kalem ve bir k\u00e2\u011f\u0131t. Sihirleri hayat\u0131m\u0131zdan eksik olmas\u0131n!\u201cEdebiyat\u0131n Cad\u0131lar\u0131, b\u00fcy\u00fcc\u00fcl\u00fc\u011f\u00fcn ta kendisi, \u00f6l\u00fcleri de dirileride uyand\u0131racak bir b\u00fcy\u00fc kitab\u0131&#8230; Canland\u0131r\u0131c\u0131, d\u00f6n\u00fc\u015ft\u00fcr\u00fcc\u00fc,etkileyici, ola\u011fan\u00fcst\u00fc. Hem edebi bir eser hem deminyat\u00fcr bir ansiklopedi.\u201dJia Tolentino, The New Yorker online<\/p>\n","protected":false},"excerpt":{"rendered":"<p>Kad\u0131n yazarlar\u0131n bir araya geldi\u011fi b\u00fcy\u00fc \u015f\u00f6leni&#8230; Virginia Woolf, Toni Morrison, Emily Dickinson, Mary Shelley ve di\u011ferleri&#8230; D\u00fcnyan\u0131n ba\u015far\u0131l\u0131 kad\u0131n yazarlar\u0131 b\u00fcy\u00fcyle bulu\u015fuyor. Taisia Kitaiskaia\u2019n\u0131n g\u00fc\u00e7l\u00fc<span class=\"excerpt-hellip\"> [\u2026]<\/span><\/p>\n","protected":false},"featured_media":0,"template":"","meta":{"_monsterinsights_skip_tracking":false,"_monsterinsights_sitenote_active":false,"_monsterinsights_sitenote_note":"","_monsterinsights_sitenote_category":0},"product_brand":[],"product_cat":[12291,12711],"product_tag":[],"class_list":{"0":"post-720074","1":"product","2":"type-product","3":"status-publish","5":"product_cat-edebiyat","6":"product_cat-roman-oyku","7":"pa_cilt-ciltsiz","8":"pa_tur-kitap","9":"pa_yayinevi-hep-kitap","10":"pa_yazar-taisia-kitaiskaia","12":"first","13":"instock","14":"sale","15":"shipping-taxable","16":"purchasable","17":"product-type-simple"},"_links":{"self":[{"href":"https:\/\/roveyayinevi.com.tr\/index.php\/wp-json\/wp\/v2\/product\/720074","targetHints":{"allow":["GET"]}}],"collection":[{"href":"https:\/\/roveyayinevi.com.tr\/index.php\/wp-json\/wp\/v2\/product"}],"about":[{"href":"https:\/\/roveyayinevi.com.tr\/index.php\/wp-json\/wp\/v2\/types\/product"}],"wp:attachment":[{"href":"https:\/\/roveyayinevi.com.tr\/index.php\/wp-json\/wp\/v2\/media?parent=720074"}],"wp:term":[{"taxonomy":"product_brand","embeddable":true,"href":"https:\/\/roveyayinevi.com.tr\/index.php\/wp-json\/wp\/v2\/product_brand?post=720074"},{"taxonomy":"product_cat","embeddable":true,"href":"https:\/\/roveyayinevi.com.tr\/index.php\/wp-json\/wp\/v2\/product_cat?post=720074"},{"taxonomy":"product_tag","embeddable":true,"href":"https:\/\/roveyayinevi.com.tr\/index.php\/wp-json\/wp\/v2\/product_tag?post=720074"}],"curies":[{"name":"wp","href":"https:\/\/api.w.org\/{rel}","templated":true}]}}