{"id":720073,"date":"2025-08-27T18:31:33","date_gmt":"2025-08-27T15:31:33","guid":{"rendered":"https:\/\/roveyayinevi.com.tr\/index.php\/urun\/2-abdulhamit-han-payitahtin-sultani\/"},"modified":"2026-04-16T02:27:59","modified_gmt":"2026-04-15T23:27:59","slug":"2-abdulhamit-han-payitahtin-sultani","status":"publish","type":"product","link":"https:\/\/roveyayinevi.com.tr\/index.php\/urun\/2-abdulhamit-han-payitahtin-sultani\/","title":{"rendered":"2. Abd\u00fclhamit Han &#8211; Payitaht\u0131n Sultan\u0131"},"content":{"rendered":"<p>Abd\u00fclhamid Han, siyasi dehas\u0131, ilgin\u00e7 ve renkli ki\u015fili\u011fi, teknolojiye olan merak\u0131yla pek \u00e7ok \u00f6nemli faaliyete imza atm\u0131\u015ft\u0131. \u00d6rne\u011fin: \u2022 \u00dclkemize ilk defa otomobilin gelmesini sa\u011flam\u0131\u015ft\u0131. \u2022 Polisiye romanlar\u0131 dilimize \u00e7evirttirmi\u015f; Sherlock Holmes&#8217;un yazar\u0131 Sir Arthur Conan Doyle&#8217;yi mecidiye ni\u015fan\u0131 vererek taltif etmi\u015fti. \u2022 Beyaz\u0131t K\u00fct\u00fcphanesi&#8217;ne 30 bin kitap ba\u011f\u0131\u015flam\u0131\u015ft\u0131. \u2022 Foto\u011fraf\u00e7\u0131l\u0131\u011fa olan ilgisinden dolay\u0131 900 alb\u00fcm ve 35 bin foto\u011fraftan olu\u015fan muazzam bir ar\u015fivin olu\u015fmas\u0131n\u0131 sa\u011flam\u0131\u015ft\u0131. \u2022 Istanbul&#8217;dan Hicaz&#8217;a kadar uzanan dev demiryolu projesini ger\u00e7ekle\u015ftirmi\u015fti. \u2022 Modern m\u00fczecili\u011fin temellerinin at\u0131lmas\u0131n\u0131 sa\u011flam\u0131\u015ft\u0131. \u2022 Fakir aileler \u00e7ocuklar\u0131n\u0131 tedavi ettirebilsinler diye \u015ei\u015fli Etfal Hastanesi&#8217;ni in\u015fa ettirmi\u015fti. \u2022 D\u00fcnyan\u0131n ilk di\u015f\u00e7ilik okulunu a\u00e7t\u0131rm\u0131\u015ft\u0131. Yapt\u0131ldanyla y\u00fcz y\u0131l sonra bile hayranl\u0131k ve merak uyand\u0131rmay\u0131 ba\u015faran 2. Abd\u00fclhamid Hadi daha yak\u0131ndan tan\u0131mak istiyorsan\u0131z k\u00fct\u00fcphanenizde bu kitaba yer a\u00e7\u0131n. <\/p>\n","protected":false},"excerpt":{"rendered":"<p>Abd\u00fclhamid Han, siyasi dehas\u0131, ilgin\u00e7 ve renkli ki\u015fili\u011fi, teknolojiye olan merak\u0131yla pek \u00e7ok \u00f6nemli faaliyete imza atm\u0131\u015ft\u0131. \u00d6rne\u011fin: \u2022 \u00dclkemize ilk defa otomobilin gelmesini sa\u011flam\u0131\u015ft\u0131. \u2022<span class=\"excerpt-hellip\"> [\u2026]<\/span><\/p>\n","protected":false},"featured_media":0,"template":"","meta":{"_monsterinsights_skip_tracking":false,"_monsterinsights_sitenote_active":false,"_monsterinsights_sitenote_note":"","_monsterinsights_sitenote_category":0},"product_brand":[],"product_cat":[13946,12304],"product_tag":[],"class_list":{"0":"post-720073","1":"product","2":"type-product","3":"status-publish","5":"product_cat-biyografi-otobiyografi","6":"product_cat-tarih","7":"pa_cilt-ciltsiz","8":"pa_tur-kitap","9":"pa_yayinevi-ugurbocegi-yayinlari","10":"pa_yazar-zehra-aygul","12":"first","13":"instock","14":"sale","15":"shipping-taxable","16":"purchasable","17":"product-type-simple"},"_links":{"self":[{"href":"https:\/\/roveyayinevi.com.tr\/index.php\/wp-json\/wp\/v2\/product\/720073","targetHints":{"allow":["GET"]}}],"collection":[{"href":"https:\/\/roveyayinevi.com.tr\/index.php\/wp-json\/wp\/v2\/product"}],"about":[{"href":"https:\/\/roveyayinevi.com.tr\/index.php\/wp-json\/wp\/v2\/types\/product"}],"wp:attachment":[{"href":"https:\/\/roveyayinevi.com.tr\/index.php\/wp-json\/wp\/v2\/media?parent=720073"}],"wp:term":[{"taxonomy":"product_brand","embeddable":true,"href":"https:\/\/roveyayinevi.com.tr\/index.php\/wp-json\/wp\/v2\/product_brand?post=720073"},{"taxonomy":"product_cat","embeddable":true,"href":"https:\/\/roveyayinevi.com.tr\/index.php\/wp-json\/wp\/v2\/product_cat?post=720073"},{"taxonomy":"product_tag","embeddable":true,"href":"https:\/\/roveyayinevi.com.tr\/index.php\/wp-json\/wp\/v2\/product_tag?post=720073"}],"curies":[{"name":"wp","href":"https:\/\/api.w.org\/{rel}","templated":true}]}}