{"id":720072,"date":"2025-08-27T18:31:32","date_gmt":"2025-08-27T15:31:32","guid":{"rendered":"https:\/\/roveyayinevi.com.tr\/index.php\/urun\/cocuk-geliyor\/"},"modified":"2026-04-03T02:34:26","modified_gmt":"2026-04-02T23:34:26","slug":"cocuk-geliyor","status":"publish","type":"product","link":"https:\/\/roveyayinevi.com.tr\/index.php\/urun\/cocuk-geliyor\/","title":{"rendered":"\u00c7ocuk Geliyor"},"content":{"rendered":"<p>2016 Uluslararas\u0131 Man Booker \u00d6d\u00fcll\u00fc Vejetaryen&#8217;in yazar\u0131 Han Kang&#8217;dan \u00c7ocuk Geliyor.18 May\u0131s 1980 Gwangju KoreBak Co\u0131n\u011f Hi&#8217;ye 1979 y\u0131l\u0131nda ger\u00e7ekle\u015ftirilen suikast\u0131n ard\u0131ndan yeni iktidar y\u00f6netime ge\u00e7mek \u00fczere harekete ge\u00e7ti. Kore halk\u0131 demokrasinin daha fazla zarar g\u00f6rmesini istemiyordu, \u00fclkenin d\u00f6rt bir yan\u0131nda gen\u00e7lerin ba\u015f\u0131n\u0131 \u00e7ekti\u011fi protestolar ba\u015flad\u0131. Ordu iktidara el koydu. Ama\u00e7lar\u0131n\u0131n \u00f6\u011frenci ve i\u015f\u00e7i eylemlerini bast\u0131rmak oldu\u011funu s\u00f6ylediler. Silahs\u0131z eylemcilere ate\u015f a\u00e7\u0131ld\u0131, i\u015fkence edildi, say\u0131s\u0131z insan tutukland\u0131.Dokuz g\u00fcn s\u00fcren olaylar ard\u0131nda binlerce yaral\u0131 ve h\u00e2l\u00e2 say\u0131s\u0131 tam belirlenememi\u015f y\u00fczlerce \u00f6l\u00fc b\u0131rakt\u0131. Olaylar Gwangju Ayaklanmas\u0131 ismiyle demokrasi tarihine ge\u00e7ti.Han Kang, \u00f6l\u00fclerle, geride b\u0131rakt\u0131klar\u0131 ya\u015fayan \u00f6l\u00fcler aras\u0131ndaki ince \u00e7izgiden yaz\u0131yor. Alacakaranl\u0131k ku\u015fa\u011f\u0131na korkusuzca dal\u0131yor, adalet ve demokrasi tarihinin kanl\u0131 bir sayfas\u0131n\u0131, g\u00fcn\u00fcm\u00fczdeki yans\u0131malar\u0131n\u0131n \u0131\u015f\u0131\u011f\u0131nda evrensel bir hikayeye d\u00f6n\u00fc\u015ft\u00fcr\u00fcyor.&#8221;Ak\u0131ldan \u00e7\u0131karmas\u0131 g\u00fc\u00e7 bir anlat\u0131.&#8221;- Observer&#8221;\u00d6zg\u00fcn, yo\u011fun ve k\u0131\u015fk\u0131rt\u0131c\u0131. \u00c7ok cesur. \u00c7ocuk Geliyor itiraz\u0131n\u0131 edebiyatla yapan bir yazar\u0131n \u015faheseri.&#8221;- Newsday&#8221;Teknik ve i\u00e7erik bak\u0131m\u0131ndan edebi bir zafer&#8230;&#8221;- The Sunday Telegraph (5 y\u0131ld\u0131z)<\/p>\n","protected":false},"excerpt":{"rendered":"<p>2016 Uluslararas\u0131 Man Booker \u00d6d\u00fcll\u00fc Vejetaryen&#8217;in yazar\u0131 Han Kang&#8217;dan \u00c7ocuk Geliyor.18 May\u0131s 1980 Gwangju KoreBak Co\u0131n\u011f Hi&#8217;ye 1979 y\u0131l\u0131nda ger\u00e7ekle\u015ftirilen suikast\u0131n ard\u0131ndan yeni iktidar y\u00f6netime ge\u00e7mek<span class=\"excerpt-hellip\"> [\u2026]<\/span><\/p>\n","protected":false},"featured_media":0,"template":"","meta":{"_monsterinsights_skip_tracking":false,"_monsterinsights_sitenote_active":false,"_monsterinsights_sitenote_note":"","_monsterinsights_sitenote_category":0},"product_brand":[],"product_cat":[12291,12711],"product_tag":[],"class_list":{"0":"post-720072","1":"product","2":"type-product","3":"status-publish","5":"product_cat-edebiyat","6":"product_cat-roman-oyku","7":"pa_cilt-ciltsiz","8":"pa_tur-kitap","9":"pa_yayinevi-april-yayincilik","10":"pa_yazar-han-kang","12":"first","13":"instock","14":"sale","15":"shipping-taxable","16":"purchasable","17":"product-type-simple"},"_links":{"self":[{"href":"https:\/\/roveyayinevi.com.tr\/index.php\/wp-json\/wp\/v2\/product\/720072","targetHints":{"allow":["GET"]}}],"collection":[{"href":"https:\/\/roveyayinevi.com.tr\/index.php\/wp-json\/wp\/v2\/product"}],"about":[{"href":"https:\/\/roveyayinevi.com.tr\/index.php\/wp-json\/wp\/v2\/types\/product"}],"wp:attachment":[{"href":"https:\/\/roveyayinevi.com.tr\/index.php\/wp-json\/wp\/v2\/media?parent=720072"}],"wp:term":[{"taxonomy":"product_brand","embeddable":true,"href":"https:\/\/roveyayinevi.com.tr\/index.php\/wp-json\/wp\/v2\/product_brand?post=720072"},{"taxonomy":"product_cat","embeddable":true,"href":"https:\/\/roveyayinevi.com.tr\/index.php\/wp-json\/wp\/v2\/product_cat?post=720072"},{"taxonomy":"product_tag","embeddable":true,"href":"https:\/\/roveyayinevi.com.tr\/index.php\/wp-json\/wp\/v2\/product_tag?post=720072"}],"curies":[{"name":"wp","href":"https:\/\/api.w.org\/{rel}","templated":true}]}}