{"id":720071,"date":"2025-08-27T18:31:32","date_gmt":"2025-08-27T15:31:32","guid":{"rendered":"https:\/\/roveyayinevi.com.tr\/index.php\/urun\/kapsamli-almanca-sozluk\/"},"modified":"2026-04-16T02:27:59","modified_gmt":"2026-04-15T23:27:59","slug":"kapsamli-almanca-sozluk","status":"publish","type":"product","link":"https:\/\/roveyayinevi.com.tr\/index.php\/urun\/kapsamli-almanca-sozluk\/","title":{"rendered":"Kapsaml\u0131 Almanca S\u00f6zl\u00fck"},"content":{"rendered":"<p>Kapsaml\u0131 Almanca S\u00f6zl\u00fck, ger\u00e7ek bir \u00f6\u011frenme s\u00f6zl\u00fc\u011f\u00fcd\u00fcr. Almanca ve T\u00fcrk\u00e7e \u00f6\u011frenenler, bu s\u00f6zl\u00fckte g\u00fcnl\u00fck ileti\u015fim i\u00e7in ihtiya\u00e7 duyduklar\u0131 kelime hazinesinin en \u00f6nemli b\u00f6l\u00fcm\u00fcn\u00fc (yakla\u015f\u0131k 50 bin madde) bulabilecektir.G\u00fcn\u00fcm\u00fcz Almancas\u0131 ve T\u00fcrk\u00e7esinin genel kelime hazinesinin olabildi\u011fince kapsaml\u0131 bir \u015fekilde sunulmas\u0131na \u00e7al\u0131\u015f\u0131l\u0131rken, uzmanl\u0131k alanlar\u0131 dilleri, \u00f6zel diller, Almancada b\u00f6lge a\u011f\u0131zlar\u0131 ve kelimelerin \u00fcsl\u0217p de\u011ferleri de dikkate al\u0131nm\u0131\u015ft\u0131r. Almancan\u0131n Avusturya\u2019daki ve \u0130svi\u00e7re\u2019deki kullan\u0131m farkl\u0131l\u0131klar\u0131 da imk\u00e2n \u00f6l\u00e7\u00fcs\u00fcnde belirtilmi\u015ftir.S\u00f6zl\u00fc\u011f\u00fcn her iki b\u00f6l\u00fcm\u00fcnde yaz\u0131m, s\u00f6yleyi\u015f (tel\u00e2ffuz), (s\u0131n\u0131rl\u0131 \u00f6l\u00e7\u00fcde) etimoloji, gramer ve \u00fcslup konular\u0131nda binlerce not yer almaktad\u0131r.Madde ba\u015f\u0131 kelimeler a\u00e7\u0131k se\u00e7ik ve kolay anla\u015f\u0131l\u0131r bi\u00e7imde a\u00e7\u0131klanm\u0131\u015ft\u0131r. Almanca kelimelerin tan\u0131ml\u0131\u011f\u0131 (Artikeli) net bi\u00e7imde yaz\u0131lm\u0131\u015f, k\u0131saltma kullan\u0131lmam\u0131\u015ft\u0131r.Her kelime ve kelimenin anlamlar\u0131, kullan\u0131m \u00f6rnekleriyle, \u00f6rnek c\u00fcmlelerle g\u00f6sterilmeye \u00e7al\u0131\u015f\u0131lm\u0131\u015ft\u0131r.<\/p>\n","protected":false},"excerpt":{"rendered":"<p>Kapsaml\u0131 Almanca S\u00f6zl\u00fck, ger\u00e7ek bir \u00f6\u011frenme s\u00f6zl\u00fc\u011f\u00fcd\u00fcr. Almanca ve T\u00fcrk\u00e7e \u00f6\u011frenenler, bu s\u00f6zl\u00fckte g\u00fcnl\u00fck ileti\u015fim i\u00e7in ihtiya\u00e7 duyduklar\u0131 kelime hazinesinin en \u00f6nemli b\u00f6l\u00fcm\u00fcn\u00fc (yakla\u015f\u0131k 50 bin<span class=\"excerpt-hellip\"> [\u2026]<\/span><\/p>\n","protected":false},"featured_media":0,"template":"","meta":{"_monsterinsights_skip_tracking":false,"_monsterinsights_sitenote_active":false,"_monsterinsights_sitenote_note":"","_monsterinsights_sitenote_category":0},"product_brand":[],"product_cat":[31846,12566,13611],"product_tag":[],"class_list":{"0":"post-720071","1":"product","2":"type-product","3":"status-publish","5":"product_cat-almanca-sozlukler","6":"product_cat-egitim","7":"product_cat-sozlukler-ve-konusma-kilavuzlari","8":"pa_cilt-ciltsiz","9":"pa_tur-kitap","10":"pa_yayinevi-bilge-kultur-sanat","11":"pa_yazar-kolektif","13":"first","14":"instock","15":"sale","16":"shipping-taxable","17":"purchasable","18":"product-type-simple"},"_links":{"self":[{"href":"https:\/\/roveyayinevi.com.tr\/index.php\/wp-json\/wp\/v2\/product\/720071","targetHints":{"allow":["GET"]}}],"collection":[{"href":"https:\/\/roveyayinevi.com.tr\/index.php\/wp-json\/wp\/v2\/product"}],"about":[{"href":"https:\/\/roveyayinevi.com.tr\/index.php\/wp-json\/wp\/v2\/types\/product"}],"wp:attachment":[{"href":"https:\/\/roveyayinevi.com.tr\/index.php\/wp-json\/wp\/v2\/media?parent=720071"}],"wp:term":[{"taxonomy":"product_brand","embeddable":true,"href":"https:\/\/roveyayinevi.com.tr\/index.php\/wp-json\/wp\/v2\/product_brand?post=720071"},{"taxonomy":"product_cat","embeddable":true,"href":"https:\/\/roveyayinevi.com.tr\/index.php\/wp-json\/wp\/v2\/product_cat?post=720071"},{"taxonomy":"product_tag","embeddable":true,"href":"https:\/\/roveyayinevi.com.tr\/index.php\/wp-json\/wp\/v2\/product_tag?post=720071"}],"curies":[{"name":"wp","href":"https:\/\/api.w.org\/{rel}","templated":true}]}}