{"id":720069,"date":"2025-08-27T18:31:31","date_gmt":"2025-08-27T15:31:31","guid":{"rendered":"https:\/\/roveyayinevi.com.tr\/index.php\/urun\/modern-mayr-beslenme-yontemiyle-sindirim-sanati\/"},"modified":"2026-04-16T02:27:59","modified_gmt":"2026-04-15T23:27:59","slug":"modern-mayr-beslenme-yontemiyle-sindirim-sanati","status":"publish","type":"product","link":"https:\/\/roveyayinevi.com.tr\/index.php\/urun\/modern-mayr-beslenme-yontemiyle-sindirim-sanati\/","title":{"rendered":"Modern Mayr Beslenme Y\u00f6ntemiyle Sindirim Sanat\u0131"},"content":{"rendered":"<p>\u201cMedeniyetin sebep oldu\u011fu b\u00fct\u00fcn hastal\u0131klardan korunmak ve tedavi etmek i\u00e7in b\u00fct\u00fcnc\u00fcl ve rahat uygulanan bir y\u00f6ntem F. X. Mayr Hekimli\u011fi&#8230;F. X. Mayr Terapisi\u2019nin ba\u015fl\u0131ca etkileri sindirim sisteminin yenilenmesi, metabolizman\u0131n dengelenmesi, v\u00fccudun duru\u015f bi\u00e7iminin d\u00fczeltilmesi, enflamasyonun azalt\u0131lmas\u0131, ins\u00fclin d\u00fczeylerinin d\u00fc\u015f\u00fcr\u00fclmesi, h\u00fccresel otofajinin desteklenmesi ve genlerin onar\u0131m potansiyelinin art\u0131r\u0131lmas\u0131na y\u00f6neliktir.B\u00f6ylece daha \u00e7ok enerji, daha az hastal\u0131k, daha az a\u011fr\u0131, ideal v\u00fccut a\u011f\u0131rl\u0131\u011f\u0131, daha uzun ve daha sa\u011fl\u0131kl\u0131 bir ya\u015fam kolayca m\u00fcmk\u00fcn hale gelir.Dr. Hasan \u0130nsel\u2019in T\u00fcrk okurlar\u0131 i\u00e7in bu de\u011ferli kitab\u0131 yazmas\u0131ndan \u00e7ok mutlu oldum. Eminim ki bu kitap okuyan herkesi hayat\u0131n keyifli yanlar\u0131ndan uzak kalmadan, daha sa\u011fl\u0131kl\u0131 bir ya\u015fam tarz\u0131na te\u015fvik edecektir.\u201d<\/p>\n","protected":false},"excerpt":{"rendered":"<p>\u201cMedeniyetin sebep oldu\u011fu b\u00fct\u00fcn hastal\u0131klardan korunmak ve tedavi etmek i\u00e7in b\u00fct\u00fcnc\u00fcl ve rahat uygulanan bir y\u00f6ntem F. X. Mayr Hekimli\u011fi&#8230;F. X. Mayr Terapisi\u2019nin ba\u015fl\u0131ca etkileri sindirim<span class=\"excerpt-hellip\"> [\u2026]<\/span><\/p>\n","protected":false},"featured_media":0,"template":"","meta":{"_monsterinsights_skip_tracking":false,"_monsterinsights_sitenote_active":false,"_monsterinsights_sitenote_note":"","_monsterinsights_sitenote_category":0},"product_brand":[],"product_cat":[13402,13365],"product_tag":[],"class_list":{"0":"post-720069","1":"product","2":"type-product","3":"status-publish","5":"product_cat-beslenme-ve-diyet","6":"product_cat-saglik","7":"pa_cilt-ciltsiz","8":"pa_tur-kitap","9":"pa_yayinevi-destek-yayinlari","10":"pa_yazar-hasan-insel","12":"first","13":"instock","14":"sale","15":"shipping-taxable","16":"purchasable","17":"product-type-simple"},"_links":{"self":[{"href":"https:\/\/roveyayinevi.com.tr\/index.php\/wp-json\/wp\/v2\/product\/720069","targetHints":{"allow":["GET"]}}],"collection":[{"href":"https:\/\/roveyayinevi.com.tr\/index.php\/wp-json\/wp\/v2\/product"}],"about":[{"href":"https:\/\/roveyayinevi.com.tr\/index.php\/wp-json\/wp\/v2\/types\/product"}],"wp:attachment":[{"href":"https:\/\/roveyayinevi.com.tr\/index.php\/wp-json\/wp\/v2\/media?parent=720069"}],"wp:term":[{"taxonomy":"product_brand","embeddable":true,"href":"https:\/\/roveyayinevi.com.tr\/index.php\/wp-json\/wp\/v2\/product_brand?post=720069"},{"taxonomy":"product_cat","embeddable":true,"href":"https:\/\/roveyayinevi.com.tr\/index.php\/wp-json\/wp\/v2\/product_cat?post=720069"},{"taxonomy":"product_tag","embeddable":true,"href":"https:\/\/roveyayinevi.com.tr\/index.php\/wp-json\/wp\/v2\/product_tag?post=720069"}],"curies":[{"name":"wp","href":"https:\/\/api.w.org\/{rel}","templated":true}]}}