{"id":720068,"date":"2025-08-27T18:31:30","date_gmt":"2025-08-27T15:31:30","guid":{"rendered":"https:\/\/roveyayinevi.com.tr\/index.php\/urun\/mecburi-istikamet\/"},"modified":"2026-04-16T02:27:59","modified_gmt":"2026-04-15T23:27:59","slug":"mecburi-istikamet","status":"publish","type":"product","link":"https:\/\/roveyayinevi.com.tr\/index.php\/urun\/mecburi-istikamet\/","title":{"rendered":"Mecburi \u0130stikamet"},"content":{"rendered":"<p>T\u00fcrkiye\u2019nin tek ki\u015filik ilk mizah dergisi T\u00fcrk Mucizesi\u2019ne imza atan M.K. Perker\u2019den e\u011flenceli-karanl\u0131k, mizahi-edebi, ger\u00e7ek\u00e7i-fantastik, nostaljik-modern, renkli ve siyah-beyaz \u00f6yk\u00fcler&#8230; Mecburi \u0130stikamet, Perker\u2019in Leman, Penguen ve OT gibi mizah dergilerden a\u015fina oldu\u011funuz ve daha \u00f6nce hi\u00e7 g\u00f6rmedi\u011finiz \u00e7izgileriyle bir mizah ansiklopedisi! Tek bir \u00e7izerden bu kadar farkl\u0131 anlat\u0131m bi\u00e7imi g\u00f6rmek, yaln\u0131z T\u00fcrkiye i\u00e7in de\u011fil t\u00fcm d\u00fcnya i\u00e7in de nadir bir do\u011fa olay\u0131. <\/p>\n","protected":false},"excerpt":{"rendered":"<p>T\u00fcrkiye\u2019nin tek ki\u015filik ilk mizah dergisi T\u00fcrk Mucizesi\u2019ne imza atan M.K. Perker\u2019den e\u011flenceli-karanl\u0131k, mizahi-edebi, ger\u00e7ek\u00e7i-fantastik, nostaljik-modern, renkli ve siyah-beyaz \u00f6yk\u00fcler&#8230; Mecburi \u0130stikamet, Perker\u2019in Leman, Penguen ve<span class=\"excerpt-hellip\"> [\u2026]<\/span><\/p>\n","protected":false},"featured_media":0,"template":"","meta":{"_monsterinsights_skip_tracking":false,"_monsterinsights_sitenote_active":false,"_monsterinsights_sitenote_note":"","_monsterinsights_sitenote_category":0},"product_brand":[],"product_cat":[12416,12291],"product_tag":[],"class_list":{"0":"post-720068","1":"product","2":"type-product","3":"status-publish","5":"product_cat-cizgi-roman","6":"product_cat-edebiyat","7":"pa_cilt-ciltsiz","8":"pa_tur-kitap","9":"pa_yayinevi-kara-karga-yayinlari","10":"pa_yazar-m-k-perker","12":"first","13":"instock","14":"sale","15":"shipping-taxable","16":"purchasable","17":"product-type-simple"},"_links":{"self":[{"href":"https:\/\/roveyayinevi.com.tr\/index.php\/wp-json\/wp\/v2\/product\/720068","targetHints":{"allow":["GET"]}}],"collection":[{"href":"https:\/\/roveyayinevi.com.tr\/index.php\/wp-json\/wp\/v2\/product"}],"about":[{"href":"https:\/\/roveyayinevi.com.tr\/index.php\/wp-json\/wp\/v2\/types\/product"}],"wp:attachment":[{"href":"https:\/\/roveyayinevi.com.tr\/index.php\/wp-json\/wp\/v2\/media?parent=720068"}],"wp:term":[{"taxonomy":"product_brand","embeddable":true,"href":"https:\/\/roveyayinevi.com.tr\/index.php\/wp-json\/wp\/v2\/product_brand?post=720068"},{"taxonomy":"product_cat","embeddable":true,"href":"https:\/\/roveyayinevi.com.tr\/index.php\/wp-json\/wp\/v2\/product_cat?post=720068"},{"taxonomy":"product_tag","embeddable":true,"href":"https:\/\/roveyayinevi.com.tr\/index.php\/wp-json\/wp\/v2\/product_tag?post=720068"}],"curies":[{"name":"wp","href":"https:\/\/api.w.org\/{rel}","templated":true}]}}