{"id":720067,"date":"2025-08-27T18:31:29","date_gmt":"2025-08-27T15:31:29","guid":{"rendered":"https:\/\/roveyayinevi.com.tr\/index.php\/urun\/kasirga-tutulmasi\/"},"modified":"2026-03-11T02:47:13","modified_gmt":"2026-03-10T23:47:13","slug":"kasirga-tutulmasi","status":"publish","type":"product","link":"https:\/\/roveyayinevi.com.tr\/index.php\/urun\/kasirga-tutulmasi\/","title":{"rendered":"Kas\u0131rga Tutulmas\u0131"},"content":{"rendered":"<p>\u201cA\u015fkt\u0131 bu ve can yak\u0131yordu.\u201d Esch 14 ya\u015f\u0131nda\u2026 \u00dc\u00e7 erkek karde\u015f, alkolik bir baba, yeni do\u011fum yapm\u0131\u015f k\u00f6pekleriyle, yoksul evlerinde Katrina Kas\u0131rgas\u0131\u2019n\u0131 kar\u015f\u0131layacaklar. Katrina\u2019n\u0131n b\u00fct\u00fcn g\u00fcc\u00fcyle K\u0131yamet G\u00fcn\u00fc\u2019ne haz\u0131rlad\u0131\u011f\u0131 yoksul d\u00fcnyada Nuh\u2019un Gemisi\u2019ne kimler binecek? Annesiz bir \u00e7ocuklu\u011fu birbirine tutunarak ge\u00e7iren \u00e7ocuklar\u2026Karn\u0131nda ta\u015f\u0131d\u0131\u011f\u0131 taze hayat\u0131, k\u00f6pek China&#8217;dan \u00f6\u011frenerek korumaya \u00e7al\u0131\u015fan Esch\u2026 Dostluklar\u2026 Bir \u00c7ukur\u2019un i\u00e7inde umutla ge\u00e7irilen hayatlar\u2026 Peki ya a\u015fk? S\u00f6yle Hayalet \u015eark\u0131n\u0131 S\u00f6yle ile b\u00fct\u00fcn d\u00fcnyada b\u00fcy\u00fck yank\u0131 uyand\u0131ran Jesmyn Ward\u2019dan a\u015fk, dostluk ve aile ba\u011flar\u0131 \u00fczerine, National Book Award \u00f6d\u00fcll\u00fc bir roman: Kas\u0131rga Tutulmas\u0131. <\/p>\n","protected":false},"excerpt":{"rendered":"<p>\u201cA\u015fkt\u0131 bu ve can yak\u0131yordu.\u201d Esch 14 ya\u015f\u0131nda\u2026 \u00dc\u00e7 erkek karde\u015f, alkolik bir baba, yeni do\u011fum yapm\u0131\u015f k\u00f6pekleriyle, yoksul evlerinde Katrina Kas\u0131rgas\u0131\u2019n\u0131 kar\u015f\u0131layacaklar. Katrina\u2019n\u0131n b\u00fct\u00fcn g\u00fcc\u00fcyle<span class=\"excerpt-hellip\"> [\u2026]<\/span><\/p>\n","protected":false},"featured_media":0,"template":"","meta":{"_monsterinsights_skip_tracking":false,"_monsterinsights_sitenote_active":false,"_monsterinsights_sitenote_note":"","_monsterinsights_sitenote_category":0},"product_brand":[],"product_cat":[12291,12711],"product_tag":[],"class_list":{"0":"post-720067","1":"product","2":"type-product","3":"status-publish","5":"product_cat-edebiyat","6":"product_cat-roman-oyku","7":"pa_cilt-ciltsiz","8":"pa_tur-kitap","9":"pa_yayinevi-dogan-kitap","10":"pa_yazar-jesmyn-ward","12":"first","13":"instock","14":"sale","15":"shipping-taxable","16":"purchasable","17":"product-type-simple"},"_links":{"self":[{"href":"https:\/\/roveyayinevi.com.tr\/index.php\/wp-json\/wp\/v2\/product\/720067","targetHints":{"allow":["GET"]}}],"collection":[{"href":"https:\/\/roveyayinevi.com.tr\/index.php\/wp-json\/wp\/v2\/product"}],"about":[{"href":"https:\/\/roveyayinevi.com.tr\/index.php\/wp-json\/wp\/v2\/types\/product"}],"wp:attachment":[{"href":"https:\/\/roveyayinevi.com.tr\/index.php\/wp-json\/wp\/v2\/media?parent=720067"}],"wp:term":[{"taxonomy":"product_brand","embeddable":true,"href":"https:\/\/roveyayinevi.com.tr\/index.php\/wp-json\/wp\/v2\/product_brand?post=720067"},{"taxonomy":"product_cat","embeddable":true,"href":"https:\/\/roveyayinevi.com.tr\/index.php\/wp-json\/wp\/v2\/product_cat?post=720067"},{"taxonomy":"product_tag","embeddable":true,"href":"https:\/\/roveyayinevi.com.tr\/index.php\/wp-json\/wp\/v2\/product_tag?post=720067"}],"curies":[{"name":"wp","href":"https:\/\/api.w.org\/{rel}","templated":true}]}}