{"id":720066,"date":"2025-08-27T18:31:28","date_gmt":"2025-08-27T15:31:28","guid":{"rendered":"https:\/\/roveyayinevi.com.tr\/index.php\/urun\/asil-2-asil-ask\/"},"modified":"2026-04-16T02:27:59","modified_gmt":"2026-04-15T23:27:59","slug":"asil-2-asil-ask","status":"publish","type":"product","link":"https:\/\/roveyayinevi.com.tr\/index.php\/urun\/asil-2-asil-ask\/","title":{"rendered":"Asil 2 &#8211; Asil A\u015fk"},"content":{"rendered":"<p>Skandallar\u0131yla \u00fcnl\u00fc Prens Henry, hi\u00e7 beklemedi\u011fi bir anda, kral aday\u0131 olman\u0131n sorumlulu\u011fuyla y\u00fczle\u015fir. Abisi Nicholas\u2019\u0131n a\u015fk\u0131 i\u00e7in tahttan vazge\u00e7mesi, onu veliaht haline getirmi\u015ftir ama Henry buna hi\u00e7 de haz\u0131r de\u011fildir. Onun ilgi alan\u0131na kral olmaktan \u00e7ok partiler, kad\u0131nlar ve seks girmektedir&#8230; Krali\u00e7e Lenora ise bu duruma bir son vermeye kararl\u0131d\u0131r. \u00c7areyi, tek ba\u015f\u0131na kal\u0131p kendini toplayabilmesi i\u00e7in torununu k\u0131sa bir tatile g\u00f6ndermekte bulur. Ancak Henry\u2019nin Amerikal\u0131 bir televizyon yap\u0131mc\u0131s\u0131yla yapt\u0131\u011f\u0131anla\u015fma, Krali\u00e7e\u2019nin fazla iyimser oldu\u011funun kan\u0131t\u0131 gibidir. Henry\u2019nin alt\u0131na imza atmay\u0131 d\u00fc\u015f\u00fcnd\u00fc\u011f\u00fc yeni bir skandal vard\u0131r: M\u00fckemmel \u00c7ift program\u0131n\u0131n Kraliyet Ailesi versiyonu\u2026 Prens taraf\u0131ndan se\u00e7ilmek i\u00e7in \u00e7\u0131rp\u0131nan yirmi gen\u00e7, g\u00fczel, asil kad\u0131n&#8230; Ve elbette e\u011flence, seks, \u00e7\u0131lg\u0131nl\u0131k&#8230; Sade, kibar, utanga\u00e7 ama g\u00fc\u00e7l\u00fc bir kad\u0131n olan Sarah,Henry\u2019nin hayat\u0131na yepyeni bir soluk katar. GER\u00c7EK SEVG\u0130N\u0130N G\u00dcC\u00dc PRENS HENRY\u2019Y\u0130 YOLA GET\u0130RMEYE YETECEK M\u0130D\u0130R? <\/p>\n","protected":false},"excerpt":{"rendered":"<p>Skandallar\u0131yla \u00fcnl\u00fc Prens Henry, hi\u00e7 beklemedi\u011fi bir anda, kral aday\u0131 olman\u0131n sorumlulu\u011fuyla y\u00fczle\u015fir. Abisi Nicholas\u2019\u0131n a\u015fk\u0131 i\u00e7in tahttan vazge\u00e7mesi, onu veliaht haline getirmi\u015ftir ama Henry buna<span class=\"excerpt-hellip\"> [\u2026]<\/span><\/p>\n","protected":false},"featured_media":0,"template":"","meta":{"_monsterinsights_skip_tracking":false,"_monsterinsights_sitenote_active":false,"_monsterinsights_sitenote_note":"","_monsterinsights_sitenote_category":0},"product_brand":[],"product_cat":[14643,12291],"product_tag":[],"class_list":{"0":"post-720066","1":"product","2":"type-product","3":"status-publish","5":"product_cat-ask","6":"product_cat-edebiyat","7":"pa_cilt-ciltsiz","8":"pa_tur-kitap","9":"pa_yayinevi-dex-yayinevi","10":"pa_yazar-emma-chase","12":"first","13":"instock","14":"sale","15":"shipping-taxable","16":"purchasable","17":"product-type-simple"},"_links":{"self":[{"href":"https:\/\/roveyayinevi.com.tr\/index.php\/wp-json\/wp\/v2\/product\/720066","targetHints":{"allow":["GET"]}}],"collection":[{"href":"https:\/\/roveyayinevi.com.tr\/index.php\/wp-json\/wp\/v2\/product"}],"about":[{"href":"https:\/\/roveyayinevi.com.tr\/index.php\/wp-json\/wp\/v2\/types\/product"}],"wp:attachment":[{"href":"https:\/\/roveyayinevi.com.tr\/index.php\/wp-json\/wp\/v2\/media?parent=720066"}],"wp:term":[{"taxonomy":"product_brand","embeddable":true,"href":"https:\/\/roveyayinevi.com.tr\/index.php\/wp-json\/wp\/v2\/product_brand?post=720066"},{"taxonomy":"product_cat","embeddable":true,"href":"https:\/\/roveyayinevi.com.tr\/index.php\/wp-json\/wp\/v2\/product_cat?post=720066"},{"taxonomy":"product_tag","embeddable":true,"href":"https:\/\/roveyayinevi.com.tr\/index.php\/wp-json\/wp\/v2\/product_tag?post=720066"}],"curies":[{"name":"wp","href":"https:\/\/api.w.org\/{rel}","templated":true}]}}