{"id":720063,"date":"2025-08-27T18:31:26","date_gmt":"2025-08-27T15:31:26","guid":{"rendered":"https:\/\/roveyayinevi.com.tr\/index.php\/urun\/bile-isteye\/"},"modified":"2026-04-16T02:27:59","modified_gmt":"2026-04-15T23:27:59","slug":"bile-isteye","status":"publish","type":"product","link":"https:\/\/roveyayinevi.com.tr\/index.php\/urun\/bile-isteye\/","title":{"rendered":"Bile \u0130steye"},"content":{"rendered":"<p>Hi\u00e7 konu\u015fmayan\u0131n yan\u0131 \u00f6l\u00fcmd\u00fcrCan\u0131 s\u0131k\u0131lan\u0131n yan\u0131 \u00f6l\u00fcmd\u00fcrKarn\u0131nda bir \u00e7ocuk ta\u015f\u0131mak \u00f6l\u00fcmd\u00fcrKavgan\u0131n \u00f6te yakas\u0131 \u00f6l\u00fcmd\u00fcrBa\u011flar, ba\u011fc\u0131klar, ba\u011f\u0131r\u0131\u015flar hep \u00f6l\u00fcmd\u00fcrKendini bir kad\u0131nda tan\u0131mak \u00f6l\u00fcmd\u00fcrKendini bir adamda tan\u0131mak \u00f6l\u00fcmd\u00fcrKalmaz ki bir top kuma\u015f\u0131n birikti\u011fi<\/p>\n","protected":false},"excerpt":{"rendered":"<p>Hi\u00e7 konu\u015fmayan\u0131n yan\u0131 \u00f6l\u00fcmd\u00fcrCan\u0131 s\u0131k\u0131lan\u0131n yan\u0131 \u00f6l\u00fcmd\u00fcrKarn\u0131nda bir \u00e7ocuk ta\u015f\u0131mak \u00f6l\u00fcmd\u00fcrKavgan\u0131n \u00f6te yakas\u0131 \u00f6l\u00fcmd\u00fcrBa\u011flar, ba\u011fc\u0131klar, ba\u011f\u0131r\u0131\u015flar hep \u00f6l\u00fcmd\u00fcrKendini bir kad\u0131nda tan\u0131mak \u00f6l\u00fcmd\u00fcrKendini bir adamda tan\u0131mak \u00f6l\u00fcmd\u00fcrKalmaz<span class=\"excerpt-hellip\"> [\u2026]<\/span><\/p>\n","protected":false},"featured_media":0,"template":"","meta":{"_monsterinsights_skip_tracking":false,"_monsterinsights_sitenote_active":false,"_monsterinsights_sitenote_note":"","_monsterinsights_sitenote_category":0},"product_brand":[],"product_cat":[12291,12509],"product_tag":[],"class_list":{"0":"post-720063","1":"product","2":"type-product","3":"status-publish","5":"product_cat-edebiyat","6":"product_cat-siir","7":"pa_cilt-ciltsiz","8":"pa_tur-kitap","9":"pa_yayinevi-kirmizi-kedi-yayinevi","10":"pa_yazar-gonca-ozmen","12":"first","13":"instock","14":"sale","15":"shipping-taxable","16":"purchasable","17":"product-type-simple"},"_links":{"self":[{"href":"https:\/\/roveyayinevi.com.tr\/index.php\/wp-json\/wp\/v2\/product\/720063","targetHints":{"allow":["GET"]}}],"collection":[{"href":"https:\/\/roveyayinevi.com.tr\/index.php\/wp-json\/wp\/v2\/product"}],"about":[{"href":"https:\/\/roveyayinevi.com.tr\/index.php\/wp-json\/wp\/v2\/types\/product"}],"wp:attachment":[{"href":"https:\/\/roveyayinevi.com.tr\/index.php\/wp-json\/wp\/v2\/media?parent=720063"}],"wp:term":[{"taxonomy":"product_brand","embeddable":true,"href":"https:\/\/roveyayinevi.com.tr\/index.php\/wp-json\/wp\/v2\/product_brand?post=720063"},{"taxonomy":"product_cat","embeddable":true,"href":"https:\/\/roveyayinevi.com.tr\/index.php\/wp-json\/wp\/v2\/product_cat?post=720063"},{"taxonomy":"product_tag","embeddable":true,"href":"https:\/\/roveyayinevi.com.tr\/index.php\/wp-json\/wp\/v2\/product_tag?post=720063"}],"curies":[{"name":"wp","href":"https:\/\/api.w.org\/{rel}","templated":true}]}}