{"id":720062,"date":"2025-08-27T18:31:25","date_gmt":"2025-08-27T15:31:25","guid":{"rendered":"https:\/\/roveyayinevi.com.tr\/index.php\/urun\/kirmizi-karanfil-ne-renk-solar\/"},"modified":"2026-04-16T02:27:59","modified_gmt":"2026-04-15T23:27:59","slug":"kirmizi-karanfil-ne-renk-solar","status":"publish","type":"product","link":"https:\/\/roveyayinevi.com.tr\/index.php\/urun\/kirmizi-karanfil-ne-renk-solar\/","title":{"rendered":"K\u0131rm\u0131z\u0131 Karanfil Ne Renk Solar?"},"content":{"rendered":"<p>12 Eyl\u00fcl\u2019\u00fcn bask\u0131c\u0131 karanl\u0131\u011f\u0131 sonraki y\u0131llarda da t\u00fcm yo\u011funlu\u011fuyla devam etmektedir. Darbeyle beraber \u201csak\u0131ncal\u0131\u201d bulunan ve s\u00fcrg\u00fcn edilen \u00f6\u011fretim g\u00f6revlisi Sibel bu bask\u0131dan fazlas\u0131yla nasibini alm\u0131\u015ft\u0131r. Sadece Y\u00d6K\u2019le de\u011fil, evde ve toplumdaki cendereyle de m\u00fccadele eden Sibel, bir taraftan kendisiyle hesapla\u015f\u0131rken di\u011fer taraftan 12 Eyl\u00fcl sonras\u0131n\u0131 ve toplumun ikiy\u00fczl\u00fcl\u00fc\u011f\u00fcn\u00fc t\u00fcm ger\u00e7ekli\u011fiyle g\u00f6zler \u00f6n\u00fcne seriyor.T\u00fcrk\u00e7e \u00fczerine yazd\u0131\u011f\u0131 titiz yaz\u0131 ve kitaplar\u0131yla ayr\u0131 bir \u00fcne sahip Feyza Hep\u00e7ilingirler\u2019in yak\u0131n d\u00f6nem roman ve \u00f6yk\u00fcc\u00fcl\u00fc\u011f\u00fcm\u00fcz\u00fcn \u00f6nemli temsilcilerinden biri oldu\u011funu ortaya koyan K\u0131rm\u0131z\u0131 Karanfil Ne Renk Solar?, bir 12 Eyl\u00fcl roman\u0131 olmas\u0131n\u0131n yan\u0131nda T\u00fcrkiye\u2019deki kad\u0131nlar\u0131n ve \u00f6tekile\u015ftirilen ayd\u0131nlar\u0131n onur sava\u015f\u0131n\u0131 ele al\u0131yor. K\u0131rm\u0131z\u0131 karanfiller h\u00e2l\u00e2 masam\u0131n \u00fcst\u00fcnde ve yaln\u0131zca biri solmu\u015f. Neden biri, \u00f6b\u00fcrlerinden daha \u00f6nce solar? T\u00fcm\u00fc ayn\u0131 buketteyken, ayn\u0131 anda gelmi\u015fken \u0130zmir\u2019den ve b\u00fcy\u00fck olas\u0131l\u0131kla ayn\u0131 bah\u00e7eden, ayn\u0131 anda kopar\u0131lm\u0131\u015fken, neden biri \u00f6tekilerden \u00f6nce solar? Ben o ilk solanlardan olmayaca\u011f\u0131m.<\/p>\n","protected":false},"excerpt":{"rendered":"<p>12 Eyl\u00fcl\u2019\u00fcn bask\u0131c\u0131 karanl\u0131\u011f\u0131 sonraki y\u0131llarda da t\u00fcm yo\u011funlu\u011fuyla devam etmektedir. Darbeyle beraber \u201csak\u0131ncal\u0131\u201d bulunan ve s\u00fcrg\u00fcn edilen \u00f6\u011fretim g\u00f6revlisi Sibel bu bask\u0131dan fazlas\u0131yla nasibini alm\u0131\u015ft\u0131r.<span class=\"excerpt-hellip\"> [\u2026]<\/span><\/p>\n","protected":false},"featured_media":0,"template":"","meta":{"_monsterinsights_skip_tracking":false,"_monsterinsights_sitenote_active":false,"_monsterinsights_sitenote_note":"","_monsterinsights_sitenote_category":0},"product_brand":[],"product_cat":[12291,12711],"product_tag":[],"class_list":{"0":"post-720062","1":"product","2":"type-product","3":"status-publish","5":"product_cat-edebiyat","6":"product_cat-roman-oyku","7":"pa_cilt-ciltsiz","8":"pa_tur-kitap","9":"pa_yayinevi-kirmizi-kedi-yayinevi","10":"pa_yazar-feyza-hepcilingirler","12":"first","13":"instock","14":"sale","15":"shipping-taxable","16":"purchasable","17":"product-type-simple"},"_links":{"self":[{"href":"https:\/\/roveyayinevi.com.tr\/index.php\/wp-json\/wp\/v2\/product\/720062","targetHints":{"allow":["GET"]}}],"collection":[{"href":"https:\/\/roveyayinevi.com.tr\/index.php\/wp-json\/wp\/v2\/product"}],"about":[{"href":"https:\/\/roveyayinevi.com.tr\/index.php\/wp-json\/wp\/v2\/types\/product"}],"wp:attachment":[{"href":"https:\/\/roveyayinevi.com.tr\/index.php\/wp-json\/wp\/v2\/media?parent=720062"}],"wp:term":[{"taxonomy":"product_brand","embeddable":true,"href":"https:\/\/roveyayinevi.com.tr\/index.php\/wp-json\/wp\/v2\/product_brand?post=720062"},{"taxonomy":"product_cat","embeddable":true,"href":"https:\/\/roveyayinevi.com.tr\/index.php\/wp-json\/wp\/v2\/product_cat?post=720062"},{"taxonomy":"product_tag","embeddable":true,"href":"https:\/\/roveyayinevi.com.tr\/index.php\/wp-json\/wp\/v2\/product_tag?post=720062"}],"curies":[{"name":"wp","href":"https:\/\/api.w.org\/{rel}","templated":true}]}}