{"id":720061,"date":"2025-08-27T18:31:25","date_gmt":"2025-08-27T15:31:25","guid":{"rendered":"https:\/\/roveyayinevi.com.tr\/index.php\/urun\/doga-betigi\/"},"modified":"2026-04-11T02:34:57","modified_gmt":"2026-04-10T23:34:57","slug":"doga-betigi","status":"publish","type":"product","link":"https:\/\/roveyayinevi.com.tr\/index.php\/urun\/doga-betigi\/","title":{"rendered":"Do\u011fa Beti\u011fi"},"content":{"rendered":"<p>Faruk Duman\u2019dan do\u011fan\u0131n i\u00e7inden, do\u011fan\u0131n diliyle&#8230;K\u00f6k\u00fcnden en u\u00e7taki tomurcu\u011funa c\u00fcmle a\u011faca, kaplumba\u011fa kabu\u011fundan kar\u0131ncan\u0131n su i\u00e7ti\u011fine kadar b\u00fct\u00fcn bir do\u011faya dair.<\/p>\n","protected":false},"excerpt":{"rendered":"<p>Faruk Duman\u2019dan do\u011fan\u0131n i\u00e7inden, do\u011fan\u0131n diliyle&#8230;K\u00f6k\u00fcnden en u\u00e7taki tomurcu\u011funa c\u00fcmle a\u011faca, kaplumba\u011fa kabu\u011fundan kar\u0131ncan\u0131n su i\u00e7ti\u011fine kadar b\u00fct\u00fcn bir do\u011faya dair.<\/p>\n","protected":false},"featured_media":0,"template":"","meta":{"_monsterinsights_skip_tracking":false,"_monsterinsights_sitenote_active":false,"_monsterinsights_sitenote_note":"","_monsterinsights_sitenote_category":0},"product_brand":[],"product_cat":[12291,12711],"product_tag":[],"class_list":{"0":"post-720061","1":"product","2":"type-product","3":"status-publish","5":"product_cat-edebiyat","6":"product_cat-roman-oyku","7":"pa_cilt-ciltsiz","8":"pa_tur-kitap","9":"pa_yayinevi-kirmizi-kedi-yayinevi","10":"pa_yazar-faruk-duman","12":"first","13":"instock","14":"sale","15":"shipping-taxable","16":"purchasable","17":"product-type-simple"},"_links":{"self":[{"href":"https:\/\/roveyayinevi.com.tr\/index.php\/wp-json\/wp\/v2\/product\/720061","targetHints":{"allow":["GET"]}}],"collection":[{"href":"https:\/\/roveyayinevi.com.tr\/index.php\/wp-json\/wp\/v2\/product"}],"about":[{"href":"https:\/\/roveyayinevi.com.tr\/index.php\/wp-json\/wp\/v2\/types\/product"}],"wp:attachment":[{"href":"https:\/\/roveyayinevi.com.tr\/index.php\/wp-json\/wp\/v2\/media?parent=720061"}],"wp:term":[{"taxonomy":"product_brand","embeddable":true,"href":"https:\/\/roveyayinevi.com.tr\/index.php\/wp-json\/wp\/v2\/product_brand?post=720061"},{"taxonomy":"product_cat","embeddable":true,"href":"https:\/\/roveyayinevi.com.tr\/index.php\/wp-json\/wp\/v2\/product_cat?post=720061"},{"taxonomy":"product_tag","embeddable":true,"href":"https:\/\/roveyayinevi.com.tr\/index.php\/wp-json\/wp\/v2\/product_tag?post=720061"}],"curies":[{"name":"wp","href":"https:\/\/api.w.org\/{rel}","templated":true}]}}