{"id":720057,"date":"2025-08-27T18:31:22","date_gmt":"2025-08-27T15:31:22","guid":{"rendered":"https:\/\/roveyayinevi.com.tr\/index.php\/urun\/toplumsal-siniflarin-psikolojisi\/"},"modified":"2026-04-16T02:27:59","modified_gmt":"2026-04-15T23:27:59","slug":"toplumsal-siniflarin-psikolojisi","status":"publish","type":"product","link":"https:\/\/roveyayinevi.com.tr\/index.php\/urun\/toplumsal-siniflarin-psikolojisi\/","title":{"rendered":"Toplumsal S\u0131n\u0131flar\u0131n Psikolojisi"},"content":{"rendered":"<p>Daha evvel sosyolojiye yapt\u0131\u011f\u0131 en \u00f6nemli katk\u0131 olan Kolektif Bellek adl\u0131 \u00e7al\u0131\u015fmas\u0131n\u0131 yay\u0131mlad\u0131\u011f\u0131m\u0131z Maurice Halbwachs\u2019\u0131n sosyolojik ve psikolojik perspektifleri harmanlad\u0131\u011f\u0131 bir ba\u015fka \u00f6nemli \u00e7al\u0131\u015fmas\u0131n\u0131 T\u00fcrk\u00e7eye kazand\u0131rman\u0131n mutlulu\u011funu ya\u015f\u0131yoruz. Bu \u00e7al\u0131\u015fmas\u0131nda Halbwachs okurunu toplumsal d\u00fcnyan\u0131n i\u00e7inde bilimsel bir geziye davet ediyor. Bu gezide \u201cinsan\u0131n, hayvanat bah\u00e7esindeki kafeslerin i\u00e7indeki y\u0131rt\u0131c\u0131lar ya da bir akvaryumun camlar\u0131n\u0131n arkas\u0131ndaki b\u00f6lmelere kapat\u0131lm\u0131\u015f deniz hayvanlar\u0131 gibi temsilleriyle\u201d de\u011fil; do\u011fal ya\u015fam bi\u00e7imleri i\u00e7indeki insan\u0131n kendisiyle kar\u015f\u0131la\u015f\u0131lacakt\u0131r. Bu do\u011fal ya\u015fam bi\u00e7imleri \u201ctoplumsal bir tabiat olan insan tabiat\u0131n\u0131 t\u00fcm i\u00e7g\u00fcd\u00fcleri ve e\u011filimleriyle birlikte ortaya koyacakt\u0131r\u201d. Kitapta farkl\u0131 be\u015fer\u00ee gruplar ele al\u0131n\u0131rken \u201cbu topluluklar i\u00e7inde hangi kolektif temsillerin h\u00e2kim oldu\u011fu, kuvvetlerinin ve yay\u0131lma alanlar\u0131 ile s\u0131n\u0131rlar\u0131n\u0131n ne oldu\u011fu\u201d anla\u015f\u0131lmaya \u00e7al\u0131\u015f\u0131lmaktad\u0131r. S\u00f6z konusu kolektif temsiller, ayn\u0131 zamanda i\u00e7inde bulunduklar\u0131 ili\u015fkiler ba\u011flam\u0131nda incelenmekte, bunlar\u0131n toplumsal evrimin farkl\u0131 a\u015famalar\u0131na tekab\u00fcl edip etmediklerini sorgulanmakta ve b\u00f6yle bir kar\u015f\u0131la\u015ft\u0131rmadan yak\u0131n gelecek hakk\u0131nda tahminler \u00e7\u0131kar\u0131lmaktad\u0131r. Halbwachs\u2019\u0131n saiklerin kolektif bi\u00e7imlerine ili\u015fkin incelemesi, toplum i\u00e7inde ya\u015fayan insanlara dayat\u0131lan \u00e7er\u00e7eveler i\u00e7inde en geni\u015f, en do\u011fal ve en az yapay olan \u015feklinde niteledi\u011fi \u201ctoplumsal s\u0131n\u0131flar\u201d \u00e7er\u00e7evesinde s\u00fcrd\u00fcr\u00fclmektedir. <\/p>\n","protected":false},"excerpt":{"rendered":"<p>Daha evvel sosyolojiye yapt\u0131\u011f\u0131 en \u00f6nemli katk\u0131 olan Kolektif Bellek adl\u0131 \u00e7al\u0131\u015fmas\u0131n\u0131 yay\u0131mlad\u0131\u011f\u0131m\u0131z Maurice Halbwachs\u2019\u0131n sosyolojik ve psikolojik perspektifleri harmanlad\u0131\u011f\u0131 bir ba\u015fka \u00f6nemli \u00e7al\u0131\u015fmas\u0131n\u0131 T\u00fcrk\u00e7eye kazand\u0131rman\u0131n<span class=\"excerpt-hellip\"> [\u2026]<\/span><\/p>\n","protected":false},"featured_media":0,"template":"","meta":{"_monsterinsights_skip_tracking":false,"_monsterinsights_sitenote_active":false,"_monsterinsights_sitenote_note":"","_monsterinsights_sitenote_category":0},"product_brand":[],"product_cat":[12358,12357],"product_tag":[],"class_list":{"0":"post-720057","1":"product","2":"type-product","3":"status-publish","5":"product_cat-genel-psikoloji","6":"product_cat-psikoloji","7":"pa_cilt-ciltsiz","8":"pa_tur-kitap","9":"pa_yayinevi-pinhan-yayincilik","10":"pa_yazar-maurice-halbwachs","12":"first","13":"instock","14":"sale","15":"shipping-taxable","16":"purchasable","17":"product-type-simple"},"_links":{"self":[{"href":"https:\/\/roveyayinevi.com.tr\/index.php\/wp-json\/wp\/v2\/product\/720057","targetHints":{"allow":["GET"]}}],"collection":[{"href":"https:\/\/roveyayinevi.com.tr\/index.php\/wp-json\/wp\/v2\/product"}],"about":[{"href":"https:\/\/roveyayinevi.com.tr\/index.php\/wp-json\/wp\/v2\/types\/product"}],"wp:attachment":[{"href":"https:\/\/roveyayinevi.com.tr\/index.php\/wp-json\/wp\/v2\/media?parent=720057"}],"wp:term":[{"taxonomy":"product_brand","embeddable":true,"href":"https:\/\/roveyayinevi.com.tr\/index.php\/wp-json\/wp\/v2\/product_brand?post=720057"},{"taxonomy":"product_cat","embeddable":true,"href":"https:\/\/roveyayinevi.com.tr\/index.php\/wp-json\/wp\/v2\/product_cat?post=720057"},{"taxonomy":"product_tag","embeddable":true,"href":"https:\/\/roveyayinevi.com.tr\/index.php\/wp-json\/wp\/v2\/product_tag?post=720057"}],"curies":[{"name":"wp","href":"https:\/\/api.w.org\/{rel}","templated":true}]}}