{"id":720054,"date":"2025-08-27T18:31:19","date_gmt":"2025-08-27T15:31:19","guid":{"rendered":"https:\/\/roveyayinevi.com.tr\/index.php\/urun\/dokunan-kitap\/"},"modified":"2026-04-11T13:47:05","modified_gmt":"2026-04-11T10:47:05","slug":"dokunan-kitap","status":"publish","type":"product","link":"https:\/\/roveyayinevi.com.tr\/index.php\/urun\/dokunan-kitap\/","title":{"rendered":"Dokunan Kitap"},"content":{"rendered":"<p>\u201cNeden yazmal\u0131\u201d ve \u201cnas\u0131l yazmal\u0131\u201d sorusuyla a\u00e7\u0131l\u0131yor Dokunan Kitap. S\u00fcreyyya Evren\u2019in y\u0131llar i\u00e7inde \u00fcst\u00fcne yazd\u0131\u011f\u0131, d\u00fc\u015f\u00fcnd\u00fc\u011f\u00fc, konu\u015ftu\u011fu kitaplar\u0131, filmleri, dizileri, sanat\u00e7\u0131lar\u0131, dergileri katediyor. Ece Ayhan, O\u011fuz Atay, Franz Kafka, E.L. James, Lars von Trier duraklar\u0131na u\u011fruyor. G\u00fcndeli\u011fin i\u00e7ine Hilal Cebeci\u2019nin Twitter personas\u0131 da giriyor Gangnam Style ile Ai Weiwei\u2019nin ortakla\u015ft\u0131\u011f\u0131 noktalar ve Playboy\u2019un d\u00fcn\u00fcne bug\u00fcn\u00fcne dair geni\u015f bir okuma da. S\u00fcreyyya Evren, Aranan Kitap, Buluntu Kitap ve K\u0131r\u0131lgan Kitap\u2019tan sonra bu kez de Dokunan Kitap\u2019taki yaz\u0131lar\u0131yla ba\u015fta edebiyat olmak \u00fczere sanattan ve g\u00fcndelikten geriye kalan\u0131 her zamanki \u00f6zg\u00fcn bak\u0131\u015f\u0131yla, siyasi ve felsefi bir yakla\u015f\u0131mla yaz\u0131s\u0131na konu ediyor.<\/p>\n","protected":false},"excerpt":{"rendered":"<p>\u201cNeden yazmal\u0131\u201d ve \u201cnas\u0131l yazmal\u0131\u201d sorusuyla a\u00e7\u0131l\u0131yor Dokunan Kitap. S\u00fcreyyya Evren\u2019in y\u0131llar i\u00e7inde \u00fcst\u00fcne yazd\u0131\u011f\u0131, d\u00fc\u015f\u00fcnd\u00fc\u011f\u00fc, konu\u015ftu\u011fu kitaplar\u0131, filmleri, dizileri, sanat\u00e7\u0131lar\u0131, dergileri katediyor. Ece Ayhan, O\u011fuz<span class=\"excerpt-hellip\"> [\u2026]<\/span><\/p>\n","protected":false},"featured_media":0,"template":"","meta":{"_monsterinsights_skip_tracking":false,"_monsterinsights_sitenote_active":false,"_monsterinsights_sitenote_note":"","_monsterinsights_sitenote_category":0},"product_brand":[],"product_cat":[12291,12711],"product_tag":[],"class_list":{"0":"post-720054","1":"product","2":"type-product","3":"status-publish","5":"product_cat-edebiyat","6":"product_cat-roman-oyku","7":"pa_cilt-ciltsiz","8":"pa_tur-kitap","9":"pa_yayinevi-kara-karga-yayinlari","10":"pa_yazar-sureyyya-evren","12":"first","13":"instock","14":"sale","15":"shipping-taxable","16":"purchasable","17":"product-type-simple"},"_links":{"self":[{"href":"https:\/\/roveyayinevi.com.tr\/index.php\/wp-json\/wp\/v2\/product\/720054","targetHints":{"allow":["GET"]}}],"collection":[{"href":"https:\/\/roveyayinevi.com.tr\/index.php\/wp-json\/wp\/v2\/product"}],"about":[{"href":"https:\/\/roveyayinevi.com.tr\/index.php\/wp-json\/wp\/v2\/types\/product"}],"wp:attachment":[{"href":"https:\/\/roveyayinevi.com.tr\/index.php\/wp-json\/wp\/v2\/media?parent=720054"}],"wp:term":[{"taxonomy":"product_brand","embeddable":true,"href":"https:\/\/roveyayinevi.com.tr\/index.php\/wp-json\/wp\/v2\/product_brand?post=720054"},{"taxonomy":"product_cat","embeddable":true,"href":"https:\/\/roveyayinevi.com.tr\/index.php\/wp-json\/wp\/v2\/product_cat?post=720054"},{"taxonomy":"product_tag","embeddable":true,"href":"https:\/\/roveyayinevi.com.tr\/index.php\/wp-json\/wp\/v2\/product_tag?post=720054"}],"curies":[{"name":"wp","href":"https:\/\/api.w.org\/{rel}","templated":true}]}}