{"id":720052,"date":"2025-08-27T18:31:18","date_gmt":"2025-08-27T15:31:18","guid":{"rendered":"https:\/\/roveyayinevi.com.tr\/index.php\/urun\/yedinci-kita-16-istanbul-bienali-saha-raporu\/"},"modified":"2026-04-16T02:27:59","modified_gmt":"2026-04-15T23:27:59","slug":"yedinci-kita-16-istanbul-bienali-saha-raporu","status":"publish","type":"product","link":"https:\/\/roveyayinevi.com.tr\/index.php\/urun\/yedinci-kita-16-istanbul-bienali-saha-raporu\/","title":{"rendered":"Yedinci K\u0131ta &#8211; 16. \u0130stanbul Bienali Saha Raporu"},"content":{"rendered":"<p>6. \u0130stanbul Bienali, \u0130stanbul K\u00fclt\u00fcr Sanat Vakf\u0131 (\u0130KSV) taraf\u0131ndan, Yedinci K\u0131ta ba\u015fl\u0131\u011f\u0131yla 14 Eyl\u00fcl-10 Kas\u0131m 2019 tarihleri aras\u0131nda d\u00fczenleniyor. Bienalin saha raporu, bienal direkt\u00f6r\u00fc Bige \u00d6rer\u2019in sunu\u015f yaz\u0131s\u0131 ve kitaplar\u0131ndan ikisi daha \u00f6nce Postprod\u00fcksiyon ve \u0130li\u015fkisel Estetik ba\u015fl\u0131klar\u0131yla T\u00fcrk\u00e7eye de \u00e7evrilmi\u015f olan k\u00fcrat\u00f6r Nicolas Bourriaud\u2019nun \u0130stanbul i\u00e7in haz\u0131rlad\u0131\u011f\u0131 sergiye d\u00fc\u015f\u00fcnsel haz\u0131rl\u0131k s\u00fcrecine \u0131\u015f\u0131k tutan, Antroposen ve g\u00fcncel sanat ili\u015fkisini ele ald\u0131\u011f\u0131 bir makalesiyle a\u00e7\u0131l\u0131yor. Bienale kat\u0131lan sanat\u00e7\u0131lar\u0131n e-posta ortam\u0131ndaki toplu yaz\u0131\u015fmalar\u0131n\u0131n derlendi\u011fi bir b\u00f6l\u00fcm ile sergiden foto\u011fraflara da yer veren bu yay\u0131n, okurlar\u0131na 16. \u0130stanbul Bienali\u2019nin hik\u00e2yelerini anlat\u0131yor.16. \u0130stanbul Bienali yay\u0131nlar\u0131n\u0131n tasar\u0131m\u0131, Ali Tapt\u0131k ve Okay Karaday\u0131lar\u2019\u0131n kurdu\u011fu Onag\u00f6re\u2019ye ait.<\/p>\n","protected":false},"excerpt":{"rendered":"<p>6. \u0130stanbul Bienali, \u0130stanbul K\u00fclt\u00fcr Sanat Vakf\u0131 (\u0130KSV) taraf\u0131ndan, Yedinci K\u0131ta ba\u015fl\u0131\u011f\u0131yla 14 Eyl\u00fcl-10 Kas\u0131m 2019 tarihleri aras\u0131nda d\u00fczenleniyor. Bienalin saha raporu, bienal direkt\u00f6r\u00fc Bige \u00d6rer\u2019in<span class=\"excerpt-hellip\"> [\u2026]<\/span><\/p>\n","protected":false},"featured_media":0,"template":"","meta":{"_monsterinsights_skip_tracking":false,"_monsterinsights_sitenote_active":false,"_monsterinsights_sitenote_note":"","_monsterinsights_sitenote_category":0},"product_brand":[],"product_cat":[12408],"product_tag":[],"class_list":{"0":"post-720052","1":"product","2":"type-product","3":"status-publish","5":"product_cat-sanat","6":"pa_cilt-ciltsiz","7":"pa_tur-kitap","8":"pa_yayinevi-yapi-kredi-yayinlari-sanat","9":"pa_yazar-bige-orer-nicolas-bourriaud","11":"first","12":"instock","13":"sale","14":"shipping-taxable","15":"purchasable","16":"product-type-simple"},"_links":{"self":[{"href":"https:\/\/roveyayinevi.com.tr\/index.php\/wp-json\/wp\/v2\/product\/720052","targetHints":{"allow":["GET"]}}],"collection":[{"href":"https:\/\/roveyayinevi.com.tr\/index.php\/wp-json\/wp\/v2\/product"}],"about":[{"href":"https:\/\/roveyayinevi.com.tr\/index.php\/wp-json\/wp\/v2\/types\/product"}],"wp:attachment":[{"href":"https:\/\/roveyayinevi.com.tr\/index.php\/wp-json\/wp\/v2\/media?parent=720052"}],"wp:term":[{"taxonomy":"product_brand","embeddable":true,"href":"https:\/\/roveyayinevi.com.tr\/index.php\/wp-json\/wp\/v2\/product_brand?post=720052"},{"taxonomy":"product_cat","embeddable":true,"href":"https:\/\/roveyayinevi.com.tr\/index.php\/wp-json\/wp\/v2\/product_cat?post=720052"},{"taxonomy":"product_tag","embeddable":true,"href":"https:\/\/roveyayinevi.com.tr\/index.php\/wp-json\/wp\/v2\/product_tag?post=720052"}],"curies":[{"name":"wp","href":"https:\/\/api.w.org\/{rel}","templated":true}]}}