{"id":720047,"date":"2025-08-27T18:31:14","date_gmt":"2025-08-27T15:31:14","guid":{"rendered":"https:\/\/roveyayinevi.com.tr\/index.php\/urun\/1den-20ye-kadar-toplama-cikarma-arkadasim-elif\/"},"modified":"2026-04-16T02:27:59","modified_gmt":"2026-04-15T23:27:59","slug":"1den-20ye-kadar-toplama-cikarma-arkadasim-elif","status":"publish","type":"product","link":"https:\/\/roveyayinevi.com.tr\/index.php\/urun\/1den-20ye-kadar-toplama-cikarma-arkadasim-elif\/","title":{"rendered":"1&#8217;den 20&#8217;ye Kadar Toplama \u00c7\u0131karma &#8211; Arkada\u015f\u0131m Elif"},"content":{"rendered":"<p>Toplama ve \u00e7\u0131karma \u00e7ok e\u011flenceli!\u00c7ocuklar 1\u2019den 20\u2019ye kadar toplama ve \u00e7\u0131karma al\u0131\u015ft\u0131rmalar\u0131n\u0131 \u00e7\u00f6zerken basitten zora do\u011fru ilerleyecekler. Kolay anla\u015f\u0131l\u0131r y\u00f6nergelerle yap\u0131lan al\u0131\u015ft\u0131rmalar\u0131n \u00e7\u00f6z\u00fcmleri, kitab\u0131n sonunda yer almaktad\u0131r.\u00d6n ve arka kapa\u011f\u0131n i\u00e7inde, \u00f6\u011frenilenlerin tekrar edilmesi ve peki\u015ftirilmesi i\u00e7in i\u015flem kartlar\u0131n\u0131 bulabilirsiniz.<\/p>\n","protected":false},"excerpt":{"rendered":"<p>Toplama ve \u00e7\u0131karma \u00e7ok e\u011flenceli!\u00c7ocuklar 1\u2019den 20\u2019ye kadar toplama ve \u00e7\u0131karma al\u0131\u015ft\u0131rmalar\u0131n\u0131 \u00e7\u00f6zerken basitten zora do\u011fru ilerleyecekler. Kolay anla\u015f\u0131l\u0131r y\u00f6nergelerle yap\u0131lan al\u0131\u015ft\u0131rmalar\u0131n \u00e7\u00f6z\u00fcmleri, kitab\u0131n sonunda yer<span class=\"excerpt-hellip\"> [\u2026]<\/span><\/p>\n","protected":false},"featured_media":0,"template":"","meta":{"_monsterinsights_skip_tracking":false,"_monsterinsights_sitenote_active":false,"_monsterinsights_sitenote_note":"","_monsterinsights_sitenote_category":0},"product_brand":[],"product_cat":[12274,12631],"product_tag":[],"class_list":{"0":"post-720047","1":"product","2":"type-product","3":"status-publish","5":"product_cat-cocuk-ve-genclik-kitaplari","6":"product_cat-diger-cocuk-ve-genclik-kitaplari","7":"pa_cilt-ciltsiz","8":"pa_tur-kitap","9":"pa_yayinevi-is-bankasi-kultur-yayinlari","10":"pa_yazar-hanna-sorensen","12":"first","13":"instock","14":"sale","15":"shipping-taxable","16":"purchasable","17":"product-type-simple"},"_links":{"self":[{"href":"https:\/\/roveyayinevi.com.tr\/index.php\/wp-json\/wp\/v2\/product\/720047","targetHints":{"allow":["GET"]}}],"collection":[{"href":"https:\/\/roveyayinevi.com.tr\/index.php\/wp-json\/wp\/v2\/product"}],"about":[{"href":"https:\/\/roveyayinevi.com.tr\/index.php\/wp-json\/wp\/v2\/types\/product"}],"wp:attachment":[{"href":"https:\/\/roveyayinevi.com.tr\/index.php\/wp-json\/wp\/v2\/media?parent=720047"}],"wp:term":[{"taxonomy":"product_brand","embeddable":true,"href":"https:\/\/roveyayinevi.com.tr\/index.php\/wp-json\/wp\/v2\/product_brand?post=720047"},{"taxonomy":"product_cat","embeddable":true,"href":"https:\/\/roveyayinevi.com.tr\/index.php\/wp-json\/wp\/v2\/product_cat?post=720047"},{"taxonomy":"product_tag","embeddable":true,"href":"https:\/\/roveyayinevi.com.tr\/index.php\/wp-json\/wp\/v2\/product_tag?post=720047"}],"curies":[{"name":"wp","href":"https:\/\/api.w.org\/{rel}","templated":true}]}}