{"id":720043,"date":"2025-08-27T18:31:11","date_gmt":"2025-08-27T15:31:11","guid":{"rendered":"https:\/\/roveyayinevi.com.tr\/index.php\/urun\/figaronun-dugunu-veya-cilgin-gun-ciltli\/"},"modified":"2026-04-16T02:27:59","modified_gmt":"2026-04-15T23:27:59","slug":"figaronun-dugunu-veya-cilgin-gun-ciltli","status":"publish","type":"product","link":"https:\/\/roveyayinevi.com.tr\/index.php\/urun\/figaronun-dugunu-veya-cilgin-gun-ciltli\/","title":{"rendered":"Figaro&#8217;nun D\u00fc\u011f\u00fcn\u00fc veya \u00c7\u0131lg\u0131n G\u00fcn (Ciltli)"},"content":{"rendered":"<p>Pierre Augustin Caron de Beaumarchais (1732-1799): Bir saat\u00e7inin o\u011flu olarak Paris\u2019te d\u00fcnyaya geldi. Saat\u00e7ilik, \u00f6\u011fretmenlik, t\u00fcccarl\u0131k, diplomatl\u0131k yapt\u0131. Soyluluk unvan\u0131n\u0131 sat\u0131n ald\u0131ktan sonra \u0130spanya\u2019da ya\u015fad\u0131. Pek \u00e7ok tiyatro oyunu yazd\u0131. Eserleri yak\u0131ld\u0131, yasakland\u0131 ama halk, hatta ele\u015ftirdi\u011fi soylular taraf\u0131ndan bile alk\u0131\u015fland\u0131. Tiyatro Yazarlar\u0131 Derne\u011fi\u2019ni kurdu. Almanya\u2019da Voltaire\u2019in eserlerini bast\u0131. Amerika\u2019daki ba\u011f\u0131ms\u0131zl\u0131k m\u00fccadelesine silah ve gemi sa\u011flad\u0131. Ter\u00f6r d\u00f6neminde \u015f\u00fcpheli addedildi\u011fi i\u00e7in Fransa\u2019ya ancak \u00f6l\u00fcm\u00fcnden \u00fc\u00e7 y\u0131l \u00f6nce d\u00f6nebildi. Yazar\u0131n \u00fcn\u00fcn\u00fc bor\u00e7lu oldu\u011fu \u00fc\u00e7 b\u00fcy\u00fck Figaro oyununun ilki Sevilla Berberi veya Nafile Tedbir\u2019dir. Bunu Figaro\u2019nun D\u00fc\u011f\u00fcn\u00fc veya \u00c7\u0131lg\u0131n G\u00fcn ile Su\u00e7lu Anne veya Di\u011fer Tartuffe izler. Figaro\u2019nun D\u00fc\u011f\u00fcn\u00fc ilk kez 1784 y\u0131l\u0131nda sahnelenmi\u015ftir. Oyun Kont Almaviva\u2019n\u0131n a\u00e7\u0131kg\u00f6z u\u015fa\u011f\u0131 Figaro\u2019yla kontesin hizmet\u00e7isi Suzanne\u2019\u0131n evlenmesinin g\u00fcl\u00fcn\u00e7 tesad\u00fcflerle geli\u015fen \u00f6yk\u00fcs\u00fcd\u00fcr, bu arada halk\u0131n erdemine z\u0131t d\u00fc\u015fen aristokrat ahlaks\u0131zl\u0131\u011f\u0131 da ele\u015ftirir. Eser iki y\u0131l sonra Lorenzo Da Ponte\u2019nin librettosuyla Wolfgang Amadeus Mozart taraf\u0131ndan bestelenmi\u015f, 1786\u2019da Viyana\u2019da sahneye konmu\u015ftur.<\/p>\n","protected":false},"excerpt":{"rendered":"<p>Pierre Augustin Caron de Beaumarchais (1732-1799): Bir saat\u00e7inin o\u011flu olarak Paris\u2019te d\u00fcnyaya geldi. Saat\u00e7ilik, \u00f6\u011fretmenlik, t\u00fcccarl\u0131k, diplomatl\u0131k yapt\u0131. Soyluluk unvan\u0131n\u0131 sat\u0131n ald\u0131ktan sonra \u0130spanya\u2019da ya\u015fad\u0131. Pek<span class=\"excerpt-hellip\"> [\u2026]<\/span><\/p>\n","protected":false},"featured_media":0,"template":"","meta":{"_monsterinsights_skip_tracking":false,"_monsterinsights_sitenote_active":false,"_monsterinsights_sitenote_note":"","_monsterinsights_sitenote_category":0},"product_brand":[],"product_cat":[12291,12711],"product_tag":[],"class_list":{"0":"post-720043","1":"product","2":"type-product","3":"status-publish","5":"product_cat-edebiyat","6":"product_cat-roman-oyku","7":"pa_cilt-ciltli","8":"pa_tur-kitap","9":"pa_yayinevi-is-bankasi-kultur-yayinlari","10":"pa_yazar-pierre-beaumarchais","12":"first","13":"instock","14":"sale","15":"shipping-taxable","16":"purchasable","17":"product-type-simple"},"_links":{"self":[{"href":"https:\/\/roveyayinevi.com.tr\/index.php\/wp-json\/wp\/v2\/product\/720043","targetHints":{"allow":["GET"]}}],"collection":[{"href":"https:\/\/roveyayinevi.com.tr\/index.php\/wp-json\/wp\/v2\/product"}],"about":[{"href":"https:\/\/roveyayinevi.com.tr\/index.php\/wp-json\/wp\/v2\/types\/product"}],"wp:attachment":[{"href":"https:\/\/roveyayinevi.com.tr\/index.php\/wp-json\/wp\/v2\/media?parent=720043"}],"wp:term":[{"taxonomy":"product_brand","embeddable":true,"href":"https:\/\/roveyayinevi.com.tr\/index.php\/wp-json\/wp\/v2\/product_brand?post=720043"},{"taxonomy":"product_cat","embeddable":true,"href":"https:\/\/roveyayinevi.com.tr\/index.php\/wp-json\/wp\/v2\/product_cat?post=720043"},{"taxonomy":"product_tag","embeddable":true,"href":"https:\/\/roveyayinevi.com.tr\/index.php\/wp-json\/wp\/v2\/product_tag?post=720043"}],"curies":[{"name":"wp","href":"https:\/\/api.w.org\/{rel}","templated":true}]}}