{"id":720038,"date":"2025-08-27T18:31:07","date_gmt":"2025-08-27T15:31:07","guid":{"rendered":"https:\/\/roveyayinevi.com.tr\/index.php\/urun\/baba-yaganin-ormaninda-rusyadan-masallar\/"},"modified":"2026-04-16T02:27:58","modified_gmt":"2026-04-15T23:27:58","slug":"baba-yaganin-ormaninda-rusyadan-masallar","status":"publish","type":"product","link":"https:\/\/roveyayinevi.com.tr\/index.php\/urun\/baba-yaganin-ormaninda-rusyadan-masallar\/","title":{"rendered":"Baba Yaga\u2019n\u0131n Orman\u0131nda Rusya\u2019dan Masallar"},"content":{"rendered":"<p>Zamans\u0131zd\u0131r masallarElimizden tutup bizi hayali diyarlarda gezmeye \u00e7\u0131kar\u0131rlarBekler orada gizemli insanlar, efsanevi yarat\u0131klar, sihirli olaylar\u00c7e\u015fit \u00e7e\u015fit renkler, duygularBu kitap dizisinde d\u00fcnyan\u0131n d\u00f6rt bir yan\u0131ndan en g\u00fczel masallar bir araya geldi. Farkl\u0131 farkl\u0131 \u00e7izerler de hepsini resimledi.So\u011fuk Rusya gecelerinde \u00e7ocuklar\u0131n i\u00e7ini \u0131s\u0131tan masallar anlat\u0131l\u0131rm\u0131\u015f. Bu masallardan baz\u0131lar\u0131 bu kitapta toplanm\u0131\u015f. Cad\u0131 Baba Yaga, kurba\u011fa prenses, oyuncu ay\u0131, o\u011flak \u00e7ocuk ve daha nicesi bakal\u0131m neler yapm\u0131\u015f?<\/p>\n","protected":false},"excerpt":{"rendered":"<p>Zamans\u0131zd\u0131r masallarElimizden tutup bizi hayali diyarlarda gezmeye \u00e7\u0131kar\u0131rlarBekler orada gizemli insanlar, efsanevi yarat\u0131klar, sihirli olaylar\u00c7e\u015fit \u00e7e\u015fit renkler, duygularBu kitap dizisinde d\u00fcnyan\u0131n d\u00f6rt bir yan\u0131ndan en g\u00fczel<span class=\"excerpt-hellip\"> [\u2026]<\/span><\/p>\n","protected":false},"featured_media":0,"template":"","meta":{"_monsterinsights_skip_tracking":false,"_monsterinsights_sitenote_active":false,"_monsterinsights_sitenote_note":"","_monsterinsights_sitenote_category":0},"product_brand":[],"product_cat":[12274,12523],"product_tag":[],"class_list":{"0":"post-720038","1":"product","2":"type-product","3":"status-publish","5":"product_cat-cocuk-ve-genclik-kitaplari","6":"product_cat-masallar","7":"pa_cilt-ciltsiz","8":"pa_tur-kitap","9":"pa_yayinevi-kolektif-kitap","10":"pa_yazar-kolektif","12":"first","13":"instock","14":"sale","15":"shipping-taxable","16":"purchasable","17":"product-type-simple"},"_links":{"self":[{"href":"https:\/\/roveyayinevi.com.tr\/index.php\/wp-json\/wp\/v2\/product\/720038","targetHints":{"allow":["GET"]}}],"collection":[{"href":"https:\/\/roveyayinevi.com.tr\/index.php\/wp-json\/wp\/v2\/product"}],"about":[{"href":"https:\/\/roveyayinevi.com.tr\/index.php\/wp-json\/wp\/v2\/types\/product"}],"wp:attachment":[{"href":"https:\/\/roveyayinevi.com.tr\/index.php\/wp-json\/wp\/v2\/media?parent=720038"}],"wp:term":[{"taxonomy":"product_brand","embeddable":true,"href":"https:\/\/roveyayinevi.com.tr\/index.php\/wp-json\/wp\/v2\/product_brand?post=720038"},{"taxonomy":"product_cat","embeddable":true,"href":"https:\/\/roveyayinevi.com.tr\/index.php\/wp-json\/wp\/v2\/product_cat?post=720038"},{"taxonomy":"product_tag","embeddable":true,"href":"https:\/\/roveyayinevi.com.tr\/index.php\/wp-json\/wp\/v2\/product_tag?post=720038"}],"curies":[{"name":"wp","href":"https:\/\/api.w.org\/{rel}","templated":true}]}}