{"id":720031,"date":"2025-08-27T18:31:02","date_gmt":"2025-08-27T15:31:02","guid":{"rendered":"https:\/\/roveyayinevi.com.tr\/index.php\/urun\/augustun-sonu-ciltli\/"},"modified":"2026-04-16T02:27:58","modified_gmt":"2026-04-15T23:27:58","slug":"augustun-sonu-ciltli","status":"publish","type":"product","link":"https:\/\/roveyayinevi.com.tr\/index.php\/urun\/augustun-sonu-ciltli\/","title":{"rendered":"August\u2019un Sonu (Ciltli)"},"content":{"rendered":"<p>Charlotte Holmes serisinin aksiyon y\u00fckl\u00fc ikinci kitab\u0131nda, Jamie Watson ve Charlotte Holmes\u2019\u00fc Avrupa\u2019n\u0131n bir ucundan di\u011ferine s\u00fcr\u00fckleyecek kovalamacan\u0131n fitili aylar \u00f6nceden ate\u015flenmi\u015fti.   Jamie ve Charlotte sonbahar d\u00f6nemini zar zor canl\u0131 atlatt\u0131ktan sonra Sussex\u2019te ge\u00e7irecekleri k\u0131\u015f tatilinde beladan uzak kalabileceklerini d\u00fc\u015f\u00fcn\u00fcyorlard\u0131. Ancak Charlotte, s\u0131rlara sahip tek Holmes de\u011fildi. Watson\u2019\u0131n hislerinin derinle\u015fmesiyse, aralar\u0131ndaki k\u0131v\u0131lc\u0131m\u0131 tehlikeli bir h\u00e2le getirmi\u015fti.   Leander Holmes, sanat sahtecilerinin yakalanmas\u0131 i\u00e7in Alman h\u00fck\u00fcmetiyle i\u015fbirli\u011fi yapt\u0131\u011f\u0131 bir gizli g\u00f6revdeyken, ard\u0131nda tuhaf ipu\u00e7lar\u0131 b\u0131rakarak ortadan kayboldu. Charlotte ise kendisini, amcas\u0131n\u0131 bulmak i\u00e7in Berlin\u2019deki yeralt\u0131 st\u00fcdyolar\u0131ndan Prag\u2019daki \u015fa\u015faal\u0131 sanat evlerine uzanan  tehlikeli bir yar\u0131\u015f\u0131n i\u00e7inde buldu.   Kimin dost kimin d\u00fc\u015fman oldu\u011funun belirsizle\u015fti\u011fi bu davada Watson ve Holmes\u2019\u00fcn \u00f6\u011frendikleri yeni bilgiler, aileleri, kendileri ve birbirleri hakk\u0131nda bildikleri her \u015feyi de\u011fi\u015ftirecekti.   \u201cCavallaro, Doyle\u2019un karakterlerini ve onlara \u00f6zg\u00fc davran\u0131\u015flar\u0131 kullanmas\u0131na ra\u011fmen olay \u00f6rg\u00fcs\u00fcn\u00fc ileri bir seviyeye ta\u015f\u0131yor.\u201d Kirkus   \u201cDilin harika kullan\u0131m\u0131, d\u00e2hiyane diyaloglar ve ya\u015fayan karakterler. Cavallaro\u2019nun Doyle\u2019un hik\u00e2yelerine olan hakimiyeti sorgulanmaz.\u201d Teenreads <\/p>\n","protected":false},"excerpt":{"rendered":"<p>Charlotte Holmes serisinin aksiyon y\u00fckl\u00fc ikinci kitab\u0131nda, Jamie Watson ve Charlotte Holmes\u2019\u00fc Avrupa\u2019n\u0131n bir ucundan di\u011ferine s\u00fcr\u00fckleyecek kovalamacan\u0131n fitili aylar \u00f6nceden ate\u015flenmi\u015fti. Jamie ve Charlotte sonbahar<span class=\"excerpt-hellip\"> [\u2026]<\/span><\/p>\n","protected":false},"featured_media":0,"template":"","meta":{"_monsterinsights_skip_tracking":false,"_monsterinsights_sitenote_active":false,"_monsterinsights_sitenote_note":"","_monsterinsights_sitenote_category":0},"product_brand":[],"product_cat":[12291,15445],"product_tag":[],"class_list":{"0":"post-720031","1":"product","2":"type-product","3":"status-publish","5":"product_cat-edebiyat","6":"product_cat-polisiye","7":"pa_cilt-ciltli","8":"pa_tur-kitap","9":"pa_yayinevi-yabanci-yayinevi","10":"pa_yazar-brittany-cavallaro","12":"first","13":"instock","14":"sale","15":"shipping-taxable","16":"purchasable","17":"product-type-simple"},"_links":{"self":[{"href":"https:\/\/roveyayinevi.com.tr\/index.php\/wp-json\/wp\/v2\/product\/720031","targetHints":{"allow":["GET"]}}],"collection":[{"href":"https:\/\/roveyayinevi.com.tr\/index.php\/wp-json\/wp\/v2\/product"}],"about":[{"href":"https:\/\/roveyayinevi.com.tr\/index.php\/wp-json\/wp\/v2\/types\/product"}],"wp:attachment":[{"href":"https:\/\/roveyayinevi.com.tr\/index.php\/wp-json\/wp\/v2\/media?parent=720031"}],"wp:term":[{"taxonomy":"product_brand","embeddable":true,"href":"https:\/\/roveyayinevi.com.tr\/index.php\/wp-json\/wp\/v2\/product_brand?post=720031"},{"taxonomy":"product_cat","embeddable":true,"href":"https:\/\/roveyayinevi.com.tr\/index.php\/wp-json\/wp\/v2\/product_cat?post=720031"},{"taxonomy":"product_tag","embeddable":true,"href":"https:\/\/roveyayinevi.com.tr\/index.php\/wp-json\/wp\/v2\/product_tag?post=720031"}],"curies":[{"name":"wp","href":"https:\/\/api.w.org\/{rel}","templated":true}]}}