{"id":720030,"date":"2025-08-27T18:31:01","date_gmt":"2025-08-27T15:31:01","guid":{"rendered":"https:\/\/roveyayinevi.com.tr\/index.php\/urun\/kuyucakli-yusuf-17\/"},"modified":"2026-04-16T02:27:58","modified_gmt":"2026-04-15T23:27:58","slug":"kuyucakli-yusuf-17","status":"publish","type":"product","link":"https:\/\/roveyayinevi.com.tr\/index.php\/urun\/kuyucakli-yusuf-17\/","title":{"rendered":"Kuyucakl\u0131 Yusuf"},"content":{"rendered":"<p>\u201cHi\u00e7bir \u015fey d\u00fc\u015f\u00fcnm\u00fcyor, sadece ka\u00e7mak, hayat\u0131n\u0131n en korkun\u00e7 devirlerini ge\u00e7irdi\u011fi bu yerlerden m\u00fcmk\u00fcn oldu\u011fu kadar \u00e7abuk uzakla\u015fmak istiyordu. Nereye olursa olsun! Da\u011fba\u015flar\u0131na, kimsesiz ormanlara veya kalabal\u0131k \u015fehirlere!.. Yaln\u0131z adamak\u0131ll\u0131 uzak ve kimsenin onu bulamayaca\u011f\u0131 bir yere!..\u201d<\/p>\n","protected":false},"excerpt":{"rendered":"<p>\u201cHi\u00e7bir \u015fey d\u00fc\u015f\u00fcnm\u00fcyor, sadece ka\u00e7mak, hayat\u0131n\u0131n en korkun\u00e7 devirlerini ge\u00e7irdi\u011fi bu yerlerden m\u00fcmk\u00fcn oldu\u011fu kadar \u00e7abuk uzakla\u015fmak istiyordu. Nereye olursa olsun! Da\u011fba\u015flar\u0131na, kimsesiz ormanlara veya kalabal\u0131k<span class=\"excerpt-hellip\"> [\u2026]<\/span><\/p>\n","protected":false},"featured_media":0,"template":"","meta":{"_monsterinsights_skip_tracking":false,"_monsterinsights_sitenote_active":false,"_monsterinsights_sitenote_note":"","_monsterinsights_sitenote_category":0},"product_brand":[],"product_cat":[12291,12711],"product_tag":[],"class_list":{"0":"post-720030","1":"product","2":"type-product","3":"status-publish","5":"product_cat-edebiyat","6":"product_cat-roman-oyku","7":"pa_cilt-ciltsiz","8":"pa_tur-kitap","9":"pa_yayinevi-muptela-yayinevi","10":"pa_yazar-sabahattin-ali","12":"first","13":"instock","14":"sale","15":"shipping-taxable","16":"purchasable","17":"product-type-simple"},"_links":{"self":[{"href":"https:\/\/roveyayinevi.com.tr\/index.php\/wp-json\/wp\/v2\/product\/720030","targetHints":{"allow":["GET"]}}],"collection":[{"href":"https:\/\/roveyayinevi.com.tr\/index.php\/wp-json\/wp\/v2\/product"}],"about":[{"href":"https:\/\/roveyayinevi.com.tr\/index.php\/wp-json\/wp\/v2\/types\/product"}],"wp:attachment":[{"href":"https:\/\/roveyayinevi.com.tr\/index.php\/wp-json\/wp\/v2\/media?parent=720030"}],"wp:term":[{"taxonomy":"product_brand","embeddable":true,"href":"https:\/\/roveyayinevi.com.tr\/index.php\/wp-json\/wp\/v2\/product_brand?post=720030"},{"taxonomy":"product_cat","embeddable":true,"href":"https:\/\/roveyayinevi.com.tr\/index.php\/wp-json\/wp\/v2\/product_cat?post=720030"},{"taxonomy":"product_tag","embeddable":true,"href":"https:\/\/roveyayinevi.com.tr\/index.php\/wp-json\/wp\/v2\/product_tag?post=720030"}],"curies":[{"name":"wp","href":"https:\/\/api.w.org\/{rel}","templated":true}]}}