{"id":720029,"date":"2025-08-27T18:30:25","date_gmt":"2025-08-27T15:30:25","guid":{"rendered":"https:\/\/roveyayinevi.com.tr\/index.php\/urun\/yedikuleli-mansur\/"},"modified":"2026-04-02T02:36:15","modified_gmt":"2026-04-01T23:36:15","slug":"yedikuleli-mansur","status":"publish","type":"product","link":"https:\/\/roveyayinevi.com.tr\/index.php\/urun\/yedikuleli-mansur\/","title":{"rendered":"Yedikuleli Mansur"},"content":{"rendered":"<p>Galata Kulesi\u2019nin akbabay\u0131 and\u0131ran g\u00f6lgesi. B\u0131\u00e7ak par\u0131lt\u0131lar\u0131, \u015farap kokular\u0131, sarho\u015flar\u0131n koynunda yatt\u0131\u011f\u0131 e\u011fri b\u00fc\u011fr\u00fc sokaklar, b\u00fck\u00fclen kaytan b\u0131y\u0131klar, kad\u0131 neferlerinin ayak pat\u0131rt\u0131lar\u0131, k\u00fclhani topuk vurmalar, ba\u015flayan ve biten efsaneler, zorbalar\u0131n kanunu, kanunun falakas\u0131\u2026 Sultan S\u00fcleyman Han\u2019\u0131n saltanat\u0131n\u0131n son senelerinde, zorbazlar\u0131n ipinin ucunu \u00e7oktan ka\u00e7\u0131rm\u0131\u015f Kara \u015eaban A\u011fa, zorbazl\u0131\u011fa namzet Mansur, simyaya t\u00f6vbeli meyhaneci Panayot, insan ka\u00e7k\u0131n\u0131 ve daim karanl\u0131kta y\u00fcr\u00fcyen Ay\u0131 Osman A\u011fa, zorbazlar\u0131n r\u00fczg\u00e2r\u0131nda savrulan Roza ve bir nice t\u0131ls\u0131ml\u0131, efsunlu, \u00fcrpertili mek\u00e2n ve mavra\u2026 Yedikuleli Mansur, Pangea Kitapl\u0131\u011f\u0131\u2019na \u00f6nceki bask\u0131larda bulunmayan Kanl\u0131 Pen\u00e7e adl\u0131 tamamlay\u0131c\u0131 \u00f6yk\u00fcs\u00fcyle beraber ge\u00e7iyor. K\u0131smen korkulu, ziyadesiyle fantastik ve tarihi bir serg\u00fcze\u015ft\u2026 \u201c Kurt \u00e2dem, oburu yere \u00e7\u00f6kertip surat\u0131n\u0131 par\u00e7alamaya hamle yapt\u0131\u011f\u0131 s\u0131rada Panayot, yerine gelen \u015fuurunun ve g\u00fcven duygusunun tesiri ile bir \u015feyi fark etti. Obur\u2019un boynunda iple as\u0131l\u0131, ancak kendisinin g\u00f6rebilece\u011fi erguvan renkte \u015fualar sa\u00e7an bir bebek mumyas\u0131 vard\u0131. U\u011fursuz mumyadan cehennem\u00ee k\u00fck\u00fcrt kokusundan ve insan\u0131 manen \u00e7\u00f6kerten tuhaf bir a\u011f\u0131rl\u0131k hissi yaratmas\u0131ndan bir t\u0131ls\u0131m oldu\u011fu \u00fc\u00e7 g\u00fcnl\u00fck yoldan belli olmaktayd\u0131. Bir anda aya\u011fa f\u0131rlay\u0131p ba\u011f\u0131rd\u0131: \u2018Osman Agamu! \u00d6ld\u00fcrmeyesin vre! Bunun derdi baskadir! Boynundaki mumyanin iplerini kesin, efsun vardir!\u2019 \u201d <\/p>\n","protected":false},"excerpt":{"rendered":"<p>Galata Kulesi\u2019nin akbabay\u0131 and\u0131ran g\u00f6lgesi. B\u0131\u00e7ak par\u0131lt\u0131lar\u0131, \u015farap kokular\u0131, sarho\u015flar\u0131n koynunda yatt\u0131\u011f\u0131 e\u011fri b\u00fc\u011fr\u00fc sokaklar, b\u00fck\u00fclen kaytan b\u0131y\u0131klar, kad\u0131 neferlerinin ayak pat\u0131rt\u0131lar\u0131, k\u00fclhani topuk vurmalar, ba\u015flayan<span class=\"excerpt-hellip\"> [\u2026]<\/span><\/p>\n","protected":false},"featured_media":0,"template":"","meta":{"_monsterinsights_skip_tracking":false,"_monsterinsights_sitenote_active":false,"_monsterinsights_sitenote_note":"","_monsterinsights_sitenote_category":0},"product_brand":[],"product_cat":[12291,14777],"product_tag":[],"class_list":{"0":"post-720029","1":"product","2":"type-product","3":"status-publish","5":"product_cat-edebiyat","6":"product_cat-fantastik","7":"pa_cilt-ciltsiz","8":"pa_tur-kitap","9":"pa_yayinevi-ithaki-yayinlari","10":"pa_yazar-mehmet-berk-yaltirik","12":"first","13":"instock","14":"sale","15":"shipping-taxable","16":"purchasable","17":"product-type-simple"},"_links":{"self":[{"href":"https:\/\/roveyayinevi.com.tr\/index.php\/wp-json\/wp\/v2\/product\/720029","targetHints":{"allow":["GET"]}}],"collection":[{"href":"https:\/\/roveyayinevi.com.tr\/index.php\/wp-json\/wp\/v2\/product"}],"about":[{"href":"https:\/\/roveyayinevi.com.tr\/index.php\/wp-json\/wp\/v2\/types\/product"}],"wp:attachment":[{"href":"https:\/\/roveyayinevi.com.tr\/index.php\/wp-json\/wp\/v2\/media?parent=720029"}],"wp:term":[{"taxonomy":"product_brand","embeddable":true,"href":"https:\/\/roveyayinevi.com.tr\/index.php\/wp-json\/wp\/v2\/product_brand?post=720029"},{"taxonomy":"product_cat","embeddable":true,"href":"https:\/\/roveyayinevi.com.tr\/index.php\/wp-json\/wp\/v2\/product_cat?post=720029"},{"taxonomy":"product_tag","embeddable":true,"href":"https:\/\/roveyayinevi.com.tr\/index.php\/wp-json\/wp\/v2\/product_tag?post=720029"}],"curies":[{"name":"wp","href":"https:\/\/api.w.org\/{rel}","templated":true}]}}