{"id":720026,"date":"2025-08-27T18:30:23","date_gmt":"2025-08-27T15:30:23","guid":{"rendered":"https:\/\/roveyayinevi.com.tr\/index.php\/urun\/sandman-6-fabllar-ve-yansimalar\/"},"modified":"2026-04-01T02:35:25","modified_gmt":"2026-03-31T23:35:25","slug":"sandman-6-fabllar-ve-yansimalar","status":"publish","type":"product","link":"https:\/\/roveyayinevi.com.tr\/index.php\/urun\/sandman-6-fabllar-ve-yansimalar\/","title":{"rendered":"Sandman 6: Fabllar ve Yans\u0131malar"},"content":{"rendered":"<p>T\u00fcm zamanlar\u0131n hem en pop\u00fcler hem de ele\u015ftirmenlerce en \u00e7ok be\u011fenilen grafik romanlar\u0131ndan biri olan sandman, \u00e7izgi roman d\u00fcnyas\u0131nda olgun ve lirik fantazinin d\u00f6n\u00fcm noktas\u0131 oldu. Mecran\u0131n en aranan sanat\u00e7\u0131lar\u0131n\u0131n resimlendirdi\u011fi seri, modern ve antik mitolojilerin \u00e7a\u011fda\u015f kurgularla, tarihi dramalarla ve efsanelerle beraber dokundu\u011fu zengin bir kar\u0131\u015f\u0131m.Sandman\u2019in alt\u0131nc\u0131 cildi olan Fabllar ve Yans\u0131malar\u2019da D\u00fc\u015fler Lordu dokuz yeni \u00f6yk\u00fcyle kar\u015f\u0131m\u0131za \u00e7\u0131k\u0131yor. Ge\u00e7mi\u015fin sisinde ya\u015fayan hayatlardan g\u00fcn\u00fcm\u00fcz\u00fcn k\u00e2buslar\u0131na kadar sirayet etti\u011fi bu \u00f6yk\u00fclerde imparatorlar ve casuslar, akt\u00f6rler ve kuzgunlar hatta kurtadamlar r\u00fcyalarda bulu\u015fuyor. Hayat ve a\u015fk, iktidar ve karanl\u0131k bu r\u00fcyalar\u0131 asla terk etmiyor.<\/p>\n","protected":false},"excerpt":{"rendered":"<p>T\u00fcm zamanlar\u0131n hem en pop\u00fcler hem de ele\u015ftirmenlerce en \u00e7ok be\u011fenilen grafik romanlar\u0131ndan biri olan sandman, \u00e7izgi roman d\u00fcnyas\u0131nda olgun ve lirik fantazinin d\u00f6n\u00fcm noktas\u0131 oldu.<span class=\"excerpt-hellip\"> [\u2026]<\/span><\/p>\n","protected":false},"featured_media":0,"template":"","meta":{"_monsterinsights_skip_tracking":false,"_monsterinsights_sitenote_active":false,"_monsterinsights_sitenote_note":"","_monsterinsights_sitenote_category":0},"product_brand":[],"product_cat":[12689,12274],"product_tag":[],"class_list":{"0":"post-720026","1":"product","2":"type-product","3":"status-publish","5":"product_cat-cizgi-roman-cocuk-ve-genclik-kitaplari","6":"product_cat-cocuk-ve-genclik-kitaplari","7":"pa_cilt-ciltsiz","8":"pa_tur-kitap","9":"pa_yayinevi-ithaki-yayinlari","10":"pa_yazar-neil-gaiman","12":"first","13":"instock","14":"sale","15":"shipping-taxable","16":"purchasable","17":"product-type-simple"},"_links":{"self":[{"href":"https:\/\/roveyayinevi.com.tr\/index.php\/wp-json\/wp\/v2\/product\/720026","targetHints":{"allow":["GET"]}}],"collection":[{"href":"https:\/\/roveyayinevi.com.tr\/index.php\/wp-json\/wp\/v2\/product"}],"about":[{"href":"https:\/\/roveyayinevi.com.tr\/index.php\/wp-json\/wp\/v2\/types\/product"}],"wp:attachment":[{"href":"https:\/\/roveyayinevi.com.tr\/index.php\/wp-json\/wp\/v2\/media?parent=720026"}],"wp:term":[{"taxonomy":"product_brand","embeddable":true,"href":"https:\/\/roveyayinevi.com.tr\/index.php\/wp-json\/wp\/v2\/product_brand?post=720026"},{"taxonomy":"product_cat","embeddable":true,"href":"https:\/\/roveyayinevi.com.tr\/index.php\/wp-json\/wp\/v2\/product_cat?post=720026"},{"taxonomy":"product_tag","embeddable":true,"href":"https:\/\/roveyayinevi.com.tr\/index.php\/wp-json\/wp\/v2\/product_tag?post=720026"}],"curies":[{"name":"wp","href":"https:\/\/api.w.org\/{rel}","templated":true}]}}