{"id":720025,"date":"2025-08-27T18:30:22","date_gmt":"2025-08-27T15:30:22","guid":{"rendered":"https:\/\/roveyayinevi.com.tr\/index.php\/urun\/dunyanin-otesindeki-orman\/"},"modified":"2026-04-16T02:27:58","modified_gmt":"2026-04-15T23:27:58","slug":"dunyanin-otesindeki-orman","status":"publish","type":"product","link":"https:\/\/roveyayinevi.com.tr\/index.php\/urun\/dunyanin-otesindeki-orman\/","title":{"rendered":"D\u00fcnyan\u0131n \u00d6tesindeki Orman"},"content":{"rendered":"<p>Sanayi \u00f6ncesi zanaata ve idile olan \u00f6zlemini, Viktoryen d\u00f6nem g\u00fcndelik hayat\u0131n\u0131n hayli \u00f6tesine d\u00fc\u015fen bir hayal \u00e2lemi yaratarak okura aktaran William Morris, hayal d\u00fcnyas\u0131n\u0131 do\u011fa\u00fcst\u00fcyle birle\u015ftiren ilk yazarlardan. Yazarl\u0131\u011f\u0131n\u0131n yan\u0131 s\u0131ra \u015fair, \u00e7evirmen ve ressam olarak da tan\u0131nan Morris, ayn\u0131 zamanda Britanya\u2019n\u0131n \u00f6nde gelen erken d\u00f6nem sosyalistlerinden oldu\u011fundan, kendisi i\u00e7in ideoloji ile kurgu birbirinden ayr\u0131lmas\u0131 m\u00fcmk\u00fcn olmayan bir ikiliydi. Gerek \u015fiirsel \u00fcslubu gerekse hayali d\u00fcnyalar\u0131yla g\u00fcn\u00fcm\u00fcz fantazi yaz\u0131n\u0131n\u0131 derinden etkileyen yazar, \u00f6zellikle C. S. Lewis ve J. R. R. Tolkien i\u00e7in \u00f6nemli bir esin kayna\u011f\u0131yd\u0131.Tamam\u0131yla kurgusal bir d\u00fcnyaya sahip ilk roman olan D\u00fcnyan\u0131n \u00d6tesindeki Orman, mutsuz evlili\u011fi hen\u00fcz bitmi\u015f olan Golden Walter\u2019\u0131n, ya\u015fad\u0131\u011f\u0131 \u015fehirden ka\u00e7mak i\u00e7in bir deniz seyahatine \u00e7\u0131kmas\u0131yla ba\u015flar. Kar\u015f\u0131la\u015ft\u0131\u011f\u0131 bir f\u0131rt\u0131na sonucunda kendini gizemli bir ormanda bulur. Hem yerli halk\u0131 hem de insan\u0131 \u015fa\u015f\u0131rtan do\u011fas\u0131yla bu orman, Walter\u2019\u0131n bildi\u011fi d\u00fcnyaya hi\u00e7 benzememektedir. D\u00fcnyan\u0131n \u00d6tesindeki Orman, yeni bir diyar\u0131n ve imk\u00e2ns\u0131z a\u015fk\u0131n ser\u00fcveni. Hayalinizdeki d\u00fcnyan\u0131n ger\u00e7e\u011fe d\u00f6nd\u00fc\u011f\u00fc \u00e2n\u0131n ta kendisi.\u201cY\u00fcz\u00fcklerin Efendisi\u2019ni yazarken William Morris\u2019ten fazlas\u0131yla esinlendim.\u201dJ. R. R. Tolkien\u201c\u015e\u00fcphesiz ki William Morris 19. y\u00fczy\u0131l\u0131n Tolkien\u2019idir.\u201dLin Carter<\/p>\n","protected":false},"excerpt":{"rendered":"<p>Sanayi \u00f6ncesi zanaata ve idile olan \u00f6zlemini, Viktoryen d\u00f6nem g\u00fcndelik hayat\u0131n\u0131n hayli \u00f6tesine d\u00fc\u015fen bir hayal \u00e2lemi yaratarak okura aktaran William Morris, hayal d\u00fcnyas\u0131n\u0131 do\u011fa\u00fcst\u00fcyle birle\u015ftiren<span class=\"excerpt-hellip\"> [\u2026]<\/span><\/p>\n","protected":false},"featured_media":0,"template":"","meta":{"_monsterinsights_skip_tracking":false,"_monsterinsights_sitenote_active":false,"_monsterinsights_sitenote_note":"","_monsterinsights_sitenote_category":0},"product_brand":[],"product_cat":[12291,14777],"product_tag":[],"class_list":{"0":"post-720025","1":"product","2":"type-product","3":"status-publish","5":"product_cat-edebiyat","6":"product_cat-fantastik","7":"pa_cilt-ciltsiz","8":"pa_tur-kitap","9":"pa_yayinevi-ithaki-yayinlari","10":"pa_yazar-william-morris","12":"first","13":"instock","14":"sale","15":"shipping-taxable","16":"purchasable","17":"product-type-simple"},"_links":{"self":[{"href":"https:\/\/roveyayinevi.com.tr\/index.php\/wp-json\/wp\/v2\/product\/720025","targetHints":{"allow":["GET"]}}],"collection":[{"href":"https:\/\/roveyayinevi.com.tr\/index.php\/wp-json\/wp\/v2\/product"}],"about":[{"href":"https:\/\/roveyayinevi.com.tr\/index.php\/wp-json\/wp\/v2\/types\/product"}],"wp:attachment":[{"href":"https:\/\/roveyayinevi.com.tr\/index.php\/wp-json\/wp\/v2\/media?parent=720025"}],"wp:term":[{"taxonomy":"product_brand","embeddable":true,"href":"https:\/\/roveyayinevi.com.tr\/index.php\/wp-json\/wp\/v2\/product_brand?post=720025"},{"taxonomy":"product_cat","embeddable":true,"href":"https:\/\/roveyayinevi.com.tr\/index.php\/wp-json\/wp\/v2\/product_cat?post=720025"},{"taxonomy":"product_tag","embeddable":true,"href":"https:\/\/roveyayinevi.com.tr\/index.php\/wp-json\/wp\/v2\/product_tag?post=720025"}],"curies":[{"name":"wp","href":"https:\/\/api.w.org\/{rel}","templated":true}]}}