{"id":720024,"date":"2025-08-27T18:30:22","date_gmt":"2025-08-27T15:30:22","guid":{"rendered":"https:\/\/roveyayinevi.com.tr\/index.php\/urun\/fantastes\/"},"modified":"2026-04-16T02:27:58","modified_gmt":"2026-04-15T23:27:58","slug":"fantastes","status":"publish","type":"product","link":"https:\/\/roveyayinevi.com.tr\/index.php\/urun\/fantastes\/","title":{"rendered":"Fantastes"},"content":{"rendered":"<p>G. K. Chesterton, W. H. Auden, J. R. R. Tolkien ve C. S. Lewis gibi yazarlar\u0131 etkileyen, fantastik edebiyat\u0131n kurucular\u0131ndan \u0130sko\u00e7yal\u0131 yazar George MacDonald ba\u015fka d\u00fcnyalar\u0131n \u015fark\u0131s\u0131n\u0131 ilk duyanlardand\u0131. D\u00f6nemin anlay\u0131\u015f\u0131na ayk\u0131r\u0131 gelen d\u00fc\u015f\u00fcncelerinden dolay\u0131 din adaml\u0131\u011f\u0131 g\u00f6revini b\u0131rakmak zorunda kalan George MacDonald peri masallar\u0131n\u0131n d\u00fcnyas\u0131n\u0131 o \u00e2na kadar kimsenin anlatmad\u0131\u011f\u0131 bi\u00e7imde yazd\u0131. \u201cBen \u00e7ocuklar i\u00e7in yazm\u0131yorum, be\u015f, elli ya da yetmi\u015f ya\u015f\u0131nda olsalar bile \u00e7ocuksu kalanlar i\u00e7in yaz\u0131yorum,\u201d diyen MacDonald, yak\u0131n arkada\u015f\u0131 olan Lewis Carroll\u2019\u0131n da ak\u0131l hocalar\u0131ndand\u0131.Fantastes, Yunancada \u201cyolu olmayan\u201d ve \u201ct\u0131rman\u0131\u015f\u201d anlam\u0131na gelen Anodos isimli kahraman\u0131m\u0131z\u0131n periler diyar\u0131nda ya\u015fad\u0131\u011f\u0131 r\u00fcyaya benzer maceralar\u0131n\u0131 anlat\u0131r. Anodos bu d\u00fcnyada a\u011fa\u00e7 perileriyle, kendi g\u00f6lgesiyle, \u015fanl\u0131 \u015f\u00f6valyelerle kar\u015f\u0131la\u015facak, peri krali\u00e7esinin saray\u0131n\u0131 ziyaret edecek, akl\u0131n\u0131n alamayaca\u011f\u0131 hik\u00e2yeler dinleyecektir. Fantastes b\u00fcy\u00fcl\u00fc bir d\u00fcnyan\u0131n h\u00fcz\u00fcnl\u00fc, \u015fa\u015f\u0131rt\u0131c\u0131 hik\u00e2yesi. Tam ula\u015faca\u011f\u0131n\u0131z\u0131 d\u00fc\u015f\u00fcnd\u00fc\u011f\u00fcn\u00fczde yine elinizden ka\u00e7\u0131rd\u0131\u011f\u0131n\u0131z bir ufuk \u00e7izgisi.\u201cKarakterlerimin baz\u0131lar\u0131n\u0131 do\u011frudan George MacDonald\u2019a bor\u00e7luyum.\u201dJ. R. R. Tolkien\u201cGeorge MacDonald\u2019\u0131 ustam olarak g\u00f6rd\u00fc\u011f\u00fcm ger\u00e7e\u011fini asla saklamad\u0131m, hatta ondan al\u0131nt\u0131 yapmad\u0131\u011f\u0131m tek bir kitab\u0131m yoktur herhalde.\u201dC. S. Lewis\u201cOn dokuzuncu y\u00fczy\u0131l\u0131n en \u00f6nemli yazarlar\u0131ndan.\u201dW. H. Auden<\/p>\n","protected":false},"excerpt":{"rendered":"<p>G. K. Chesterton, W. H. Auden, J. R. R. Tolkien ve C. S. Lewis gibi yazarlar\u0131 etkileyen, fantastik edebiyat\u0131n kurucular\u0131ndan \u0130sko\u00e7yal\u0131 yazar George MacDonald ba\u015fka d\u00fcnyalar\u0131n<span class=\"excerpt-hellip\"> [\u2026]<\/span><\/p>\n","protected":false},"featured_media":0,"template":"","meta":{"_monsterinsights_skip_tracking":false,"_monsterinsights_sitenote_active":false,"_monsterinsights_sitenote_note":"","_monsterinsights_sitenote_category":0},"product_brand":[],"product_cat":[12291,14777],"product_tag":[],"class_list":{"0":"post-720024","1":"product","2":"type-product","3":"status-publish","5":"product_cat-edebiyat","6":"product_cat-fantastik","7":"pa_cilt-ciltsiz","8":"pa_tur-kitap","9":"pa_yayinevi-ithaki-yayinlari","10":"pa_yazar-george-macdonald","12":"first","13":"instock","14":"sale","15":"shipping-taxable","16":"purchasable","17":"product-type-simple"},"_links":{"self":[{"href":"https:\/\/roveyayinevi.com.tr\/index.php\/wp-json\/wp\/v2\/product\/720024","targetHints":{"allow":["GET"]}}],"collection":[{"href":"https:\/\/roveyayinevi.com.tr\/index.php\/wp-json\/wp\/v2\/product"}],"about":[{"href":"https:\/\/roveyayinevi.com.tr\/index.php\/wp-json\/wp\/v2\/types\/product"}],"wp:attachment":[{"href":"https:\/\/roveyayinevi.com.tr\/index.php\/wp-json\/wp\/v2\/media?parent=720024"}],"wp:term":[{"taxonomy":"product_brand","embeddable":true,"href":"https:\/\/roveyayinevi.com.tr\/index.php\/wp-json\/wp\/v2\/product_brand?post=720024"},{"taxonomy":"product_cat","embeddable":true,"href":"https:\/\/roveyayinevi.com.tr\/index.php\/wp-json\/wp\/v2\/product_cat?post=720024"},{"taxonomy":"product_tag","embeddable":true,"href":"https:\/\/roveyayinevi.com.tr\/index.php\/wp-json\/wp\/v2\/product_tag?post=720024"}],"curies":[{"name":"wp","href":"https:\/\/api.w.org\/{rel}","templated":true}]}}