{"id":720023,"date":"2025-08-27T18:30:21","date_gmt":"2025-08-27T15:30:21","guid":{"rendered":"https:\/\/roveyayinevi.com.tr\/index.php\/urun\/turkce-ses-ve-bicim-bilgisi\/"},"modified":"2025-09-23T18:26:19","modified_gmt":"2025-09-23T15:26:19","slug":"turkce-ses-ve-bicim-bilgisi","status":"publish","type":"product","link":"https:\/\/roveyayinevi.com.tr\/index.php\/urun\/turkce-ses-ve-bicim-bilgisi\/","title":{"rendered":"T\u00fcrk\u00e7e Ses ve Bi\u00e7im Bilgisi"},"content":{"rendered":"<p>Ses Bilgisi ve Bi\u00e7im Bilgisi ara\u015ft\u0131rmalar\u0131 ile sosyal bilimlerde kaynak s\u0131k\u0131nt\u0131s\u0131 \u00e7ekilen alanlar\u0131 ayd\u0131nlatmak ve T\u00fcrk k\u00fclt\u00fcr\u00fcn\u00fcn karanl\u0131kta kalm\u0131\u015f konular\u0131n\u0131 tek tek g\u00fcn y\u00fcz\u00fcne \u00e7\u0131karmak m\u00fcmk\u00fcnd\u00fcr. Bu \u00e7al\u0131\u015fma, T\u00fcrkiye\u2019de \u00f6\u011fretim faaliyetlerine devam eden E\u011fitim Fak\u00fclteleri ve Edebiyat Fak\u00fcltelerinin ilgili b\u00f6l\u00fcmleri ile yurt d\u0131\u015f\u0131nda faaliyetlerine devam eden T\u00fcrkoloji b\u00f6l\u00fcmlerinde okutulan Ses Bilgisi, Bi\u00e7im (\u015eekil) Bilgisi ile Ses ve Bi\u00e7im (\u015eekil)Bilgisi dersleri i\u00e7in haz\u0131rlanm\u0131\u015ft\u0131r. Prof. Dr. Necati Demir\u2019in haz\u0131rlad\u0131\u011f\u0131 bu \u00e7al\u0131\u015fmada terim karga\u015fas\u0131ndan uzak durulmu\u015f, terimlerin genellikle T\u00fcrk\u00e7e olan\u0131 tercih edilmi\u015f, konular\u0131n m\u00fcmk\u00fcn oldu\u011funca kolay anla\u015f\u0131l\u0131r, sade ve ak\u0131c\u0131 bir \u00fcslupla kaleme al\u0131nmas\u0131na \u00f6zellikle dikkat edilmi\u015ftir. Ara\u015ft\u0131rmac\u0131lar ve \u00f6\u011frencileri T\u00fcrk\u00e7enin tarihinden ve leh\u00e7elerinden haberdar edebilmek ve kolay kar\u015f\u0131la\u015ft\u0131rma yapabilmelerini sa\u011flamak i\u00e7in, \u00f6zellikle ses bilgisi b\u00f6l\u00fcm\u00fcnde zaman zaman Tarih\u00ee T\u00fcrk\u00e7e ve \u00c7a\u011fda\u015f T\u00fcrk Leh\u00e7elerinden \u00f6rnekler verilmi\u015ftir. Ayr\u0131ca mezun olduklar\u0131nda \u00f6\u011fretmen olarak gidecekleri y\u00f6relerde kar\u015f\u0131la\u015fabilecekleri a\u011f\u0131z \u00f6zelliklerini tan\u0131malar\u0131 i\u00e7in bazen T\u00fcrkiye T\u00fcrk\u00e7esi A\u011f\u0131zlar\u0131ndan da \u00f6rnekler verilmi\u015ftir. Konular\u0131n kolay anla\u015f\u0131labilmesi ve tahlillerin nas\u0131l yap\u0131ld\u0131\u011f\u0131n\u0131 g\u00f6sterebilmek i\u00e7in Ses Bilgisi ve Bi\u00e7im Bilgisi b\u00f6l\u00fcmlerinin sonunda bolca tahlil yap\u0131lm\u0131\u015f ve yine bolca \u00f6rnekler verilmi\u015ftir. <\/p>\n","protected":false},"excerpt":{"rendered":"<p>Ses Bilgisi ve Bi\u00e7im Bilgisi ara\u015ft\u0131rmalar\u0131 ile sosyal bilimlerde kaynak s\u0131k\u0131nt\u0131s\u0131 \u00e7ekilen alanlar\u0131 ayd\u0131nlatmak ve T\u00fcrk k\u00fclt\u00fcr\u00fcn\u00fcn karanl\u0131kta kalm\u0131\u015f konular\u0131n\u0131 tek tek g\u00fcn y\u00fcz\u00fcne \u00e7\u0131karmak m\u00fcmk\u00fcnd\u00fcr.<span class=\"excerpt-hellip\"> [\u2026]<\/span><\/p>\n","protected":false},"featured_media":0,"template":"","meta":{"_monsterinsights_skip_tracking":false,"_monsterinsights_sitenote_active":false,"_monsterinsights_sitenote_note":"","_monsterinsights_sitenote_category":0},"product_brand":[],"product_cat":[20225,12291],"product_tag":[],"class_list":{"0":"post-720023","1":"product","2":"type-product","3":"status-publish","5":"product_cat-dil-bilim","6":"product_cat-edebiyat","7":"pa_cilt-ciltsiz","8":"pa_tur-kitap","9":"pa_yayinevi-altinordu-yayinlari","10":"pa_yazar-necati-demir","12":"first","13":"instock","14":"sale","15":"shipping-taxable","16":"purchasable","17":"product-type-simple"},"_links":{"self":[{"href":"https:\/\/roveyayinevi.com.tr\/index.php\/wp-json\/wp\/v2\/product\/720023","targetHints":{"allow":["GET"]}}],"collection":[{"href":"https:\/\/roveyayinevi.com.tr\/index.php\/wp-json\/wp\/v2\/product"}],"about":[{"href":"https:\/\/roveyayinevi.com.tr\/index.php\/wp-json\/wp\/v2\/types\/product"}],"wp:attachment":[{"href":"https:\/\/roveyayinevi.com.tr\/index.php\/wp-json\/wp\/v2\/media?parent=720023"}],"wp:term":[{"taxonomy":"product_brand","embeddable":true,"href":"https:\/\/roveyayinevi.com.tr\/index.php\/wp-json\/wp\/v2\/product_brand?post=720023"},{"taxonomy":"product_cat","embeddable":true,"href":"https:\/\/roveyayinevi.com.tr\/index.php\/wp-json\/wp\/v2\/product_cat?post=720023"},{"taxonomy":"product_tag","embeddable":true,"href":"https:\/\/roveyayinevi.com.tr\/index.php\/wp-json\/wp\/v2\/product_tag?post=720023"}],"curies":[{"name":"wp","href":"https:\/\/api.w.org\/{rel}","templated":true}]}}