{"id":720022,"date":"2025-08-27T18:30:20","date_gmt":"2025-08-27T15:30:20","guid":{"rendered":"https:\/\/roveyayinevi.com.tr\/index.php\/urun\/caga-karsi-koymak\/"},"modified":"2026-04-16T02:27:58","modified_gmt":"2026-04-15T23:27:58","slug":"caga-karsi-koymak","status":"publish","type":"product","link":"https:\/\/roveyayinevi.com.tr\/index.php\/urun\/caga-karsi-koymak\/","title":{"rendered":"\u00c7a\u011fa Kar\u015f\u0131 Koymak"},"content":{"rendered":"<p>Fa\u015fizmle m\u00fccadele, insan ruhunun yeti\u015ftirilmesiyle m\u00fcmk\u00fcnd\u00fcr!Bat\u0131 felsefi ve entelekt\u00fcel \u00fcretimine g\u00fcncel katk\u0131lar\u0131yla bilinen Nexus Enstit\u00fcs\u00fc\u2019n\u00fcn kurucusu ve ba\u015fkan\u0131 Rob Riemen&#8217;in \u00c7a\u011fa Kar\u015f\u0131 Koymak: Fa\u015fizm ve H\u00fcmanizm \u00dczerine D\u00fc\u015f\u00fcnceler adl\u0131 \u00e7al\u0131\u015fmas\u0131, Delidolu&#8217;nun NeYapmal\u0131? temal\u0131 kurmaca d\u0131\u015f\u0131 eserler koleksiyonundaki yerini al\u0131yor.K\u00fcresel \u00e7apta y\u00fckseli\u015fe ge\u00e7en sa\u011fc\u0131 ideolojiler ve fa\u015fist siyasi e\u011filimler \u00fczerine d\u00fc\u015f\u00fcnen bir k\u00fclt\u00fcr felsefecisi olarak Rob Riemen, bir zamanlar Avrupa\u2019n\u0131n en temel nitelikleri olan, ancak zaman\u0131n fani ruhuyla birlikte yitirilen demokratik de\u011ferlerin yeniden canland\u0131r\u0131lmas\u0131na y\u00f6nelik \u00e7abalar\u0131 tart\u0131\u015f\u0131yor. Riemen, k\u00fclt\u00fcr ve e\u011fitim \u201cinsan ruhunu yeti\u015ftirme\u201d amac\u0131na hizmet etmedik\u00e7e, bir de\u011ferler sistemi olarak fa\u015fizmin asla yok olmayaca\u011f\u0131n\u0131, belli aral\u0131klarla tekrar sald\u0131raca\u011f\u0131n\u0131 vurguluyor.\u00d6znel d\u00fc\u015f\u00fcnceden yoksun kitle insan\u0131n\u0131n, b\u00fct\u00fcn s\u0131radanl\u0131\u011f\u0131yla kitsch toplumunun ve \u00fcniversitelerin fikir insanlar\u0131 yerine piyasaya \u201celeman\u201d yeti\u015ftiren niteliksiz kurumlara d\u00f6n\u00fc\u015fmesinin fa\u015fizmin y\u00fckseli\u015findeki etkin rol\u00fcn\u00fc \u00f6yk\u00fcle\u015ftirerek, ak\u0131c\u0131 ve anla\u015f\u0131l\u0131r bir dille anlatan kitap, siyaseti edebiyat ve felsefeyle d\u00fc\u015f\u00fcnmek isteyen okurlar i\u00e7in e\u015fsiz analizler sunuyor.Siyaset d\u00fcnyas\u0131nda pop\u00fclizm ve fa\u015fizm tart\u0131\u015fmalar\u0131 h\u0131z kesmeden s\u00fcrerken Riemen bu t\u00fcr siyaset yapma bi\u00e7imlerinin uyand\u0131rd\u0131\u011f\u0131 geni\u015f \u00e7apl\u0131 h\u0131n\u00e7, yabanc\u0131 d\u00fc\u015fmanl\u0131\u011f\u0131, korku ve nefret duygular\u0131na kar\u015f\u0131 evrensel \u0130yinin yeniden hat\u0131rlanmas\u0131 gerekti\u011fini savunuyor. Nietzsche\u2019den Spinoza\u2019ya, Paul Val\u00e9ry\u2019den Thomas Mann\u2019a geni\u015f bir dizi felsefi ve edebi kaynaktan beslenen bu \u00e7al\u0131\u015fma, mevcut d\u00fcnya d\u00fczenini anlamak ve alternatifler \u00fczerine d\u00fc\u015f\u00fcnmek isteyen herkesin okumas\u0131 gereken g\u00fcncel bir analiz.Toplumumuz \u015f\u00fcphesiz ki derin bir k\u00fclt\u00fcrel krizin i\u00e7inde. Art\u0131k m\u00fc\u015fterek manevi de\u011ferlerimiz nelerdir bilmiyoruz; e\u011fitim art\u0131k ki\u015finin kendini geli\u015ftirmesine ve ahlak\u0131 \u00f6\u011frenmeye olanak tan\u0131m\u0131yor; uygarl\u0131\u011f\u0131n t\u00fcm ilkelerine temel olu\u015fturan asli sorulara art\u0131k nas\u0131l cevap verece\u011fimizi bilmiyoruz. K\u00fclt\u00fcrel ve ahlaki temellerden yoksun, demagojiden kolayca etkilenmeye m\u00fcsait, h\u0131n\u00e7 ve korkuya bo\u011fulmu\u015f oldu\u011fu i\u00e7in nihilist olarak adland\u0131rabilece\u011fimiz bu toplumda siyaset, iktidarlar\u0131n\u0131 korumak ve b\u00fcy\u00fctmekten ba\u015fka hi\u00e7bir g\u00fcd\u00fcs\u00fc olmayan k\u0131\u015fk\u0131rt\u0131c\u0131 akt\u00f6rlerin i\u015fidir.<\/p>\n","protected":false},"excerpt":{"rendered":"<p>Fa\u015fizmle m\u00fccadele, insan ruhunun yeti\u015ftirilmesiyle m\u00fcmk\u00fcnd\u00fcr!Bat\u0131 felsefi ve entelekt\u00fcel \u00fcretimine g\u00fcncel katk\u0131lar\u0131yla bilinen Nexus Enstit\u00fcs\u00fc\u2019n\u00fcn kurucusu ve ba\u015fkan\u0131 Rob Riemen&#8217;in \u00c7a\u011fa Kar\u015f\u0131 Koymak: Fa\u015fizm ve H\u00fcmanizm<span class=\"excerpt-hellip\"> [\u2026]<\/span><\/p>\n","protected":false},"featured_media":0,"template":"","meta":{"_monsterinsights_skip_tracking":false,"_monsterinsights_sitenote_active":false,"_monsterinsights_sitenote_note":"","_monsterinsights_sitenote_category":0},"product_brand":[],"product_cat":[14787,13488],"product_tag":[],"class_list":{"0":"post-720022","1":"product","2":"type-product","3":"status-publish","5":"product_cat-diger-toplum-ve-insan","6":"product_cat-toplum-ve-insan","7":"pa_cilt-ciltsiz","8":"pa_tur-kitap","9":"pa_yayinevi-delidolu","10":"pa_yazar-rob-riemen","12":"first","13":"instock","14":"sale","15":"shipping-taxable","16":"purchasable","17":"product-type-simple"},"_links":{"self":[{"href":"https:\/\/roveyayinevi.com.tr\/index.php\/wp-json\/wp\/v2\/product\/720022","targetHints":{"allow":["GET"]}}],"collection":[{"href":"https:\/\/roveyayinevi.com.tr\/index.php\/wp-json\/wp\/v2\/product"}],"about":[{"href":"https:\/\/roveyayinevi.com.tr\/index.php\/wp-json\/wp\/v2\/types\/product"}],"wp:attachment":[{"href":"https:\/\/roveyayinevi.com.tr\/index.php\/wp-json\/wp\/v2\/media?parent=720022"}],"wp:term":[{"taxonomy":"product_brand","embeddable":true,"href":"https:\/\/roveyayinevi.com.tr\/index.php\/wp-json\/wp\/v2\/product_brand?post=720022"},{"taxonomy":"product_cat","embeddable":true,"href":"https:\/\/roveyayinevi.com.tr\/index.php\/wp-json\/wp\/v2\/product_cat?post=720022"},{"taxonomy":"product_tag","embeddable":true,"href":"https:\/\/roveyayinevi.com.tr\/index.php\/wp-json\/wp\/v2\/product_tag?post=720022"}],"curies":[{"name":"wp","href":"https:\/\/api.w.org\/{rel}","templated":true}]}}