{"id":720020,"date":"2025-08-27T18:30:19","date_gmt":"2025-08-27T15:30:19","guid":{"rendered":"https:\/\/roveyayinevi.com.tr\/index.php\/urun\/psikopolitika\/"},"modified":"2026-04-16T02:27:58","modified_gmt":"2026-04-15T23:27:58","slug":"psikopolitika","status":"publish","type":"product","link":"https:\/\/roveyayinevi.com.tr\/index.php\/urun\/psikopolitika\/","title":{"rendered":"Psikopolitika"},"content":{"rendered":"<p>&#8220;Kendini \u00f6zg\u00fcr sanan performans \u00f6znesi asl\u0131nda bir k\u00f6ledir. Efendisi olmaks\u0131z\u0131n kendini g\u00f6n\u00fcll\u00fc olarak s\u00f6m\u00fcrmesi \u00f6l\u00e7\u00fcs\u00fcnde mutlak k\u00f6ledir. Kar\u015f\u0131s\u0131nda art\u0131k onu \u00e7al\u0131\u015fmaya zorlayan bir efendi yoktur. Salt ya\u015fam\u0131 mutlakla\u015ft\u0131rarak \u00e7al\u0131\u015f\u0131r.\u201cBir giri\u015fimci olarak neoliberal \u00f6zne ba\u015fkalar\u0131yla ama\u00e7tan yoksun ili\u015fkilere girmekten acizdir. Giri\u015fimciler aras\u0131nda ama\u00e7tan yoksun bir dostluk olu\u015fmaz zaten. Halbuki \u00f6zg\u00fcr olmak k\u00f6ken olarak dostlar aras\u0131nda olmak anlam\u0131na gelir. \u00d6zg\u00fcrl\u00fck ve arkada\u015f kelimeleri Hint-Avrupa dil ailesinde ayn\u0131 k\u00f6ke sahiptir. \u00d6zg\u00fcrl\u00fck esas\u0131nda bir ili\u015fki kelimesidir. \u0130nsan kendini ancak iyi bir ili\u015fkide, di\u011fer insanlarla mutlu bir birliktelik i\u00e7inde ger\u00e7ekten \u00f6zg\u00fcr hisseder.\u201cYurtta\u015f t\u00fcketici haline gelmi\u015ftir. Yurtta\u015f\u0131n \u00f6zg\u00fcrl\u00fc\u011f\u00fc yerini t\u00fcketicinin edilginli\u011fine b\u0131rak\u0131r. T\u00fcketici olarak se\u00e7men bug\u00fcn siyasete, toplumu \u015fekillendirmekte etkin bir rol almaya ger\u00e7ek bir ilgi g\u00f6stermemektedir. Ortak siyasi eylem ger\u00e7ekle\u015ftirmeye ne iste\u011fi ne de yetene\u011fi vard\u0131r. Siyasete sadece edilgin bir bi\u00e7imde, homurdanarak, \u015fik\u00e2yet ederek tepki verir, t\u0131pk\u0131 ho\u015funa gitmeyen hizmet ya da mal sekt\u00f6r\u00fcne yapt\u0131\u011f\u0131 gibi. Siyaset\u00e7iler ve partiler de bu t\u00fcketim mant\u0131\u011f\u0131 uyar\u0131nca davran\u0131r. \u201cSunmak\u201d zorundad\u0131rlar. B\u00f6ylelikle de t\u00fcketici olarak se\u00e7meni tatmin etmesi gereken tedarik\u00e7iler durumuna d\u00fc\u015ferler.\u201dByung-Chul Han<\/p>\n","protected":false},"excerpt":{"rendered":"<p>&#8220;Kendini \u00f6zg\u00fcr sanan performans \u00f6znesi asl\u0131nda bir k\u00f6ledir. Efendisi olmaks\u0131z\u0131n kendini g\u00f6n\u00fcll\u00fc olarak s\u00f6m\u00fcrmesi \u00f6l\u00e7\u00fcs\u00fcnde mutlak k\u00f6ledir. Kar\u015f\u0131s\u0131nda art\u0131k onu \u00e7al\u0131\u015fmaya zorlayan bir efendi yoktur. Salt<span class=\"excerpt-hellip\"> [\u2026]<\/span><\/p>\n","protected":false},"featured_media":0,"template":"","meta":{"_monsterinsights_skip_tracking":false,"_monsterinsights_sitenote_active":false,"_monsterinsights_sitenote_note":"","_monsterinsights_sitenote_category":0},"product_brand":[],"product_cat":[12388,15536],"product_tag":[],"class_list":{"0":"post-720020","1":"product","2":"type-product","3":"status-publish","5":"product_cat-felsefe","6":"product_cat-siyaset-felsefesi","7":"pa_cilt-ciltsiz","8":"pa_tur-kitap","9":"pa_yayinevi-metis-yayinlari","10":"pa_yazar-byung-chul-han","12":"first","13":"instock","14":"sale","15":"shipping-taxable","16":"purchasable","17":"product-type-simple"},"_links":{"self":[{"href":"https:\/\/roveyayinevi.com.tr\/index.php\/wp-json\/wp\/v2\/product\/720020","targetHints":{"allow":["GET"]}}],"collection":[{"href":"https:\/\/roveyayinevi.com.tr\/index.php\/wp-json\/wp\/v2\/product"}],"about":[{"href":"https:\/\/roveyayinevi.com.tr\/index.php\/wp-json\/wp\/v2\/types\/product"}],"wp:attachment":[{"href":"https:\/\/roveyayinevi.com.tr\/index.php\/wp-json\/wp\/v2\/media?parent=720020"}],"wp:term":[{"taxonomy":"product_brand","embeddable":true,"href":"https:\/\/roveyayinevi.com.tr\/index.php\/wp-json\/wp\/v2\/product_brand?post=720020"},{"taxonomy":"product_cat","embeddable":true,"href":"https:\/\/roveyayinevi.com.tr\/index.php\/wp-json\/wp\/v2\/product_cat?post=720020"},{"taxonomy":"product_tag","embeddable":true,"href":"https:\/\/roveyayinevi.com.tr\/index.php\/wp-json\/wp\/v2\/product_tag?post=720020"}],"curies":[{"name":"wp","href":"https:\/\/api.w.org\/{rel}","templated":true}]}}