{"id":720019,"date":"2025-08-27T18:30:18","date_gmt":"2025-08-27T15:30:18","guid":{"rendered":"https:\/\/roveyayinevi.com.tr\/index.php\/urun\/tarihsel-surec-ve-arkeolojik-bulgular-baglaminda-bolu-seben-kaya-barinaklari-siginaklari\/"},"modified":"2026-04-16T02:27:58","modified_gmt":"2026-04-15T23:27:58","slug":"tarihsel-surec-ve-arkeolojik-bulgular-baglaminda-bolu-seben-kaya-barinaklari-siginaklari","status":"publish","type":"product","link":"https:\/\/roveyayinevi.com.tr\/index.php\/urun\/tarihsel-surec-ve-arkeolojik-bulgular-baglaminda-bolu-seben-kaya-barinaklari-siginaklari\/","title":{"rendered":"Tarihsel S\u00fcre\u00e7 ve Arkeolojik Bulgular Ba\u011flam\u0131nda Bolu Seben Kaya Bar\u0131naklar\u0131 \/ S\u0131\u011f\u0131naklar\u0131"},"content":{"rendered":"<p>Tarihsel S\u00fcre\u00e7 ve Arkeolojik Bulgular Ba\u011flam\u0131nda Bolu Seben Kaya Bar\u0131naklar\u0131 \/ S\u0131\u011f\u0131naklar\u0131<\/p>\n","protected":false},"excerpt":{"rendered":"<p>Tarihsel S\u00fcre\u00e7 ve Arkeolojik Bulgular Ba\u011flam\u0131nda Bolu Seben Kaya Bar\u0131naklar\u0131 \/ S\u0131\u011f\u0131naklar\u0131<\/p>\n","protected":false},"featured_media":0,"template":"","meta":{"_monsterinsights_skip_tracking":false,"_monsterinsights_sitenote_active":false,"_monsterinsights_sitenote_note":"","_monsterinsights_sitenote_category":0},"product_brand":[],"product_cat":[52477,52478],"product_tag":[],"class_list":{"0":"post-720019","1":"product","2":"type-product","3":"status-publish","5":"product_cat-arastirma","6":"product_cat-arkeoloji","7":"pa_cilt-ciltsiz","8":"pa_tur-kitap","9":"pa_yayinevi-bilgin-kultur-sanat","10":"pa_yazar-meral-ortac","12":"first","13":"instock","14":"sale","15":"shipping-taxable","16":"purchasable","17":"product-type-simple"},"_links":{"self":[{"href":"https:\/\/roveyayinevi.com.tr\/index.php\/wp-json\/wp\/v2\/product\/720019","targetHints":{"allow":["GET"]}}],"collection":[{"href":"https:\/\/roveyayinevi.com.tr\/index.php\/wp-json\/wp\/v2\/product"}],"about":[{"href":"https:\/\/roveyayinevi.com.tr\/index.php\/wp-json\/wp\/v2\/types\/product"}],"wp:attachment":[{"href":"https:\/\/roveyayinevi.com.tr\/index.php\/wp-json\/wp\/v2\/media?parent=720019"}],"wp:term":[{"taxonomy":"product_brand","embeddable":true,"href":"https:\/\/roveyayinevi.com.tr\/index.php\/wp-json\/wp\/v2\/product_brand?post=720019"},{"taxonomy":"product_cat","embeddable":true,"href":"https:\/\/roveyayinevi.com.tr\/index.php\/wp-json\/wp\/v2\/product_cat?post=720019"},{"taxonomy":"product_tag","embeddable":true,"href":"https:\/\/roveyayinevi.com.tr\/index.php\/wp-json\/wp\/v2\/product_tag?post=720019"}],"curies":[{"name":"wp","href":"https:\/\/api.w.org\/{rel}","templated":true}]}}